{"id":4179,"date":"2025-10-23T12:05:07","date_gmt":"2025-10-23T10:05:07","guid":{"rendered":"https:\/\/vilawatt.cat\/actualidad\/declaracio\/"},"modified":"2025-10-23T12:18:00","modified_gmt":"2025-10-23T10:18:00","slug":"declaracion","status":"publish","type":"page","link":"https:\/\/vilawatt.cat\/es\/actualidad\/declaracion\/","title":{"rendered":"Declaraci\u00f3 Vilawatt por la Electrificaci\u00f3n"},"content":{"rendered":"\n\n\t<h1>Declaraci\u00f3n Vilawatt por la Electrificaci\u00f3n de los Municipios para Descarbonizar la Sociedad<\/h1>\n\t<p><strong>3er Congreso de Transici\u00f3n Energ\u00e9tica Renovable y Ciudadana Vilawatt. Viladecans, 22 de octubre de 2025\u00a0<\/strong><\/p>\n<p>Desde Viladecans, ciudad anfitriona del 3er Congreso de Transici\u00f3n Energ\u00e9tica Renovable y Ciudadana Vilawatt, queremos compartir con el resto de los municipios y con el conjunto de la sociedad nuestra visi\u00f3n sobre el papel clave de la electrificaci\u00f3n en la lucha contra el cambio clim\u00e1tico.<\/p>\n<p>Frente a los impactos locales del calentamiento global, consideramos que la descarbonizaci\u00f3n de nuestra sociedad es la principal exigencia ambiental, econ\u00f3mica y social para garantizar pueblos y ciudades habitables hoy y en el futuro. Por ello, urge aplicar pol\u00edticas y acciones que permitan reducir de forma efectiva las emisiones de gases de efecto invernadero (GEI), en l\u00ednea con los compromisos adquiridos por Espa\u00f1a y la Uni\u00f3n Europea en los acuerdos internacionales.<\/p>\n<p>El modelo energ\u00e9tico actual, basado mayoritariamente en combustibles f\u00f3siles, es responsable del 75,7 % de las emisiones globales de GEI (2021). Superarlo exige adoptar cuanto antes un sistema energ\u00e9tico 100 % renovable, que promueva el ahorro y la eficiencia energ\u00e9tica, fomente el uso de fuentes limpias y de proximidad, y garantice la participaci\u00f3n de la ciudadan\u00eda.<\/p>\n<p>La electrificaci\u00f3n de la econom\u00eda -tanto en la producci\u00f3n como en el consumo de energ\u00eda- es el principal motor para lograr esa transformaci\u00f3n. Hoy ya contamos con tecnolog\u00edas renovables maduras, herramientas digitales avanzadas y costes competitivos. No obstante, persisten retos importantes: adaptar las redes de transporte y distribuci\u00f3n, electrificar sectores a\u00fan muy dependientes de los combustibles f\u00f3siles (movilidad, industria, climatizaci\u00f3n, etc.), y garantizar una transici\u00f3n justa y territorialmente equilibrada.<\/p>\n<p>Este cambio se desplegar\u00e1 principalmente en el \u00e1mbito local. Hemos de resaltar que el 83,9 % (2025) de la poblaci\u00f3n espa\u00f1ola vive en ciudades y el 69,3 % lo hace en poblaciones de m\u00e1s de 50.000 habitantes. Por tanto, nuestros municipios urbanos ser\u00e1n el principal escenario y el motor de esa transformaci\u00f3n energ\u00e9tica, que tendr\u00e1 un impacto directo en el urbanismo, el paisaje y el modo de vida de la ciudadan\u00eda. Por eso, reivindicamos el papel clave del mundo local como impulsor, y no mero espectador, de un nuevo modelo energ\u00e9tico: descarbonizado, renovable, m\u00e1s distribuido y con una implicaci\u00f3n creciente de la sociedad en su gobernanza.<\/p>\n<p><strong>Un llamamiento al compromiso institucional<\/strong><\/p>\n<p>Desde Vilawatt hacemos un llamamiento a situar a los municipios en el centro del dise\u00f1o de las nuevas pol\u00edticas energ\u00e9ticas en que la electrificaci\u00f3n ocupe un lugar prioritario en las estrategias de descarbonizaci\u00f3n y desarrollo sostenible.<\/p>\n<p>Para lograrlo, proponemos incorporar una serie de principios y medidas clave en todo proceso de planificaci\u00f3n, regulaci\u00f3n o ejecuci\u00f3n de acciones orientadas a la electrificaci\u00f3n del sistema energ\u00e9tico.<\/p>\n\t<h2><strong>Propuestas para una electrificaci\u00f3n justa y efectiva<\/strong><\/h2>\n\t\t\t<a href=\"#\" id=\"fl-accordion--label-0\" tabindex=\"0\" aria-controls=\"fl-accordion--panel-0\">1. Acceso universal a la energ\u00eda renovable<\/a>\n\t\t\t\t\t\t\t<a href=\"#\" id=\"fl-accordion--icon-0\" tabindex=\"0\" aria-controls=\"fl-accordion--panel-0\"><i>Expand<\/i><\/a>\n\t\t<p>Garantizar la electrificaci\u00f3n de todos los territorios, urbanos y rurales, como derecho b\u00e1sico de la ciudadan\u00eda. Se debe poner especial atenci\u00f3n en los peque\u00f1os municipios rurales, donde la electrificaci\u00f3n es hasta un 15 % inferior a la media nacional, mediante el despliegue y mejora de infraestructuras y servicios de distribuci\u00f3n el\u00e9ctrica.<\/p>\n\t\t\t<a href=\"#\" id=\"fl-accordion--label-1\" tabindex=\"0\" aria-controls=\"fl-accordion--panel-1\">2. Integraci\u00f3n de fuentes renovables<\/a>\n\t\t\t\t\t\t\t<a href=\"#\" id=\"fl-accordion--icon-1\" tabindex=\"0\" aria-controls=\"fl-accordion--panel-1\"><i>Expand<\/i><\/a>\n\t\t<p>Impulsar tecnolog\u00edas de generaci\u00f3n renovable en la planificaci\u00f3n urban\u00edstica, territorial, constructiva y energ\u00e9tica. La electrificaci\u00f3n con origen renovable debe ser objetivo transversal en todas las pol\u00edticas p\u00fablicas locales, como factor motivador y ejemplarizante del cambio energ\u00e9tico.<\/p>\n\t\t\t<a href=\"#\" id=\"fl-accordion--label-2\" tabindex=\"0\" aria-controls=\"fl-accordion--panel-2\">3. 3. Movilidad el\u00e9ctrica para todos los municipios<\/a>\n\t\t\t\t\t\t\t<a href=\"#\" id=\"fl-accordion--icon-2\" tabindex=\"0\" aria-controls=\"fl-accordion--panel-2\"><i>Expand<\/i><\/a>\n\t\t<p>Priorizar las ayudas al transporte colectivo electrificado en todos los territorios, con el objetivo de garantizar una movilidad sostenible tambi\u00e9n en municipios rurales o de menor tama\u00f1o. Resulta necesario mantener los incentivos para la electrificaci\u00f3n de flotas municipales, veh\u00edculos profesionales y particulares, as\u00ed como para la instalaci\u00f3n de puntos de recarga, especialmente en zonas con menor cobertura. Asimismo, deben establecerse planes espec\u00edficos dirigidos a rentas bajas y poblaci\u00f3n rural con escaso acceso al transporte p\u00fablico, con el fin de asegurar una transici\u00f3n justa.<\/p>\n\t\t\t<a href=\"#\" id=\"fl-accordion--label-3\" tabindex=\"0\" aria-controls=\"fl-accordion--panel-3\">4. Electrificaci\u00f3n de hogares, comercio e industria<\/a>\n\t\t\t\t\t\t\t<a href=\"#\" id=\"fl-accordion--icon-3\" tabindex=\"0\" aria-controls=\"fl-accordion--panel-3\"><i>Expand<\/i><\/a>\n\t\t<p>&#8211; Favorecer una estrategia activa de electrificaci\u00f3n de los usos t\u00e9rmicos y de climatizaci\u00f3n, as\u00ed como de todos los posibles usos industriales, facilitando la sustituci\u00f3n de tecnolog\u00edas contaminantes de origen f\u00f3sil por tecnolog\u00edas eficientes y renovables (bomba de calor, aerotermia, fotovoltaica para autoconsumo, etc.) para descarbonizar los consumos.<\/p>\n<p>&#8211; Reforzar planes de apoyo a los municipios y ciudadan\u00eda para renovar equipos e instalaciones emisores con criterios sociales y territoriales.<\/p>\n\t\t\t<a href=\"#\" id=\"fl-accordion--label-4\" tabindex=\"0\" aria-controls=\"fl-accordion--panel-4\">5. Comunidades energ\u00e9ticas y redes inteligentes<\/a>\n\t\t\t\t\t\t\t<a href=\"#\" id=\"fl-accordion--icon-4\" tabindex=\"0\" aria-controls=\"fl-accordion--panel-4\"><i>Expand<\/i><\/a>\n\t\t<p>&#8211; Desplegar normativa especial para facilitar la participaci\u00f3n de las entidades locales como motor de comunidades energ\u00e9ticas y autoconsumo compartido, sin limitaciones legales para ser competitivos en el mercado energ\u00e9tico.<\/p>\n<p>&#8211; Promover el desarrollo de redes el\u00e9ctricas inteligentes y uso de sistemas digitales que integren renovables, almacenamiento, movilidad sostenible y el empoderamiento del consumidor. Priorizar las planificaciones energ\u00e9ticas de los diferentes \u00e1mbitos territoriales para impulsar proyectos de energ\u00eda comunitaria y desarrollar nuevas redes el\u00e9ctricas inteligentes renovables en los municipios.<\/p>\n\t\t\t<a href=\"#\" id=\"fl-accordion--label-5\" tabindex=\"0\" aria-controls=\"fl-accordion--panel-5\">6. Impulso al gestor de agregaci\u00f3n energ\u00e9tica<\/a>\n\t\t\t\t\t\t\t<a href=\"#\" id=\"fl-accordion--icon-5\" tabindex=\"0\" aria-controls=\"fl-accordion--panel-5\"><i>Expand<\/i><\/a>\n\t\t<p>Regular y fomentar esta figura para gestionar recursos distribuidos, como comunidades energ\u00e9ticas o autoconsumo colectivo, favoreciendo el ahorro, la eficiencia energ\u00e9tica y la reducci\u00f3n de la factura el\u00e9ctrica de los consumidores finales.<\/p>\n\t\t\t<a href=\"#\" id=\"fl-accordion--label-6\" tabindex=\"0\" aria-controls=\"fl-accordion--panel-6\">7. Innovaci\u00f3n tecnol\u00f3gica y formaci\u00f3n profesional para un nuevo modelo<\/a>\n\t\t\t\t\t\t\t<a href=\"#\" id=\"fl-accordion--icon-6\" tabindex=\"0\" aria-controls=\"fl-accordion--panel-6\"><i>Expand<\/i><\/a>\n\t\t<p>&#8211; Dise\u00f1ar planes estables de innovaci\u00f3n local y formaci\u00f3n profesional en energ\u00eda limpia. Los municipios deben ser el espacio natural para capacitar a j\u00f3venes y personas en transici\u00f3n laboral, y para atraer empleo de calidad que ayude a fijar poblaci\u00f3n en zonas en riesgo de despoblaci\u00f3n.<\/p>\n<p>&#8211; Promover la innovaci\u00f3n tecnol\u00f3gica y la formaci\u00f3n profesional para facilitar la adaptaci\u00f3n laboral al nuevo modelo energ\u00e9tico, especialmente de j\u00f3venes y personas procedentes de sectores en declive ligados a los combustibles f\u00f3siles.\u00a0 Los municipios son entornos id\u00f3neos para impulsar la innovaci\u00f3n y la capacitaci\u00f3n ocupacional por su experiencia en proyectos locales exitosos. Esta funci\u00f3n debe consolidarse mediante planes estables y con recursos suficientes que refuercen la innovaci\u00f3n econ\u00f3mica y social del sector el\u00e9ctrico y faciliten la incorporaci\u00f3n de nueva fuerza laboral.<\/p>\n\t\t\t<a href=\"#\" id=\"fl-accordion--label-7\" tabindex=\"0\" aria-controls=\"fl-accordion--panel-7\">8. Fiscalidad local al servicio de la transici\u00f3n energ\u00e9tica<\/a>\n\t\t\t\t\t\t\t<a href=\"#\" id=\"fl-accordion--icon-7\" tabindex=\"0\" aria-controls=\"fl-accordion--panel-7\"><i>Expand<\/i><\/a>\n\t\t<p>Impulsar una revisi\u00f3n de la ley de haciendas locales para hacer obligatorias, y no s\u00f3lo voluntarias, las exenciones fiscales a las acciones de ahorro energ\u00e9tico del contribuyente aplicadas a impuestos y tasas municipales como IBI, ICIO, IAE e IVTM, entre otros. Dicha revisi\u00f3n estar\u00e1 condicionada a una compensaci\u00f3n adecuada a los ayuntamientos, a trav\u00e9s del sistema estatal de participaci\u00f3n en los tributos, para no comprometer sus recursos.<\/p>\n<p>Estas desgravaciones fiscales contribuir\u00e1n a fomentar el consumo eficiente, la electrificaci\u00f3n de las viviendas, las empresas y la movilidad, y permitir\u00e1n impulsar inversiones a largo plazo en todo tipo de municipios, independientemente de su tama\u00f1o o capacidad fiscal.<\/p>\n\t\t\t<a href=\"#\" id=\"fl-accordion--label-8\" tabindex=\"0\" aria-controls=\"fl-accordion--panel-8\">9. Nuevas competencias municipales en energ\u00eda y clima<\/a>\n\t\t\t\t\t\t\t<a href=\"#\" id=\"fl-accordion--icon-8\" tabindex=\"0\" aria-controls=\"fl-accordion--panel-8\"><i>Expand<\/i><\/a>\n\t\t<p>Modificar la legislaci\u00f3n b\u00e1sica local para dotar a los municipios de competencias claras en materia energ\u00e9tica, ambiental y de lucha contra la pobreza energ\u00e9tica que impulsen proyectos de energ\u00eda comunitaria o de adaptaci\u00f3n al cambio clim\u00e1tico. Esto permitir\u00e1 aplicar pol\u00edticas de proximidad, simplificar tr\u00e1mites administrativos y acelerar la instalaci\u00f3n de infraestructuras renovables.<\/p>\n\t\t\t\t<img decoding=\"async\" src=\"https:\/\/vilawatt.cat\/wp-content\/plugins\/bb-plugin\/img\/pixel.png\" alt=\"\" itemprop=\"image\" onerror=\"this.style.display='none'\"  \/>\n\t<h2>Una oportunidad estrat\u00e9gica para el pa\u00eds<\/h2>\n\t<p>El impulso europeo a la descarbonizaci\u00f3n, junto con el avance tecnol\u00f3gico y la ca\u00edda de costes en energ\u00edas renovables, ha permitido reducir notablemente las emisiones del sector el\u00e9ctrico. Sin embargo, el consumo el\u00e9ctrico sigue representando s\u00f3lo el 25 % del total energ\u00e9tico de Espa\u00f1a. Al mismo tiempo, nuestra dependencia energ\u00e9tica alcanz\u00f3 el 70,3 % en 2023, con importaciones valoradas en m\u00e1s de 63.000 millones de euros.<\/p>\n<p>La electrificaci\u00f3n de la econom\u00eda, especialmente en transporte, climatizaci\u00f3n y procesos industriales, es clave para reducir esa dependencia, ganar soberan\u00eda energ\u00e9tica y generar empleo local de calidad. Las empresas espa\u00f1olas del sector renovable ya son referentes internacionales en tecnolog\u00eda, ingenier\u00eda y servicios, y pueden liderar una reindustrializaci\u00f3n sostenible con impacto positivo en todo el territorio.<\/p>\n<p><strong>El momento es ahora<\/strong><\/p>\n<p>El Ayuntamiento y la ciudad de Viladecans reafirmamos que este es el momento de actuar desde lo local para descarbonizar. La electrificaci\u00f3n de los consumos finales es la v\u00eda m\u00e1s eficaz y justa.<\/p>\n<p>La transposici\u00f3n e implementaci\u00f3n de la normativa europea al marco legal nacional debe ser una prioridad para garantizar los compromisos de descarbonizaci\u00f3n y la aplicaci\u00f3n efectiva de las leyes de cambio clim\u00e1tico y transici\u00f3n energ\u00e9tica, tanto estatales como auton\u00f3micas, as\u00ed como del <a href=\"https:\/\/www.bing.com\/ck\/a?!&amp;&amp;p=06c6b58902994c6801f16fa7e794a8ea2331197696bdecd771b38604b1fc5aa4JmltdHM9MTc2MDkxODQwMA&amp;ptn=3&amp;ver=2&amp;hsh=4&amp;fclid=1daa780b-5801-6d6e-26f7-6c67591b6cdc&amp;psq=PNIEC&amp;u=a1aHR0cHM6Ly93d3cubWl0ZWNvLmdvYi5lcy9lcy9wcmVuc2EvcG5pZWMuaHRtbA&amp;ntb=1\">Plan Nacional Integrado de Energ\u00eda y Clima<\/a> (PNIEC) y las planificaciones energ\u00e9ticas regionales.<\/p>\n<p>Ninguna planificaci\u00f3n ni objetivo de electrificaci\u00f3n y descarbonizaci\u00f3n podr\u00e1 alcanzarse con \u00e9xito sin la participaci\u00f3n y coordinada de los municipios. S\u00f3lo si sumamos fuerzas entre administraciones, ciudadan\u00eda y tejido econ\u00f3mico, cumpliremos nuestros compromisos ambientales y, adem\u00e1s, lo haremos del modo m\u00e1s eficiente, justo y rentable para el conjunto de la sociedad.<\/p>\n\n","protected":false},"excerpt":{"rendered":"<div class=\"entry-summary\">\n<div class=\"entry-summary\">\nDeclaraci\u00f3n Vilawatt por la Electrificaci\u00f3n de los Municipios para Descarbonizar la Sociedad 3er Congreso de Transici\u00f3n Energ\u00e9tica Renovable y Ciudadana Vilawatt. Viladecans, 22 de octubre de 2025\u00a0 Desde Viladecans, ciudad anfitriona del 3er Congreso de Transici\u00f3n Energ\u00e9tica Renovable y Ciudadana&hellip;\n<\/div>\n<div class=\"link-more\"><a href=\"https:\/\/vilawatt.cat\/es\/actualidad\/declaracion\/\" class=\"more-link\">Continue reading<span class=\"screen-reader-text\"> &ldquo;Declaraci\u00f3 Vilawatt por la Electrificaci\u00f3n&rdquo;<\/span>&hellip;<\/a><\/div>\n<\/div>\n<div class=\"link-more\"><a href=\"https:\/\/vilawatt.cat\/es\/actualidad\/declaracion\/\" class=\"more-link\">Continue reading<span class=\"screen-reader-text\"> &ldquo;Declaraci\u00f3 Vilawatt por la Electrificaci\u00f3n&rdquo;<\/span>&hellip;<\/a><\/div>\n","protected":false},"author":3,"featured_media":0,"parent":2144,"menu_order":0,"comment_status":"closed","ping_status":"closed","template":"","meta":{"_acf_changed":false,"inline_featured_image":false,"footnotes":""},"class_list":["post-4179","page","type-page","status-publish","hentry","entry"],"acf":[],"_links":{"self":[{"href":"https:\/\/vilawatt.cat\/es\/wp-json\/wp\/v2\/pages\/4179","targetHints":{"allow":["GET"]}}],"collection":[{"href":"https:\/\/vilawatt.cat\/es\/wp-json\/wp\/v2\/pages"}],"about":[{"href":"https:\/\/vilawatt.cat\/es\/wp-json\/wp\/v2\/types\/page"}],"author":[{"embeddable":true,"href":"https:\/\/vilawatt.cat\/es\/wp-json\/wp\/v2\/users\/3"}],"replies":[{"embeddable":true,"href":"https:\/\/vilawatt.cat\/es\/wp-json\/wp\/v2\/comments?post=4179"}],"version-history":[{"count":2,"href":"https:\/\/vilawatt.cat\/es\/wp-json\/wp\/v2\/pages\/4179\/revisions"}],"predecessor-version":[{"id":4181,"href":"https:\/\/vilawatt.cat\/es\/wp-json\/wp\/v2\/pages\/4179\/revisions\/4181"}],"up":[{"embeddable":true,"href":"https:\/\/vilawatt.cat\/es\/wp-json\/wp\/v2\/pages\/2144"}],"wp:attachment":[{"href":"https:\/\/vilawatt.cat\/es\/wp-json\/wp\/v2\/media?parent=4179"}],"curies":[{"name":"wp","href":"https:\/\/api.w.org\/{rel}","templated":true}]}}