{"id":3743,"date":"2025-01-17T09:22:49","date_gmt":"2025-01-17T08:22:49","guid":{"rendered":"https:\/\/vilawatt.cat\/energiacompartida\/"},"modified":"2025-01-17T10:53:24","modified_gmt":"2025-01-17T09:53:24","slug":"energiacompartida","status":"publish","type":"page","link":"https:\/\/vilawatt.cat\/es\/energiacompartida\/","title":{"rendered":"Autoconsumo municipal compartido con la ciudadan\u00eda"},"content":{"rendered":"\n\n\t<h1>Autoconsumo municipal compartido con la ciudadan\u00eda<\/h1>\n\t<p>El Ayuntamiento de Viladecans trabaja para hacer realidad un proyecto de autoconsumo municipal compartido con la ciudadan\u00eda. A partir de la instalaci\u00f3n de placas fotovoltaicas en casi una veintena de equipamientos municipales entre los a\u00f1os 2023 y 2024, la iniciativa apuesta por <strong>compartir los excendentes energ\u00e9ticos con personas de la ciudad<\/strong>.   <\/p>\n<p>Viladecans tiene entre sus Misiones de Ciudad ser neutra de emisiones en 2030. El 45% de las acciones de la Agenda Urbana Local est\u00e1n orientadas a este objetivo. Este proyecto municipal de energ\u00eda comunitaria es una de las acciones para contribuir, cambiando el modelo energ\u00e9tico.   <\/p>\n<p>El programa de autoconsumo municipal compartido con la ciudadan\u00eda da el <strong>pistoletazo de salida con dos pruebas piloto<\/strong>, en la Escola Enxaneta y en el Mercat Municipal de Pla\u00e7a Europa.  <\/p>\n<p>A partir de esta experiencia, <strong>se trabaja para ampliarlo para compartir energ\u00eda de otros equipamientos municipales a ciudadan\u00eda interesada <\/strong> que est\u00e9 a menos de dos kil\u00f3metros de distancia.<\/p>\n\t<h2>Pruebas Piloto<\/h2>\n\t\t\t<a href=\"#\" id=\"fl-accordion--label-0\" tabindex=\"0\" aria-controls=\"fl-accordion--panel-0\">Escola Enxaneta<\/a>\n\t\t\t\t\t\t\t<a href=\"#\" id=\"fl-accordion--icon-0\" tabindex=\"0\" aria-controls=\"fl-accordion--panel-0\"><i>Expand<\/i><\/a>\n\t\t<p><img decoding=\"async\" src=\"https:\/\/vilawatt.cat\/wp-content\/uploads\/2025\/01\/actes_dagenda_21_1-744x419.jpg\" alt=\"\" width=\"744\" height=\"419\" \/><\/p>\n<p>50 kW para repartir entre 32 familias. Puesta en marcha prevista para el verano del 2025.<\/p>\n\t\t\t<a href=\"#\" id=\"fl-accordion--label-1\" tabindex=\"0\" aria-controls=\"fl-accordion--panel-1\">Mercat Municipal Pla\u00e7a Europa<\/a>\n\t\t\t\t\t\t\t<a href=\"#\" id=\"fl-accordion--icon-1\" tabindex=\"0\" aria-controls=\"fl-accordion--panel-1\"><i>Expand<\/i><\/a>\n\t\t<p><img decoding=\"async\" src=\"https:\/\/vilawatt.cat\/wp-content\/uploads\/2025\/01\/plaques-mercat-744x1321.jpg\" alt=\"\" width=\"744\" height=\"1321\" \/><\/p>\n<p>30kW para repartir entre 12 paradistas del equipamento comercial. Puesta en marcha en el oto\u00f1o del 2024.<\/p>\n\t<p><strong>\u00bfEn qu\u00e9 est\u00e1 trabajando actualmente el Ayuntamiento para dar forma al proyecto?<\/strong><\/p>\n<ol>\n<li><strong>Dimensionar las instalaciones fotovoltaicas <\/strong>para planificar todos los servicios que pueden cubrir, incluidos nuevos puntos de carga de veh\u00edculos el\u00e9ctricos tanto municipales como abiertos a la ciudadan\u00eda, y repensar el sistema de contrataci\u00f3n del suministro el\u00e9ctrico propio.<\/li>\n<li>Configurar una <strong>red de autoconsumo municipal<\/strong> con todas las instalaciones fotovoltaicas municipales.<\/li>\n<li>Crear un <strong>plan de mantenimiento y gesti\u00f3n de las instalaciones<\/strong> para valorar si se gestiona de manera interna o externa.<\/li>\n<li>Calcular la <strong>energia excedentaria<\/strong> que se podr\u00e1 compartir con la ciudadan\u00eda a precios econ\u00f3micos (din\u00e1micos seg\u00fan el tiempo y la meteorolog\u00eda).<\/li>\n<li>Crear un <strong>reglamento para definir la participaci\u00f3n<\/strong> ciudadana, que incluya tanto el porcentaje de participaci\u00f3n como las tasas que se deriven.<\/li>\n<\/ol>\n<p><strong>Vilawatt tambi\u00e9n fomenta proyecos de energia comunitaria protagonizados \u00edntegramente por la ciudadan\u00eda. Conoce m\u00e1s aqu\u00ed sobre la <a href=\"http:\/\/vilawatt.cat\/es\/comunidades\">iniciativa &#8216;Con\u00e9ctate al sol&#8217;<\/a>. <\/strong><\/p>\n\n","protected":false},"excerpt":{"rendered":"<div class=\"entry-summary\">\n<div class=\"entry-summary\">\nAutoconsumo municipal compartido con la ciudadan\u00eda El Ayuntamiento de Viladecans trabaja para hacer realidad un proyecto de autoconsumo municipal compartido con la ciudadan\u00eda. A partir de la instalaci\u00f3n de placas fotovoltaicas en casi una veintena de equipamientos municipales entre los&hellip;\n<\/div>\n<div class=\"link-more\"><a href=\"https:\/\/vilawatt.cat\/es\/energiacompartida\/\" class=\"more-link\">Continue reading<span class=\"screen-reader-text\"> &ldquo;Autoconsumo municipal compartido con la ciudadan\u00eda&rdquo;<\/span>&hellip;<\/a><\/div>\n<\/div>\n<div class=\"link-more\"><a href=\"https:\/\/vilawatt.cat\/es\/energiacompartida\/\" class=\"more-link\">Continue reading<span class=\"screen-reader-text\"> &ldquo;Autoconsumo municipal compartido con la ciudadan\u00eda&rdquo;<\/span>&hellip;<\/a><\/div>\n","protected":false},"author":3,"featured_media":3728,"parent":0,"menu_order":0,"comment_status":"closed","ping_status":"closed","template":"","meta":{"_acf_changed":false,"inline_featured_image":false,"footnotes":""},"class_list":["post-3743","page","type-page","status-publish","has-post-thumbnail","hentry","entry"],"acf":[],"_links":{"self":[{"href":"https:\/\/vilawatt.cat\/es\/wp-json\/wp\/v2\/pages\/3743","targetHints":{"allow":["GET"]}}],"collection":[{"href":"https:\/\/vilawatt.cat\/es\/wp-json\/wp\/v2\/pages"}],"about":[{"href":"https:\/\/vilawatt.cat\/es\/wp-json\/wp\/v2\/types\/page"}],"author":[{"embeddable":true,"href":"https:\/\/vilawatt.cat\/es\/wp-json\/wp\/v2\/users\/3"}],"replies":[{"embeddable":true,"href":"https:\/\/vilawatt.cat\/es\/wp-json\/wp\/v2\/comments?post=3743"}],"version-history":[{"count":3,"href":"https:\/\/vilawatt.cat\/es\/wp-json\/wp\/v2\/pages\/3743\/revisions"}],"predecessor-version":[{"id":3747,"href":"https:\/\/vilawatt.cat\/es\/wp-json\/wp\/v2\/pages\/3743\/revisions\/3747"}],"wp:featuredmedia":[{"embeddable":true,"href":"https:\/\/vilawatt.cat\/es\/wp-json\/wp\/v2\/media\/3728"}],"wp:attachment":[{"href":"https:\/\/vilawatt.cat\/es\/wp-json\/wp\/v2\/media?parent=3743"}],"curies":[{"name":"wp","href":"https:\/\/api.w.org\/{rel}","templated":true}]}}