{"id":3470,"date":"2024-11-05T16:25:16","date_gmt":"2024-11-05T15:25:16","guid":{"rendered":"https:\/\/vilawatt.cat\/?page_id=3470"},"modified":"2024-11-12T14:40:54","modified_gmt":"2024-11-12T13:40:54","slug":"rehabilitaciones","status":"publish","type":"page","link":"https:\/\/vilawatt.cat\/es\/rehabilitaciones\/","title":{"rendered":"Rehabilitaciones energ\u00e9ticas"},"content":{"rendered":"\n\n\t<h1>rehabilitaciones energ\u00e9ticas<\/h1>\n\t<h2>REHABILITACIONES ENERG\u00c9TICAS<\/h2>\n<p><strong>El mejor camino para ahorrar energ\u00eda<\/strong><\/p>\n<p>Mejorar el estado del edificio y tambi\u00e9n su eficiencia energ\u00e9tica es posible con una rehabilitaci\u00f3n energ\u00e9tica:<\/p>\n<ul>\n<li aria-level=\"1\">Implica reducir la demanda energ\u00e9tica y aprovechar las energ\u00edas renovables.<\/li>\n<li aria-level=\"1\">Contribuye a la reducci\u00f3n de las emisiones de efecto invernadero.<\/li>\n<li aria-level=\"1\">Permite tener m\u00e1s confort en casa con menos consumo.<\/li>\n<li aria-level=\"1\">Mejora las condiciones de aislamiento, el confort t\u00e9rmico y ac\u00fastico de los usuarios del edificio y aumenta la calidad de vida de sus ocupantes.<\/li>\n<li aria-level=\"1\">Permite reducir el gasto energ\u00e9tico. El coste de algunas de las mejoras se puede recuperar gracias a estos ahorros, mientras que a la vez habremos revalorizado nuestra vivienda.<\/li>\n<\/ul>\n<p><strong>Un buen momento para la rehabilitaci\u00f3n: ayudas y subvenciones<\/strong><\/p>\n<p>El impulso de la transici\u00f3n energ\u00e9tica provoca que las administraciones faciliten econ\u00f3micamente la transformaci\u00f3n de los edificios para que consuman menos energ\u00eda.<\/p>\n<p>En el apartado <a href=\"https:\/\/vilawatt.cat\/es\/actualidad\/subvenciones-y-ayudas-para-la-ciudadania-y-empresas-para-implantar-la-ter\/\">ayudas y subenciones<\/a> se pueden consultar las bonificaciones fiscales en Viladecans y las <a href=\"https:\/\/www.cmh.cat\/home\">ayudas directas con fondos europeos<\/a> para sufragar actuaciones a trav\u00e9s del Consorci Metropolit\u00e0 de l&#8217;Habitatge.<\/p>\n<p><strong>Toma tus decisiones con toda la informaci\u00f3n<\/strong><\/p>\n<p>El Consorci pone a disposici\u00f3n de la ciudadan\u00eda dos herramientas para que tengan en cuenta toda la informaci\u00f3n necesaria sobre su edificio a la hora de hacar una rehabilitaci\u00f3n energ\u00e9tica. Por un lado hay un <a href=\"https:\/\/www.cmh.cat\/web\/cmh\/ajuts\/visor\">visor<\/a> que permite conocer la tipologia de ayudas que puede tener un edificio y, por otro, un <a href=\"https:\/\/www.cmh.cat\/es\/web\/cmh\/ajuts\/simulador-energetic\">simulador<\/a> que ofrece el listado de medidas que habr\u00eda que aplicar para ir mejorando el certificado energ\u00e9tico y la financiaci\u00f3n necesaria.<\/p>\n<p>Por otra parte, el Instituto para la Diversificaci\u00f3n y el Ahorro de Energ\u00eda (IDAE), del Gobierno de Espa\u00f1a, ofrece un <a href=\"https:\/\/www.idae.es\/tecnologias\/eficiencia-energetica\/transformacion-de-la-energia\/mapa-de-calor-de-espana\">mapa de calor<\/a> que permite\u00a0identificar zonas con potencial t\u00e9cnico para llevar a cabo proyectos de calefacci\u00f3n y refrigeraci\u00f3n eficiente.<\/p>\n<div class=\"wm-call-to-action\"><div class=\"wm-call-to-action-content wm-call-to-action-element\"><p><strong>Consulta aqu\u00ed el Cat\u00e1logo de Empresas y Servicios Vilawatt que pueden ayudarte a desarrollar tu rehabilitaci\u00f3n<\/strong><\/p><\/div><div class=\"wm-call-to-action-button wm-call-to-action-element\"><a href=\"https:\/\/vilawatt.cat\/es\/catalogo\/\" class=\"wm-button button size-large\" target=\"_blank\"><span class=\"icon-ion-link\" aria-hidden=\"true\"> <\/span>ABRIR ENLACE<\/a><\/div><\/div>\n","protected":false},"excerpt":{"rendered":"<div class=\"entry-summary\">\n<div class=\"entry-summary\">\nrehabilitaciones energ\u00e9ticas REHABILITACIONES ENERG\u00c9TICAS El mejor camino para ahorrar energ\u00eda Mejorar el estado del edificio y tambi\u00e9n su eficiencia energ\u00e9tica es posible con una rehabilitaci\u00f3n energ\u00e9tica: Implica reducir la demanda energ\u00e9tica y aprovechar las energ\u00edas renovables. Contribuye a la reducci\u00f3n&hellip;\n<\/div>\n<div class=\"link-more\"><a href=\"https:\/\/vilawatt.cat\/es\/rehabilitaciones\/\" class=\"more-link\">Continue reading<span class=\"screen-reader-text\"> &ldquo;Rehabilitaciones energ\u00e9ticas&rdquo;<\/span>&hellip;<\/a><\/div>\n<\/div>\n<div class=\"link-more\"><a href=\"https:\/\/vilawatt.cat\/es\/rehabilitaciones\/\" class=\"more-link\">Continue reading<span class=\"screen-reader-text\"> &ldquo;Rehabilitaciones energ\u00e9ticas&rdquo;<\/span>&hellip;<\/a><\/div>\n","protected":false},"author":3,"featured_media":0,"parent":0,"menu_order":0,"comment_status":"closed","ping_status":"closed","template":"","meta":{"_acf_changed":false,"inline_featured_image":false,"footnotes":""},"class_list":["post-3470","page","type-page","status-publish","hentry","entry"],"acf":[],"_links":{"self":[{"href":"https:\/\/vilawatt.cat\/es\/wp-json\/wp\/v2\/pages\/3470","targetHints":{"allow":["GET"]}}],"collection":[{"href":"https:\/\/vilawatt.cat\/es\/wp-json\/wp\/v2\/pages"}],"about":[{"href":"https:\/\/vilawatt.cat\/es\/wp-json\/wp\/v2\/types\/page"}],"author":[{"embeddable":true,"href":"https:\/\/vilawatt.cat\/es\/wp-json\/wp\/v2\/users\/3"}],"replies":[{"embeddable":true,"href":"https:\/\/vilawatt.cat\/es\/wp-json\/wp\/v2\/comments?post=3470"}],"version-history":[{"count":5,"href":"https:\/\/vilawatt.cat\/es\/wp-json\/wp\/v2\/pages\/3470\/revisions"}],"predecessor-version":[{"id":3523,"href":"https:\/\/vilawatt.cat\/es\/wp-json\/wp\/v2\/pages\/3470\/revisions\/3523"}],"wp:attachment":[{"href":"https:\/\/vilawatt.cat\/es\/wp-json\/wp\/v2\/media?parent=3470"}],"curies":[{"name":"wp","href":"https:\/\/api.w.org\/{rel}","templated":true}]}}