{"id":3137,"date":"2024-07-15T14:24:38","date_gmt":"2024-07-15T12:24:38","guid":{"rendered":"https:\/\/vilawatt.cat\/?page_id=3137"},"modified":"2024-10-07T14:32:09","modified_gmt":"2024-10-07T12:32:09","slug":"lecturasconenergia","status":"publish","type":"page","link":"https:\/\/vilawatt.cat\/es\/actualidad\/lecturasconenergia\/","title":{"rendered":"Lecturas con buena energ\u00eda"},"content":{"rendered":"\n\n\t<h1>Lecturas con buena energ\u00eda<\/h1>\n\t<p>El saber no ocupa lugar, y aquel que tiene que ver con las energ\u00edas renovables, adem\u00e1s ayuda a hacer crecer el compromiso ambiental con el planeta. Por eso, se pone en marcha &#8216;Lecturas con buena energ\u00eda&#8217;,<strong> un nuevo ciclo de encuentros en torno a libros actuales que ofrecen claves a la ciudadan\u00eda para hacer frente a la transici\u00f3n energ\u00e9tica.<\/strong> La iniciativa est\u00e1 organizada por el Ayuntamiento, con la colaboraci\u00f3n de la <a href=\"https:\/\/vilawatt.cat\/es\/que-som\/participacion-ciudadana\/\" data-type=\"link\" data-id=\"https:\/\/vilawatt.cat\/que-som\/participacio-ciutadana\/\">Associaci\u00f3 Ciutadana Vilawatt<\/a> y de la librer\u00eda Els Nou Rals.<\/p>\n\t<h2>SESIONES REALIZADAS<\/h2>\n\t\t\t<a href=\"#\" id=\"fl-accordion--label-0\" tabindex=\"0\" aria-controls=\"fl-accordion--panel-0\"><b>CONVERSAMOS CON DANIEL P\u00c9REZ, DIRECTOR DE L&#8217;ENERG\u00c8TICA, L&#8217;EMPRESA P\u00daBLICA D&#8217;ENERGIA DE CATALUNYA<\/b> | 19 DE SETEMBRE DEL 2024, BIBLIOTECA DE VILADECANS<\/a>\n\t\t\t\t\t\t\t<a href=\"#\" id=\"fl-accordion--icon-0\" tabindex=\"0\" aria-controls=\"fl-accordion--panel-0\"><i>Collapse<\/i><\/a>\n\t\t<p>&nbsp;<\/p>\n<p>Daniel P\u00e9rez nos acerc\u00f3 a algunas de las ideas clave de su libro, &#8216;La superpotencia renovable&#8217;, destacando que el <strong>potencial de las energ\u00edas renovables para el futuro y la reindustrializaci\u00f3n del pa\u00eds<\/strong>. \u00abPor una vez nuestro pa\u00eds tiene una mano ganadora y ahora debemos saber jugarla bien\u00bb, apunt\u00f3, insistiendo en que hay que defender esa ventaja competitiva \u00abincluso dentro de Europa, donde a muchos quiz\u00e1s no les interesan las nuestras cartas y que <strong>seamos la potencia regional europea energ\u00e9tica<\/strong>\u00ab. Para convertirse en potencia dentro de Europa, \u00abnuestro rival es el Mar del Norte con la energ\u00eda e\u00f3lica\u00bb, apunt\u00f3.<\/p>\n<p>P\u00e9rez explic\u00f3 c\u00f3mo la guerra de Ucrania evidenci\u00f3 la necesidad urgente de acelerar la transici\u00f3n energ\u00e9tica frente a un <strong>modelo f\u00f3sil caro, sucio y que depende de reg\u00edmenes poco democr\u00e1ticos<\/strong>. Una transformaci\u00f3n que, para Espa\u00f1a, est\u00e1 mucho m\u00e1s al alcance porque tiene una ventaja competitiva brutal en energ\u00eda renovable: el sol y el viento. Adem\u00e1s, apunt\u00f3 que las energ\u00edas limpias son ya m\u00e1s econ\u00f3micas que las sucias.<\/p>\n<p>La soluci\u00f3n, seg\u00fan P\u00e9rez, pasa por una <strong>electrificaci\u00f3n intensiva de la sociedad<\/strong>, puesto que podemos obtener gran parte de la electricidad de fuentes renovables. As\u00ed, asegur\u00f3 que debe haber una misi\u00f3n de pa\u00eds de electrificaci\u00f3n para invertir la actual situaci\u00f3n en la que un tercio del consumo es el\u00e9ctrico.<\/p>\n<p>Esta misi\u00f3n, dijo, debe empezar por el transporte, y no s\u00f3lo dentro de las ciudades, incorporando las mercanc\u00edas ferroviarias para sacar camiones de las carreteras, los barcos y vuelos de corto radio. En cuanto a menor escala, apunt\u00f3 como claves la <strong>gesti\u00f3n de la demanda y las bater\u00edas<\/strong>.<\/p>\n<p>P\u00e9rez apunt\u00f3 tambi\u00e9n que <strong>es necesario \u00abrebajar la ansiedad\u00bb, especialmente en lo que se refiere a las infraestructuras,<\/strong> como la falta de puntos de recarga o la rentabilidad de las placas solares, temas que \u00abse pueden superar con una legislaci\u00f3n adecuada y acciones concretas\u00bb \u00ab. Tambi\u00e9n subray\u00f3 la necesidad de vencer las reticencias sociales, especialmente en el mundo rural, destacando las ventajas reales de las instalaciones renovables y la mejora que aportan las redes el\u00e9ctricas.<\/p>\n<p>Todo ello, insisti\u00f3 P\u00e9rez, permitir\u00e1 <strong>atraer a industrias que aprovechen nuestra energ\u00eda barata<\/strong>, ya que la energ\u00eda es muy costosa de exportar, y por tanto podremos exportar productos industriales y no energ\u00eda.<\/p>\n<p>&nbsp;<\/p>\n<h2>CONSULTA LA PRESENTACI\u00d3N<\/h2>\n<a href=\"https:\/\/www.viladecans.cat\/sites\/default\/files\/documents\/presentacio_viladecans_dani_perez.pdf\" target=\"_blank\" rel=\"noopener\">ABRIR ENLACE<\/a>\n\t\t\t<a href=\"#\" id=\"fl-accordion--label-0\" tabindex=\"0\" aria-controls=\"fl-accordion--panel-0\"><b>CONVERSAMOS CON CARLES RIBA I ROMEVA, SOBRE SU LIBRO ENERG\u00cdA. UNA INMERSI\u00d3N R\u00c0PIDA&#8217;<\/b> | 18 DE JUNIO DEL 2024, ATENEU PABLO PICASSO<\/a>\n\t\t\t\t\t\t\t<a href=\"#\" id=\"fl-accordion--icon-0\" tabindex=\"0\" aria-controls=\"fl-accordion--panel-0\"><i>Collapse<\/i><\/a>\n\t\t<p><img decoding=\"async\" src=\"https:\/\/vilawatt.cat\/wp-content\/uploads\/2024\/07\/448659919_776721877986016_2906845812005494193_n-1920x1080.jpg\" alt=\"Lectures amb bona energia\" width=\"1200\" height=\"675\" \/><\/p>\n<p>En la primera sesi\u00f3n del ciclo &#8216;Lecturas con energ\u00eda&#8217;, el<strong> presidente del Colectivo por un nuevo Modelo Energ\u00e9tico y Social Sostenible (CMES)<\/strong>, nos acerc\u00f3 desde la rigurosidad de los datos, pero con un tono did\u00e1ctico, al estado actual de la transici\u00f3n energ\u00e9tica renovable.<\/p>\n<p>El catedr\u00e1tico em\u00e9rito de la Universidad Polit\u00e9cnica de Catalunya destac\u00f3 c\u00f3mo la crisis energ\u00e9tica lleva a un cambio de paradigma que supone tambi\u00e9n un cambio de civilizaci\u00f3n. Riba <strong>sustent\u00f3 con datos por qu\u00e9 es importante la eficiencia energ\u00e9tica en esta nueva etapa y situ\u00f3 el cambio de actitud de la ciudadan\u00eda y el territorio como elementos clave del nuevo sistema<\/strong>. Adem\u00e1s, reivindic\u00f3 acciones decididas para promover las cubiertas solares, una movilidad sostenible, una gesti\u00f3n forestal que genere energ\u00eda y revertir el despoblamiento rural.<\/p>\n<h2>CONSULTA LA PRESENTACI\u00d3N<\/h2>\n<p>Primera parte<\/p>\n<a href=\"https:\/\/cmes.cat\/wp-content\/uploads\/2024\/06\/Presentaci\u00f3-1\u00aa-part-1.pdf\" target=\"_blank\" rel=\"noopener\">ABRIR ENLACE<\/a>\nSegunda parte\n<a href=\"https:\/\/cmes.cat\/wp-content\/uploads\/2024\/06\/Presentaci\u00f3-2\u00aa-part-1.pdf\" target=\"_blank\" rel=\"noopener\">ABRIR ENLACE<\/a>\n\t\t\t\t<img decoding=\"async\" src=\"https:\/\/vilawatt.cat\/wp-content\/plugins\/bb-plugin\/img\/pixel.png\" alt=\"\" itemprop=\"image\" onerror=\"this.style.display='none'\"  \/>\n\n","protected":false},"excerpt":{"rendered":"<div class=\"entry-summary\">\n<div class=\"entry-summary\">\nLecturas con buena energ\u00eda El saber no ocupa lugar, y aquel que tiene que ver con las energ\u00edas renovables, adem\u00e1s ayuda a hacer crecer el compromiso ambiental con el planeta. Por eso, se pone en marcha &#8216;Lecturas con buena energ\u00eda&#8217;,&hellip;\n<\/div>\n<div class=\"link-more\"><a href=\"https:\/\/vilawatt.cat\/es\/actualidad\/lecturasconenergia\/\" class=\"more-link\">Continue reading<span class=\"screen-reader-text\"> &ldquo;Lecturas con buena energ\u00eda&rdquo;<\/span>&hellip;<\/a><\/div>\n<\/div>\n<div class=\"link-more\"><a href=\"https:\/\/vilawatt.cat\/es\/actualidad\/lecturasconenergia\/\" class=\"more-link\">Continue reading<span class=\"screen-reader-text\"> &ldquo;Lecturas con buena energ\u00eda&rdquo;<\/span>&hellip;<\/a><\/div>\n","protected":false},"author":3,"featured_media":0,"parent":2144,"menu_order":0,"comment_status":"closed","ping_status":"closed","template":"","meta":{"_acf_changed":false,"inline_featured_image":false,"footnotes":""},"class_list":["post-3137","page","type-page","status-publish","hentry","entry"],"acf":[],"_links":{"self":[{"href":"https:\/\/vilawatt.cat\/es\/wp-json\/wp\/v2\/pages\/3137","targetHints":{"allow":["GET"]}}],"collection":[{"href":"https:\/\/vilawatt.cat\/es\/wp-json\/wp\/v2\/pages"}],"about":[{"href":"https:\/\/vilawatt.cat\/es\/wp-json\/wp\/v2\/types\/page"}],"author":[{"embeddable":true,"href":"https:\/\/vilawatt.cat\/es\/wp-json\/wp\/v2\/users\/3"}],"replies":[{"embeddable":true,"href":"https:\/\/vilawatt.cat\/es\/wp-json\/wp\/v2\/comments?post=3137"}],"version-history":[{"count":6,"href":"https:\/\/vilawatt.cat\/es\/wp-json\/wp\/v2\/pages\/3137\/revisions"}],"predecessor-version":[{"id":3380,"href":"https:\/\/vilawatt.cat\/es\/wp-json\/wp\/v2\/pages\/3137\/revisions\/3380"}],"up":[{"embeddable":true,"href":"https:\/\/vilawatt.cat\/es\/wp-json\/wp\/v2\/pages\/2144"}],"wp:attachment":[{"href":"https:\/\/vilawatt.cat\/es\/wp-json\/wp\/v2\/media?parent=3137"}],"curies":[{"name":"wp","href":"https:\/\/api.w.org\/{rel}","templated":true}]}}