{"id":3059,"date":"2024-06-27T16:26:10","date_gmt":"2024-06-27T14:26:10","guid":{"rendered":"https:\/\/vilawatt.cat\/congreso-nacional-de-transicion-energetica-y-ciudadana-vilawatt\/"},"modified":"2024-12-12T09:25:50","modified_gmt":"2024-12-12T08:25:50","slug":"congres2023","status":"publish","type":"page","link":"https:\/\/vilawatt.cat\/es\/congres2023\/","title":{"rendered":"1er Congreso Nacional de Transici\u00f3n Energ\u00e9tica y Ciudadana Vilawatt"},"content":{"rendered":"\n\n\t<h1>1er Congreso Nacional de Transici\u00f3n Energ\u00e9tica y Ciudadana Vilawatt<\/h1>\n\t<h2><strong>\u00a1EL FUTURO DE LA TRANSFORMACI\u00d3N RENOVABLE Y COMUNITARIA DEL MODELO ENERG\u00c9TICO EMPEZA AQU\u00cd!<\/strong><\/h2>\n<p>Un encuentro para conocer innovaciones, establecer estrategias y crear respuestas factibles a los retos que plantea la nueva agenda energ\u00e9tica global para <strong>una transici\u00f3n activa y socialmente justa<\/strong>. Vilawatt, el motor del cambio energ\u00e9tico del Ayuntamiento de Viladecans, abre este espacio de reflexi\u00f3n y conocimiento con personas expertas para extender el compromiso local adquirido durante casi una d\u00e9cada. \u00a1Sumemos fuerzas por el cambio con <strong>los municipios y la ciudadan\u00eda como motores<\/strong>!<\/p>\n<p>El Congreso Vilawatt<strong> se celebra dentro de <a href=\"https:\/\/event.meetmaps.com\/Vertex24\/ca\/info\">Vertex<\/a><\/strong>, un destacado encuentro en el pa\u00eds sobre la construcci\u00f3n y la energ\u00eda sostenibles.<\/p>\n\t<h3>RUTAS PARA AHORRAR ENERG\u00cdA Y EMISIONES A TRAV\u00c9S DE LA EFICIENCIA.<\/h3>\n<p>S\u00c1B. 2 DE DICIEMBRE DE 2023 | 10-14 h | EDIFICIO C\u00daBIC | VILADECANS<\/p>\n\t<p>La transici\u00f3n hacia las energ\u00edas renovables requiere una decidida apuesta tambi\u00e9n por la eficiencia, ya que la obtenci\u00f3n de la energ\u00eda verde es mucho menos intensiva que la de la energ\u00eda f\u00f3sil. As\u00ed, <strong>uno de los grandes pilares del cambio de paradigma energ\u00e9tico es hacer un uso sostenible de los recursos<\/strong> de la Tierra para no desperdiciarlos. Es un camino imprescindible para conseguir el compromiso de reducir las emisiones y construir ciudades clim\u00e1ticamente neutras.<\/p>\n<p>Por eso, el Congreso, adem\u00e1s de ponencias expertas, tambi\u00e9n cuenta con un <strong>espacio de sensibilizaci\u00f3n ciudadana a partir del trabajo realizado por Vilawatt<\/strong> estos a\u00f1os en Viladecans para empoderar a la gente en la eficiencia y el ahorro energ\u00e9tico.<\/p>\n\t\t\t\t<img decoding=\"async\" src=\"https:\/\/vilawatt.cat\/wp-content\/uploads\/2024\/06\/solar-panels-roof-solar-cell-scaled.jpg\" alt=\"Solar panels on the roof. (Solar cell)\" itemprop=\"image\" height=\"1440\" width=\"2560\" title=\"Solar panels on the roof. (Solar cell)\" onerror=\"this.style.display='none'\"  \/>\n\t<h2><strong>CONCLUSIONES<br \/>\n<\/strong><\/h2>\n\t<p>Gracias a las ponencias y aportaciones valiosas de personas trabajadoras del sector energ\u00e9tico y ciudadan\u00eda, las principales conclusiones a las que llegamos sobre el ahorro y la eficiencia energ\u00e9tica fueron:<\/p>\n<ol>\n<li><strong>Descarbonizar la energ\u00eda<\/strong> con el cambio de modelo energ\u00e9tico es esencial para frenar el calentamiento global y sus consecuencias.<\/li>\n<li>La <strong>eficiencia <\/strong>es primordial para reducir el consumo de energ\u00eda en las edificaciones.<\/li>\n<li>La <strong>rehabilitaci\u00f3n energ\u00e9tica de los edificios<\/strong> es clave para reducir costes, consumo energ\u00e9tico y mejorar el confort y la calidad de vida de la ciudadan\u00eda.<\/li>\n<li>Las normativas de la UE son m\u00e1s ambiciosas para los nuevos edificios y los rehabilitados para conseguir <strong>que en 2050 todos los edificios de la UE sean de cero emisiones<\/strong>.<\/li>\n<li>Existe la necesidad de <strong>fusionar el sistema energ\u00e9tico y el parque edificatorio<\/strong>.<\/li>\n<li>Los <strong>edificios ser\u00e1n centrales energ\u00e9ticas y de datos<\/strong>, es decir, pasar\u00e1n a formar parte del sistema el\u00e9ctrico general.<\/li>\n<li>En las estrategias de rehabilitaci\u00f3n de los edificios es necesario impulsar los <strong>procesos de rehabilitaci\u00f3n por fases<\/strong> para promover la rehabilitaci\u00f3n profunda.<\/li>\n<li>La rehabilitaci\u00f3n energ\u00e9tica de las viviendas debe ser <strong>socialmente justa<\/strong>.<\/li>\n<li>Per aplicar qualsevol estrat\u00e8gia de rehabilitaci\u00f3 energ\u00e8tica dels edificis cal facilitar el finan\u00e7ament, normes de contractaci\u00f3 i obra p\u00fablica, integrar l&#8217;efici\u00e8ncia energ\u00e8tica a l&#8217;ordenaci\u00f3 territorial, <strong>simplificar els processos administratius<\/strong>, refor\u00e7ar la circularitat i l&#8217;efici\u00e8ncia dels materials dels edificis i afavorir la informaci\u00f3 ciutadana del consum d&#8217;energia a trav\u00e9s dels comptadors intel\u00b7ligents.<\/li>\n<li><strong>Las ciudades y administraciones ser\u00e1n piezas clave<\/strong> para la lucha contra el cambio clim\u00e1tico.<\/li>\n<li>La transformaci\u00f3n de los espacios p\u00fablicos de las ciudades en <strong>espacios urbanos<\/strong> eficientes es una medida m\u00e1s de eficiencia energ\u00e9tica.<\/li>\n<\/ol>\n<div class=\"wm-call-to-action\"><div class=\"wm-call-to-action-content wm-call-to-action-element\"><div class=\"wm-call-to-action-caption wm-call-to-action-element\"><h2>Conoce m\u00e1s a fondo todos estos aprendizajes<\/h2><\/div><p>Ver los archivos<br \/><\/p><\/div><div class=\"wm-call-to-action-button wm-call-to-action-element\"><a href=\"https:\/\/viladecans-my.sharepoint.com\/:b:\/g\/personal\/otorricog_viladecans_cat\/EQW4yB3rM7VIjeFdsBA8wv8B-k08Ru6fW6GgjVOa4g446A?e=QN5Y7t\" class=\"wm-button button size-large\" target=\"_blank\"><span class=\"icon-ion-ios-folder\" aria-hidden=\"true\"> <\/span>ABRIR ENLACE<\/a><\/div><\/div>\n\t<h2><strong>PONENTES<br \/>\n<\/strong><\/h2>\n\t\t\t\t<img decoding=\"async\" src=\"https:\/\/vilawatt.cat\/wp-content\/uploads\/2024\/06\/PONENT-1.jpg\" alt=\"PONENT-1\" itemprop=\"image\" height=\"2496\" width=\"2176\" title=\"PONENT-1\" onerror=\"this.style.display='none'\"  \/>\n<div class=\"wm-accordion clearfix\" data-active=\"0\" data-mode=\"accordion\">\r\n<div class=\"wm-item wm-item-wrap\"><h3 class=\"wm-item-title\" data-tags=\"\" data-tag-names=\"\">JAVIER GARC\u00cdA BREVA<\/h3><div class=\"wm-item-content clearfix JAVIERGARCABREVA\"><p>Experto en pol\u00edticas energ\u00e9ticas: expresidente de IDAE y de la Fundaci\u00f3n Renovables<\/p>\n<\/div><\/div>\r\n<\/div>\n\t\t\t\t<img decoding=\"async\" src=\"https:\/\/vilawatt.cat\/wp-content\/uploads\/2024\/07\/ponent2-1.jpg\" alt=\"ponent2\" itemprop=\"image\" height=\"440\" width=\"384\" title=\"ponent2\" onerror=\"this.style.display='none'\"  \/>\n<div class=\"wm-accordion clearfix\" data-active=\"0\" data-mode=\"accordion\">\r\n<div class=\"wm-item wm-item-wrap\"><h3 class=\"wm-item-title\" data-tags=\"\" data-tag-names=\"\">ANNA LLUIS GAVALD\u00c0<\/h3><div class=\"wm-item-content clearfix ANNALLUISGAVALD\"><p>CEO de Simbiosy, consultoria en economia circular<\/p>\n<\/div><\/div>\r\n<\/div>\n\t\t\t\t<img decoding=\"async\" src=\"https:\/\/vilawatt.cat\/wp-content\/uploads\/2024\/07\/ponent3.jpg\" alt=\"ponent3\" itemprop=\"image\" height=\"440\" width=\"384\" title=\"ponent3\" onerror=\"this.style.display='none'\"  \/>\n<div class=\"wm-accordion clearfix\" data-active=\"0\" data-mode=\"accordion\">\r\n<div class=\"wm-item wm-item-wrap\"><h3 class=\"wm-item-title\" data-tags=\"\" data-tag-names=\"\">V\u00cdCTOR ECHEVARR\u00cdA<\/h3><div class=\"wm-item-content clearfix VCTORECHEVARRA\"><p>Responsable de soluciones energ\u00e9ticas de BBVA<\/p>\n<\/div><\/div>\r\n<\/div>\n\t\t\t\t<img decoding=\"async\" src=\"https:\/\/vilawatt.cat\/wp-content\/uploads\/2024\/07\/ponent4.jpg\" alt=\"ponent4\" itemprop=\"image\" height=\"746\" width=\"651\" title=\"ponent4\" onerror=\"this.style.display='none'\"  \/>\n<div class=\"wm-accordion clearfix\" data-active=\"0\" data-mode=\"accordion\">\r\n<div class=\"wm-item wm-item-wrap\"><h3 class=\"wm-item-title\" data-tags=\"\" data-tag-names=\"\">CECILIA FORONDA<\/h3><div class=\"wm-item-content clearfix CECILIAFORONDA\"><p>Directora del Area de Energia y Personas de la Fundaci\u00f3n Ecolog\u00eda y Desarrollo (ECODES)<\/p>\n<\/div><\/div>\r\n<\/div>\n\t\t\t\t<img decoding=\"async\" src=\"https:\/\/vilawatt.cat\/wp-content\/uploads\/2024\/07\/ponent5.jpg\" alt=\"ponent5\" itemprop=\"image\" height=\"746\" width=\"651\" title=\"ponent5\" onerror=\"this.style.display='none'\"  \/>\n<div class=\"wm-accordion clearfix\" data-active=\"0\" data-mode=\"accordion\">\r\n<div class=\"wm-item wm-item-wrap\"><h3 class=\"wm-item-title\" data-tags=\"\" data-tag-names=\"\">IN\u00c9S LEAL<\/h3><div class=\"wm-item-content clearfix INSLEAL\"><p>Directora Editorial de Grupo Tecma Red, referente en comunicaci\u00f3n de sostenibilidad<\/p>\n<\/div><\/div>\r\n<\/div>\n\t\t\t\t<img decoding=\"async\" src=\"https:\/\/vilawatt.cat\/wp-content\/uploads\/2024\/07\/ponent6.jpg\" alt=\"ponent6\" itemprop=\"image\" height=\"562\" width=\"490\" title=\"ponent6\" onerror=\"this.style.display='none'\"  \/>\n<div class=\"wm-accordion clearfix\" data-active=\"0\" data-mode=\"accordion\">\r\n<div class=\"wm-item wm-item-wrap\"><h3 class=\"wm-item-title\" data-tags=\"\" data-tag-names=\"\">JORDI MAZ\u00d3N<\/h3><div class=\"wm-item-content clearfix JORDIMAZN\"><p>Teniente de alcadesa del Ajuntament de Viladecans, regidor delegado de Vilawatt<\/p>\n<\/div><\/div>\r\n<\/div>\n\t<h2><strong>EL 1er CONGRESO, EN VIDEO<br \/>\n<\/strong><\/h2>\n\t<h2><strong>Primera parte<br \/>\n<\/strong><\/h2>\n\t<meta itemprop=\"name\" content=\"1er Congr\u00e9s Nacional de Transici\u00f3 Energ\u00e8tica Ciutadana Vilawatt\" \/><meta itemprop=\"uploadDate\" content=\"2023-12-19\" \/><meta itemprop=\"thumbnailUrl\" content=\"https:\/\/vilawatt.cat\/wp-content\/uploads\/2024\/06\/solar-panels-roof-solar-cell-scaled.jpg\" \/><meta itemprop=\"description\" content=\"Rutes per estalviar energia i emissions a trav\u00e9s de l&#039;efici\u00e8ncia - Part 1\" \/><meta itemprop=\"embedUrl\" content=\"https:\/\/www.youtube.com\/watch?v=OfYkLTGQr44\" \/><iframe title=\"Jornada_Vilawatt_clip 0\" width=\"1200\" height=\"675\" src=\"https:\/\/www.youtube.com\/embed\/OfYkLTGQr44?feature=oembed\" frameborder=\"0\" allow=\"accelerometer; autoplay; clipboard-write; encrypted-media; gyroscope; picture-in-picture; web-share\" referrerpolicy=\"strict-origin-when-cross-origin\" allowfullscreen><\/iframe>\n\t<h2><strong>Segunda parte<br \/>\n<\/strong><\/h2>\n\t<meta itemprop=\"name\" content=\"1er Congr\u00e9s Nacional de Transici\u00f3 Energ\u00e8tica Ciutadana Vilawatt\" \/><meta itemprop=\"uploadDate\" content=\"2023-12-19\" \/><meta itemprop=\"thumbnailUrl\" content=\"https:\/\/vilawatt.cat\/wp-content\/uploads\/2024\/06\/solar-panels-roof-solar-cell-scaled.jpg\" \/><meta itemprop=\"description\" content=\"Rutes per estalviar energia i emissions a trav\u00e9s de l&#039;efici\u00e8ncia - Part 2\" \/><meta itemprop=\"embedUrl\" content=\"https:\/\/www.youtube.com\/watch?v=GN3YlG-V9J8\" \/><iframe title=\"Jornada_Vilawat_clip 1\" width=\"1200\" height=\"675\" src=\"https:\/\/www.youtube.com\/embed\/GN3YlG-V9J8?feature=oembed\" frameborder=\"0\" allow=\"accelerometer; autoplay; clipboard-write; encrypted-media; gyroscope; picture-in-picture; web-share\" referrerpolicy=\"strict-origin-when-cross-origin\" allowfullscreen><\/iframe>\n\t<h2><strong>EL 1r CONGRESO, EN IM\u00c1GENES<\/strong><\/h2>\n\n","protected":false},"excerpt":{"rendered":"<div class=\"entry-summary\">\n<div class=\"entry-summary\">\n1er Congreso Nacional de Transici\u00f3n Energ\u00e9tica y Ciudadana Vilawatt \u00a1EL FUTURO DE LA TRANSFORMACI\u00d3N RENOVABLE Y COMUNITARIA DEL MODELO ENERG\u00c9TICO EMPEZA AQU\u00cd! Un encuentro para conocer innovaciones, establecer estrategias y crear respuestas factibles a los retos que plantea la nueva&hellip;\n<\/div>\n<div class=\"link-more\"><a href=\"https:\/\/vilawatt.cat\/es\/congres2023\/\" class=\"more-link\">Continue reading<span class=\"screen-reader-text\"> &ldquo;1er Congreso Nacional de Transici\u00f3n Energ\u00e9tica y Ciudadana Vilawatt&rdquo;<\/span>&hellip;<\/a><\/div>\n<\/div>\n<div class=\"link-more\"><a href=\"https:\/\/vilawatt.cat\/es\/congres2023\/\" class=\"more-link\">Continue reading<span class=\"screen-reader-text\"> &ldquo;1er Congreso Nacional de Transici\u00f3n Energ\u00e9tica y Ciudadana Vilawatt&rdquo;<\/span>&hellip;<\/a><\/div>\n","protected":false},"author":3,"featured_media":3155,"parent":0,"menu_order":0,"comment_status":"closed","ping_status":"closed","template":"","meta":{"_acf_changed":false,"inline_featured_image":false,"footnotes":""},"class_list":["post-3059","page","type-page","status-publish","has-post-thumbnail","hentry","entry"],"acf":[],"_links":{"self":[{"href":"https:\/\/vilawatt.cat\/es\/wp-json\/wp\/v2\/pages\/3059","targetHints":{"allow":["GET"]}}],"collection":[{"href":"https:\/\/vilawatt.cat\/es\/wp-json\/wp\/v2\/pages"}],"about":[{"href":"https:\/\/vilawatt.cat\/es\/wp-json\/wp\/v2\/types\/page"}],"author":[{"embeddable":true,"href":"https:\/\/vilawatt.cat\/es\/wp-json\/wp\/v2\/users\/3"}],"replies":[{"embeddable":true,"href":"https:\/\/vilawatt.cat\/es\/wp-json\/wp\/v2\/comments?post=3059"}],"version-history":[{"count":39,"href":"https:\/\/vilawatt.cat\/es\/wp-json\/wp\/v2\/pages\/3059\/revisions"}],"predecessor-version":[{"id":3623,"href":"https:\/\/vilawatt.cat\/es\/wp-json\/wp\/v2\/pages\/3059\/revisions\/3623"}],"wp:featuredmedia":[{"embeddable":true,"href":"https:\/\/vilawatt.cat\/es\/wp-json\/wp\/v2\/media\/3155"}],"wp:attachment":[{"href":"https:\/\/vilawatt.cat\/es\/wp-json\/wp\/v2\/media?parent=3059"}],"curies":[{"name":"wp","href":"https:\/\/api.w.org\/{rel}","templated":true}]}}