{"id":2564,"date":"2023-12-21T11:44:08","date_gmt":"2023-12-21T10:44:08","guid":{"rendered":"https:\/\/vilawatt.cat\/?page_id=2564"},"modified":"2026-01-23T13:49:31","modified_gmt":"2026-01-23T12:49:31","slug":"bonos","status":"publish","type":"page","link":"https:\/\/vilawatt.cat\/es\/moneda\/bonos\/","title":{"rendered":"Bonos Vilawatt"},"content":{"rendered":"\n\n\t<h1>BONOS VILAWATT<\/h1>\n\t<p><strong>\u00a1AVISO IMPORTANTE! LA CAMPA\u00d1A DE BONOS VILAWATT 2025 YA EST\u00c1 CERRADA.<\/strong><\/p>\n<p>\u00a1Vuelven los Bonos Vilawatt y lo hacen con m\u00e1s beneficios que nunca! \u00a1Lo has le\u00eddo bien! En esta edici\u00f3n podr\u00e1s conseguir <b>hasta 125 euros de regalo<\/b> para gastar en casi 200 establecimientos comerciales y restauraci\u00f3n de Viladecans.<\/p>\n<p>Con los Bonos Vilawatt, podr\u00e1s ahorrar comprando en el comercio de proximidad por Navidad y por rebajas! Interesante, \u00bfverdad? A continuaci\u00f3n te explicamos la informaci\u00f3n detallada para que no pierdas esta oportunidad. Los bonos s\u00f3lo estar\u00e1n <b>a la venta del 10 al 31 de diciembre del 2025, <\/b>siempre que no se agoten antes las existencias.<\/p>\n\t\t\t\t<img decoding=\"async\" src=\"https:\/\/vilawatt.cat\/wp-content\/uploads\/2023\/12\/A0A0571-1920.jpg\" alt=\"Vilawatt\" itemprop=\"image\" height=\"1280\" width=\"1920\" title=\"_A0A0571-1920\" onerror=\"this.style.display='none'\"  \/>\n\t\t\t<a href=\"#\" id=\"fl-accordion--label-0\" tabindex=\"0\" aria-controls=\"fl-accordion--panel-0\">\u00bfC\u00f3mo funcionan?<\/a>\n\t\t\t\t\t\t\t<a href=\"#\" id=\"fl-accordion--icon-0\" tabindex=\"0\" aria-controls=\"fl-accordion--panel-0\"><i>Expand<\/i><\/a>\n\t\t<p>Un Bono Vilawatt tiene un precio de 25 euros. Por cada Bono Vilawatt<strong> el Ayuntamiento aporta 25 euros<\/strong> m\u00e1s, por lo que con 1 Bono Vilawatt tendr\u00e1s 50 euros para gastar en los establecimientos locales que se han adherido a la campa\u00f1a.<\/p>\n\t\t\t<a href=\"#\" id=\"fl-accordion--label-1\" tabindex=\"0\" aria-controls=\"fl-accordion--panel-1\">\u00bfQui\u00e9n puede adquirirlos?<\/a>\n\t\t\t\t\t\t\t<a href=\"#\" id=\"fl-accordion--icon-1\" tabindex=\"0\" aria-controls=\"fl-accordion--panel-1\"><i>Expand<\/i><\/a>\n\t\t<p>Las personas adultas que <strong>residan o trabajen en Viladecans <\/strong>y que est\u00e9n dadas de alta en la moneda local Vilawatt a trav\u00e9s de la app Vilawatt.\u00a0En el caso de los Bonos Verdes, estos est\u00e1n restringidos s\u00f3lo a las personas residentes en Viladecans.<\/p>\n\t\t\t<a href=\"#\" id=\"fl-accordion--label-2\" tabindex=\"0\" aria-controls=\"fl-accordion--panel-2\">\u00bfD\u00f3nde puedo conseguirlos?<\/a>\n\t\t\t\t\t\t\t<a href=\"#\" id=\"fl-accordion--icon-2\" tabindex=\"0\" aria-controls=\"fl-accordion--panel-2\"><i>Expand<\/i><\/a>\n\t\t<p>Los Bonos Vilawatt se pueden conseguir de forma sencilla <strong>a trav\u00e9s del tel\u00e9fono m\u00f3vil en la app Vilawatt<\/strong>, ya tengas sistema <a href=\"https:\/\/play.google.com\/store\/apps\/details?id=com.ubiquat.vilawattcyclos&amp;pcampaignid=web_share\">Android<\/a>\u00a0o <a href=\"https:\/\/apps.apple.com\/es\/app\/vilawatt\/id1474786523\">iOs<\/a>. S\u00f3lo debes estar dado de alta para el uso de la moneda Vilawatt. Hacerlo es muy sencillo.<\/p>\n<p>&nbsp;<\/p>\n\t\t\t<a href=\"#\" id=\"fl-accordion--label-3\" tabindex=\"0\" aria-controls=\"fl-accordion--panel-3\">\u00bfCu\u00e1ntos Bonos Vilawatt puedo conseguir?<\/a>\n\t\t\t\t\t\t\t<a href=\"#\" id=\"fl-accordion--icon-3\" tabindex=\"0\" aria-controls=\"fl-accordion--panel-3\"><i>Expand<\/i><\/a>\n\t\t<p>Puedes conseguir dos Bonos Consumo y<strong>\u00a0hasta tres Bonos Verdes<\/strong>, que celebran que Viladecans es ciudad verde europea Green Leaf 2025.<\/p>\n<p>Para lograr los Bonos Verdes, solo tendr\u00e1s que acreditar tu <strong>compromiso con la misi\u00f3n clim\u00e1tica de Viladecans<\/strong> a trav\u00e9s de tus acciones sostenibles.<\/p>\n\t\t\t<a href=\"#\" id=\"fl-accordion--label-4\" tabindex=\"0\" aria-controls=\"fl-accordion--panel-4\">\u00bfC\u00f3mo puedo conseguir los Bonos Verdes?<\/a>\n\t\t\t\t\t\t\t<a href=\"#\" id=\"fl-accordion--icon-4\" tabindex=\"0\" aria-controls=\"fl-accordion--panel-4\"><i>Expand<\/i><\/a>\n\t\t<p>Para adquirir Bonos Verdes debes <strong>descargar la App de Biyiud<\/strong> en tu m\u00f3vil desde la<a href=\"https:\/\/apps.apple.com\/es\/app\/biyiud\/id6450983137\"> App Store (iOs)<\/a> o <a href=\"https:\/\/play.google.com\/store\/apps\/details?id=eco.biyiud.wallet&amp;hl=es_419\">Google Play (Android<\/a>), registrarte y acreditar que cumples con algunas de las acciones sostenibles que te permiten obtenerlos.<\/p>\n<p>Existen varios compromisos sostenibles que te dan premio. <strong>Por cada acci\u00f3n que cumplas podr\u00e1s adquirir un bono extra, hasta un m\u00e1ximo de tres.<\/strong><\/p>\n<p>Para comprar los Bonos Verdes debes cumplir alguno de los siguientes requisitos:<\/p>\n<ol>\n<li>Tener el <strong>suministro de energ\u00eda con una comercializadora 100% renovable<\/strong>, aportando a la descarbonizaci\u00f3n de la sociedad.<\/li>\n<li>Tener <strong>autoconsumo el\u00e9ctrico en casa<\/strong>, comprometi\u00e9ndote con los valores de la transici\u00f3n energ\u00e9tica.<\/li>\n<li>Alinear tu <strong>consumo el\u00e9ctrico con las horas del d\u00eda de mayor generaci\u00f3n de energ\u00eda renovable<\/strong>, implic\u00e1ndote por un modelo energ\u00e9tico m\u00e1s eficiente.<\/li>\n<li>Acreditar tu <strong>uso de la\u00a0 Deixalleria&#8217; Municipal<\/strong>, haciendo as\u00ed una gesti\u00f3n responsable de la gesti\u00f3n de residuos.<\/li>\n<li>Demostrar tu uso activo del servicio de bicicleta p\u00fablica metropolitana <strong>AMBici<\/strong>, implic\u00e1ndose por una movilidad sostenible.<\/li>\n<\/ol>\n<p>Consulta toda la informaci\u00f3n y el proceso de obtenci\u00f3n en este <a href=\"https:\/\/web.biyiud.eco\/bons-verds-vilawatt\">link<\/a>.<\/p>\n\t\t\t<a href=\"#\" id=\"fl-accordion--label-5\" tabindex=\"0\" aria-controls=\"fl-accordion--panel-5\">\u00bfHasta cu\u00e1ndo puedo comprarlos?<\/a>\n\t\t\t\t\t\t\t<a href=\"#\" id=\"fl-accordion--icon-5\" tabindex=\"0\" aria-controls=\"fl-accordion--panel-5\"><i>Expand<\/i><\/a>\n\t\t<p>Puedes comprar los Bonos Vilawatt <strong>hasta el 31 de diciembre de 2025.<\/strong><\/p>\n<p>&nbsp;<\/p>\n\t\t\t<a href=\"#\" id=\"fl-accordion--label-6\" tabindex=\"0\" aria-controls=\"fl-accordion--panel-6\">\u00bfD\u00f3nde puedo gastarlos?<\/a>\n\t\t\t\t\t\t\t<a href=\"#\" id=\"fl-accordion--icon-6\" tabindex=\"0\" aria-controls=\"fl-accordion--panel-6\"><i>Expand<\/i><\/a>\n\t\t<p>Podr\u00e1s gastar tus Bonos Vilawatt en <strong>casi 200 establecimientos<\/strong> de comercio y de restauraci\u00f3n locales. En la <a href=\"https:\/\/play.google.com\/store\/search?q=vilawatt&amp;c=apps&amp;pli=1\">app Vilawatt<\/a> podr\u00e1s consultar el listado.<\/p>\n\t\t\t<a href=\"#\" id=\"fl-accordion--label-7\" tabindex=\"0\" aria-controls=\"fl-accordion--panel-7\">\u00bfHasta cu\u00e1ndo puedo gastarlos?<\/a>\n\t\t\t\t\t\t\t<a href=\"#\" id=\"fl-accordion--icon-7\" tabindex=\"0\" aria-controls=\"fl-accordion--panel-7\"><i>Expand<\/i><\/a>\n\t\t<p>Podr\u00e1s gastar los Bonos Vilawatt <strong>hasta el 31 de enero de 2026<\/strong>.<\/p>\n\t\t\t<a href=\"#\" id=\"fl-accordion--label-8\" tabindex=\"0\" aria-controls=\"fl-accordion--panel-8\">\u00bfQu\u00e9 ocurre si no los gasto?<\/a>\n\t\t\t\t\t\t\t<a href=\"#\" id=\"fl-accordion--icon-8\" tabindex=\"0\" aria-controls=\"fl-accordion--panel-8\"><i>Expand<\/i><\/a>\n\t\t<p><strong>Te devolver\u00e1n la mitad del dinero<\/strong> que quede por consumir, la que corresponde al dinero que pusiste inialmente para comprar el bono.<\/p>\n\t<h3>\u00bfTienes m\u00e1s dudas? \u00a1Cont\u00e1ctanos!<\/h3>\n<h2>EQUIPO MONEDA VILAWATT<br \/>\n<\/h2>\n<strong>Correo electr\u00f3nico:<\/strong> <a href=\"mailto:moneda@viladecans.cat\" target=\"_blank\" rel=\"noopener\">moneda@vilawatt.cat<\/a><br \/>\n<strong>Tel\u00e9fono: <\/strong>621 244 885<strong><br \/>\nAtenci\u00f3n presencial:<\/strong> C. Doctor Reig, 81 (lunes-jueves 9-13:30 h y 16-18:30 h; viernes: 9-13.30 h)\n\t\t\t\t<img decoding=\"async\" src=\"https:\/\/vilawatt.cat\/wp-content\/uploads\/2022\/07\/vilawatt.jpg\" alt=\"vilawatt\" itemprop=\"image\" height=\"607\" width=\"1198\" title=\"vilawatt\" onerror=\"this.style.display='none'\"  \/>\n\n","protected":false},"excerpt":{"rendered":"<div class=\"entry-summary\">\n<div class=\"entry-summary\">\nBONOS VILAWATT \u00a1AVISO IMPORTANTE! LA CAMPA\u00d1A DE BONOS VILAWATT 2025 YA EST\u00c1 CERRADA. \u00a1Vuelven los Bonos Vilawatt y lo hacen con m\u00e1s beneficios que nunca! \u00a1Lo has le\u00eddo bien! En esta edici\u00f3n podr\u00e1s conseguir hasta 125 euros de regalo para&hellip;\n<\/div>\n<div class=\"link-more\"><a href=\"https:\/\/vilawatt.cat\/es\/moneda\/bonos\/\" class=\"more-link\">Continue reading<span class=\"screen-reader-text\"> &ldquo;Bonos Vilawatt&rdquo;<\/span>&hellip;<\/a><\/div>\n<\/div>\n<div class=\"link-more\"><a href=\"https:\/\/vilawatt.cat\/es\/moneda\/bonos\/\" class=\"more-link\">Continue reading<span class=\"screen-reader-text\"> &ldquo;Bonos Vilawatt&rdquo;<\/span>&hellip;<\/a><\/div>\n","protected":false},"author":1,"featured_media":0,"parent":2163,"menu_order":0,"comment_status":"closed","ping_status":"closed","template":"templates\/no-intro.php","meta":{"_acf_changed":false,"inline_featured_image":false,"footnotes":""},"class_list":["post-2564","page","type-page","status-publish","hentry","entry"],"acf":[],"_links":{"self":[{"href":"https:\/\/vilawatt.cat\/es\/wp-json\/wp\/v2\/pages\/2564","targetHints":{"allow":["GET"]}}],"collection":[{"href":"https:\/\/vilawatt.cat\/es\/wp-json\/wp\/v2\/pages"}],"about":[{"href":"https:\/\/vilawatt.cat\/es\/wp-json\/wp\/v2\/types\/page"}],"author":[{"embeddable":true,"href":"https:\/\/vilawatt.cat\/es\/wp-json\/wp\/v2\/users\/1"}],"replies":[{"embeddable":true,"href":"https:\/\/vilawatt.cat\/es\/wp-json\/wp\/v2\/comments?post=2564"}],"version-history":[{"count":36,"href":"https:\/\/vilawatt.cat\/es\/wp-json\/wp\/v2\/pages\/2564\/revisions"}],"predecessor-version":[{"id":4483,"href":"https:\/\/vilawatt.cat\/es\/wp-json\/wp\/v2\/pages\/2564\/revisions\/4483"}],"up":[{"embeddable":true,"href":"https:\/\/vilawatt.cat\/es\/wp-json\/wp\/v2\/pages\/2163"}],"wp:attachment":[{"href":"https:\/\/vilawatt.cat\/es\/wp-json\/wp\/v2\/media?parent=2564"}],"curies":[{"name":"wp","href":"https:\/\/api.w.org\/{rel}","templated":true}]}}