{"id":2550,"date":"2023-09-18T15:22:37","date_gmt":"2023-09-18T13:22:37","guid":{"rendered":"https:\/\/vilawatt.cat\/contrata-energia\/"},"modified":"2024-12-12T09:30:21","modified_gmt":"2024-12-12T08:30:21","slug":"contrata-energia","status":"publish","type":"page","link":"https:\/\/vilawatt.cat\/es\/contrata-energia\/","title":{"rendered":"Contrata energ\u00eda"},"content":{"rendered":"\n<h1 class=\"wp-block-heading\">CONTRATA ENERG\u00cdA<\/h1>\n\n\n\n<p>Gracias por querer formar parte de la comunidad Vilawatt. Nos encanta que quieras sumarte al impulso de un nuevo modelo energ\u00e9tico m\u00e1s sostenible y humano y apuestas por contratar con nosotros <strong>tu energ\u00eda 100% renovable. <\/strong><\/p>\n\n\n\n<p>Puedes hacerlo de forma presencial en nuestra Oficina Vilawatt o bien ahora mismo, a trav\u00e9s de esta p\u00e1gina. \u00a1No te lo podemos poner m\u00e1s f\u00e1cil!<\/p>\n\n\n\n<p>Por formar parte de Vilawatt, <strong>primero tienes que darte de alta de la asociaci\u00f3n <\/strong> y, a continuaci\u00f3n, contratas tu energ\u00eda con nosotros. No te preocupes, es sencillo y lo har\u00e1s en pocos minutos. \u00bfNos ponemos manos a la obra?<\/p>\n\n\n\n<figure class=\"wp-block-image\"><img decoding=\"async\" src=\"https:\/\/vilawatt.cat\/wp-content\/uploads\/2024\/01\/imatge_contracta_esp.jpg\" alt=\"Contrata energ\u00eda\" title=\"imatge_contracta_esp\"\/><\/figure>\n","protected":false},"excerpt":{"rendered":"<div class=\"entry-summary\">\n<div class=\"entry-summary\">\nCONTRATA ENERG\u00cdA Gracias por querer formar parte de la comunidad Vilawatt. Nos encanta que quieras sumarte al impulso de un nuevo modelo energ\u00e9tico m\u00e1s sostenible y humano y apuestas por contratar con nosotros tu energ\u00eda 100% renovable. Puedes hacerlo de&hellip;\n<\/div>\n<div class=\"link-more\"><a href=\"https:\/\/vilawatt.cat\/es\/contrata-energia\/\" class=\"more-link\">Continue reading<span class=\"screen-reader-text\"> &ldquo;Contrata energ\u00eda&rdquo;<\/span>&hellip;<\/a><\/div>\n<\/div>\n<div class=\"link-more\"><a href=\"https:\/\/vilawatt.cat\/es\/contrata-energia\/\" class=\"more-link\">Continue reading<span class=\"screen-reader-text\"> &ldquo;Contrata energ\u00eda&rdquo;<\/span>&hellip;<\/a><\/div>\n","protected":false},"author":1,"featured_media":0,"parent":0,"menu_order":0,"comment_status":"closed","ping_status":"closed","template":"templates\/no-intro.php","meta":{"_acf_changed":false,"inline_featured_image":false,"footnotes":""},"class_list":["post-2550","page","type-page","status-publish","hentry","entry"],"acf":[],"_links":{"self":[{"href":"https:\/\/vilawatt.cat\/es\/wp-json\/wp\/v2\/pages\/2550","targetHints":{"allow":["GET"]}}],"collection":[{"href":"https:\/\/vilawatt.cat\/es\/wp-json\/wp\/v2\/pages"}],"about":[{"href":"https:\/\/vilawatt.cat\/es\/wp-json\/wp\/v2\/types\/page"}],"author":[{"embeddable":true,"href":"https:\/\/vilawatt.cat\/es\/wp-json\/wp\/v2\/users\/1"}],"replies":[{"embeddable":true,"href":"https:\/\/vilawatt.cat\/es\/wp-json\/wp\/v2\/comments?post=2550"}],"version-history":[{"count":4,"href":"https:\/\/vilawatt.cat\/es\/wp-json\/wp\/v2\/pages\/2550\/revisions"}],"predecessor-version":[{"id":3649,"href":"https:\/\/vilawatt.cat\/es\/wp-json\/wp\/v2\/pages\/2550\/revisions\/3649"}],"wp:attachment":[{"href":"https:\/\/vilawatt.cat\/es\/wp-json\/wp\/v2\/media?parent=2550"}],"curies":[{"name":"wp","href":"https:\/\/api.w.org\/{rel}","templated":true}]}}