{"id":2484,"date":"2023-12-12T12:57:03","date_gmt":"2023-12-12T11:57:03","guid":{"rendered":"https:\/\/vilawatt.cat\/?page_id=2484"},"modified":"2025-11-19T13:16:15","modified_gmt":"2025-11-19T12:16:15","slug":"ediciones-anteriores-bonos-vilawatt","status":"publish","type":"page","link":"https:\/\/vilawatt.cat\/es\/moneda\/ediciones-anteriores-bonos-vilawatt\/","title":{"rendered":"Ediciones anteriores de los bonos"},"content":{"rendered":"\n\n\t<h1>Ediciones anteriores de los bonos<\/h1>\n<h2>\n\t\t1,25 millones de euros gastados en el comercio desde 2021\u00a0\n\t<\/h2>\n\t<p>\u00c9sta es la quinta edici\u00f3n de los Bonos Vilawatt, creados para favorecer la reactivaci\u00f3n econ\u00f3mica local despu\u00e9s de la pandemia. Actualmente <strong>hay casi 5.100 personas dadas de alta en la aplicaci\u00f3n<\/strong>.<\/p>\n<p>Su \u00e9xito ha hecho que se haya convertido en un <strong>protagonista habitual de la campa\u00f1a de compras de Navidad<\/strong> y de rebajas de invierno en Viladecans.<\/p>\n<p><strong>En las cuatro ediciones anteriores, se adquirieron 26.157 Bonos Vilawatt<\/strong> y se hicieron compras con \u00e9stos por importe de 1,25 millones de euros.<\/p>\n<p>En la iniciativa <strong>participan 283 negocios locales<\/strong>. S\u00f3lo en la \u00faltima edici\u00f3n se hicieron compras en un tercio de estos establecimientos. En 23 de ellos, por m\u00e1s de dos mil euros.<\/p>\n\t\t\t\t<img decoding=\"async\" src=\"https:\/\/vilawatt.cat\/wp-content\/uploads\/2023\/12\/A0A0122-1920.jpg\" alt=\"Vilawatt\" itemprop=\"image\" height=\"1280\" width=\"1920\" title=\"_A0A0122-1920\" onerror=\"this.style.display='none'\"  \/>\n\t<h2>Equipo de Bons Vilawatt<\/h2>\nC. del Doctor Reig, 81-83<br \/>\n08840 Viladecans\n<p>(Al lado del Mercado Municipal de la Constituci\u00f3)<\/p>\n<strong>Horario:<\/strong> de lunes a viernes de 9 a 13.30 y de 16 a 18.30 h<br \/>\n<strong>Tel\u00e9fono:<\/strong> 662 194 278<br \/>\n<strong>Correo electr\u00f3nico:<\/strong> <a href=\"mailto:bons@viladecans.cat\" target=\"_blank\" rel=\"noopener\">bons@viladecans.cat<\/a>\n\t\t\t\t<img decoding=\"async\" src=\"https:\/\/vilawatt.cat\/wp-content\/uploads\/2022\/07\/vilawatt.jpg\" alt=\"vilawatt\" itemprop=\"image\" height=\"607\" width=\"1198\" title=\"vilawatt\" onerror=\"this.style.display='none'\"  \/>\n\n","protected":false},"excerpt":{"rendered":"<div class=\"entry-summary\">\n<div class=\"entry-summary\">\nEdiciones anteriores de los bonos 1,25 millones de euros gastados en el comercio desde 2021\u00a0 \u00c9sta es la quinta edici\u00f3n de los Bonos Vilawatt, creados para favorecer la reactivaci\u00f3n econ\u00f3mica local despu\u00e9s de la pandemia. Actualmente hay casi 5.100 personas&hellip;\n<\/div>\n<div class=\"link-more\"><a href=\"https:\/\/vilawatt.cat\/es\/moneda\/ediciones-anteriores-bonos-vilawatt\/\" class=\"more-link\">Continue reading<span class=\"screen-reader-text\"> &ldquo;Ediciones anteriores de los bonos&rdquo;<\/span>&hellip;<\/a><\/div>\n<\/div>\n<div class=\"link-more\"><a href=\"https:\/\/vilawatt.cat\/es\/moneda\/ediciones-anteriores-bonos-vilawatt\/\" class=\"more-link\">Continue reading<span class=\"screen-reader-text\"> &ldquo;Ediciones anteriores de los bonos&rdquo;<\/span>&hellip;<\/a><\/div>\n","protected":false},"author":1,"featured_media":0,"parent":2163,"menu_order":2,"comment_status":"closed","ping_status":"closed","template":"templates\/no-intro.php","meta":{"_acf_changed":false,"inline_featured_image":false,"footnotes":""},"class_list":["post-2484","page","type-page","status-publish","hentry","entry"],"acf":[],"_links":{"self":[{"href":"https:\/\/vilawatt.cat\/es\/wp-json\/wp\/v2\/pages\/2484","targetHints":{"allow":["GET"]}}],"collection":[{"href":"https:\/\/vilawatt.cat\/es\/wp-json\/wp\/v2\/pages"}],"about":[{"href":"https:\/\/vilawatt.cat\/es\/wp-json\/wp\/v2\/types\/page"}],"author":[{"embeddable":true,"href":"https:\/\/vilawatt.cat\/es\/wp-json\/wp\/v2\/users\/1"}],"replies":[{"embeddable":true,"href":"https:\/\/vilawatt.cat\/es\/wp-json\/wp\/v2\/comments?post=2484"}],"version-history":[{"count":5,"href":"https:\/\/vilawatt.cat\/es\/wp-json\/wp\/v2\/pages\/2484\/revisions"}],"predecessor-version":[{"id":4370,"href":"https:\/\/vilawatt.cat\/es\/wp-json\/wp\/v2\/pages\/2484\/revisions\/4370"}],"up":[{"embeddable":true,"href":"https:\/\/vilawatt.cat\/es\/wp-json\/wp\/v2\/pages\/2163"}],"wp:attachment":[{"href":"https:\/\/vilawatt.cat\/es\/wp-json\/wp\/v2\/media?parent=2484"}],"curies":[{"name":"wp","href":"https:\/\/api.w.org\/{rel}","templated":true}]}}