{"id":2375,"date":"2023-05-26T15:25:49","date_gmt":"2023-05-26T13:25:49","guid":{"rendered":"https:\/\/vilawatt.cat\/que-som\/participacion-ciudadana\/"},"modified":"2023-10-03T13:23:42","modified_gmt":"2023-10-03T11:23:42","slug":"participacion-ciudadana","status":"publish","type":"page","link":"https:\/\/vilawatt.cat\/es\/que-som\/participacion-ciudadana\/","title":{"rendered":"Participaci\u00f3n ciudadana"},"content":{"rendered":"\n<h1>Participaci\u00f3 ciutadana<\/h1>\n\t<h2 align=\"justify\">ASSOCIACI\u00d3 CIUTADANA<\/h2>\nSi ets un particular que contracta energia, fas servir la moneda o est\u00e0s integrat en alguns del projectes i programes amb Vilawatt, tamb\u00e9 has de formar part de l&#8217;Associaci\u00f3 Ciutadana per la Transici\u00f3 energ\u00e8tica. D&#8217;aquesta manera, ser\u00e0s membre del Consorci Vilawatt i tindr\u00e0s veu i vot en el seu futur. Ser membre de l&#8217;Associaci\u00f3 t\u00e9 una quota anual de 5 euros.\n<b>L&#8217;Associaci\u00f3 funciona com qualsevol entitat ciutadana regulada. Es regeix per uns estatuts i t\u00e9 una junta de govern d&#8217;entre 3 i 12 persones, entre les quals estaran el president o presidenta, el secretari o secret\u00e0ria i el tresorer o tresorera, c\u00e0rrecs que han de ser exercits per persones diferents. Com a membre de l&#8217;associaci\u00f3 pots participar activament en l&#8217;Assemblea General, b\u00e9 sigui fent una proposta o votant. Tamb\u00e9 tens dret a ser escollit com a membre de la Junta si reps els suports suficients.<\/b>\n\t\t\t\t<img decoding=\"async\" src=\"https:\/\/vilawatt.cat\/wp-content\/uploads\/2022\/12\/20170617-91-scaled.jpg\" alt=\"20170617-91\" itemprop=\"image\" title=\"20170617-91\" onerror=\"this.style.display='none'\" width=\"2560\" height=\"1707\">\n<div class=\"wm-call-to-action\"><div class=\"wm-call-to-action-content wm-call-to-action-element\"><div class=\"wm-call-to-action-caption wm-call-to-action-element\"><h2>DOCUMENTACI\u00d3<\/h2><\/div><p>Estatuts de l&#8217;associaci\u00f3 ciutadana (PDF 2 Mb)<\/div><div class=\"wm-call-to-action-button wm-call-to-action-element\"><a href=\"https:\/\/vilawatt.cat\/wp-content\/uploads\/2023\/01\/Estatuts-signats-president-secretaria.pdf\" class=\"wm-button button size-large\" target=\"_blank\"><span class=\"icon-ion-document-text\" aria-hidden=\"true\"> <\/span>VEURE DOCUMENT<\/a><\/div><\/div><div class=\"wm-call-to-action\"><div class=\"wm-call-to-action-content wm-call-to-action-element\">Acta de l&#8217;assamblea general ordin\u00e0ria (PDF 21 Kb)<\/p><\/div><div class=\"wm-call-to-action-button wm-call-to-action-element\"><a href=\"https:\/\/vilawatt.cat\/wp-content\/uploads\/2023\/01\/ACTA-ASSEMBLEA-GENERAL-19-05-2021.docx\" class=\"wm-button button size-large\" target=\"_blank\"><span class=\"icon-ion-document-text\" aria-hidden=\"true\"> <\/span>VEURE DOCUMENT<\/a><\/div><\/div>\n\t<h2>Associaci\u00f3 d&#8217;empreses i comer\u00e7os per a la transici\u00f3 energ\u00e8tica<\/h2>\n\t\t\t\t<a href=\"https:\/\/vilawatt.cat\/wp-content\/uploads\/2022\/09\/FOTO-DE-GRUP.png\" target=\"_self\" itemprop=\"url\" rel=\"noopener\">\n\t\t\t\t<img decoding=\"async\" src=\"https:\/\/vilawatt.cat\/wp-content\/uploads\/2022\/09\/FOTO-DE-GRUP.png\" alt=\"Els empresaris i empres\u00e0ries, emprenedors i emprenedores i comerciants que contractin Vilawatt, tamb\u00e9 formaran part de la seva pr\u00f2pia associaci\u00f3\" itemprop=\"image\" title=\"Els empresaris i empres\u00e0ries, emprenedors i emprenedores i comerciants que contractin Vilawatt, tamb\u00e9 formaran part de la seva pr\u00f2pia associaci\u00f3\" onerror=\"this.style.display='none'\" width=\"973\" height=\"514\">\n\t\t\t\t<\/a>\n\t\tEls empresaris i empres\u00e0ries, emprenedors i emprenedores i comerciants que contractin Vilawatt, tamb\u00e9 formaran part de la seva pr\u00f2pia associaci\u00f3\n<div class=\"wm-call-to-action\"><div class=\"wm-call-to-action-content wm-call-to-action-element\"><div class=\"wm-call-to-action-caption wm-call-to-action-element\"><h2>DOCUMENTACI\u00d3<\/h2><\/div><p>Estatuts de l&#8217;Associaci\u00f3 d&#8217;Empreses (PDF 550 Kb)<\/p><\/div><div class=\"wm-call-to-action-button wm-call-to-action-element\"><a href=\"https:\/\/vilawatt.cat\/wp-content\/uploads\/2023\/01\/ESTATUTOS-AS-Empresarial-signats.pdf\" class=\"wm-button button size-large\" target=\"_blank\"><span class=\"icon-ion-document-text\" aria-hidden=\"true\"> <\/span>VEURE DOCUMENT<\/a><\/div><\/div>\n","protected":false},"excerpt":{"rendered":"<div class=\"entry-summary\">\n<div class=\"entry-summary\">\nParticipaci\u00f3 ciutadana ASSOCIACI\u00d3 CIUTADANA Si ets un particular que contracta energia, fas servir la moneda o est\u00e0s integrat en alguns del projectes i programes amb Vilawatt, tamb\u00e9 has de formar part de l&#8217;Associaci\u00f3 Ciutadana per la Transici\u00f3 energ\u00e8tica. D&#8217;aquesta manera,&hellip;\n<\/div>\n<div class=\"link-more\"><a href=\"https:\/\/vilawatt.cat\/es\/que-som\/participacion-ciudadana\/\" class=\"more-link\">Continue reading<span class=\"screen-reader-text\"> &ldquo;Participaci\u00f3n ciudadana&rdquo;<\/span>&hellip;<\/a><\/div>\n<\/div>\n<div class=\"link-more\"><a href=\"https:\/\/vilawatt.cat\/es\/que-som\/participacion-ciudadana\/\" class=\"more-link\">Continue reading<span class=\"screen-reader-text\"> &ldquo;Participaci\u00f3n ciudadana&rdquo;<\/span>&hellip;<\/a><\/div>\n","protected":false},"author":1,"featured_media":0,"parent":2176,"menu_order":0,"comment_status":"closed","ping_status":"closed","template":"","meta":{"_acf_changed":false,"inline_featured_image":false,"footnotes":""},"class_list":["post-2375","page","type-page","status-publish","hentry","entry"],"acf":[],"_links":{"self":[{"href":"https:\/\/vilawatt.cat\/es\/wp-json\/wp\/v2\/pages\/2375","targetHints":{"allow":["GET"]}}],"collection":[{"href":"https:\/\/vilawatt.cat\/es\/wp-json\/wp\/v2\/pages"}],"about":[{"href":"https:\/\/vilawatt.cat\/es\/wp-json\/wp\/v2\/types\/page"}],"author":[{"embeddable":true,"href":"https:\/\/vilawatt.cat\/es\/wp-json\/wp\/v2\/users\/1"}],"replies":[{"embeddable":true,"href":"https:\/\/vilawatt.cat\/es\/wp-json\/wp\/v2\/comments?post=2375"}],"version-history":[{"count":1,"href":"https:\/\/vilawatt.cat\/es\/wp-json\/wp\/v2\/pages\/2375\/revisions"}],"predecessor-version":[{"id":2450,"href":"https:\/\/vilawatt.cat\/es\/wp-json\/wp\/v2\/pages\/2375\/revisions\/2450"}],"up":[{"embeddable":true,"href":"https:\/\/vilawatt.cat\/es\/wp-json\/wp\/v2\/pages\/2176"}],"wp:attachment":[{"href":"https:\/\/vilawatt.cat\/es\/wp-json\/wp\/v2\/media?parent=2375"}],"curies":[{"name":"wp","href":"https:\/\/api.w.org\/{rel}","templated":true}]}}