{"id":2226,"date":"2022-11-08T10:25:16","date_gmt":"2022-11-08T09:25:16","guid":{"rendered":"https:\/\/vilawatt.cat\/que-es-y-donde-encontraras-la-oficina-vilawatt\/servicios-energeticos\/"},"modified":"2025-11-28T11:43:52","modified_gmt":"2025-11-28T10:43:52","slug":"servicios-energeticos","status":"publish","type":"page","link":"https:\/\/vilawatt.cat\/es\/oficina-vilawatt\/servicios-energeticos\/","title":{"rendered":"Servicios energ\u00e9ticos"},"content":{"rendered":"\n\n\t<h1>SERVICIOS ENERG\u00c9TICOS<\/h1>\n\t<p>&nbsp;<\/p>\n<p>A estas alturas seguro que ya te has dado cuenta que Vilawatt es mucho m\u00e1s que una compa\u00f1\u00eda, \u00a1es un estilo de vida! \u00a1Una manera de hacernos m\u00e1s conscientes de la importancia de la energ\u00eda, el uso que hacemos de ella y las repercusiones que tiene en el d\u00eda a d\u00eda del planeta!<\/p>\n<p>Con esta idea en la cabeza, Vilawatt ofrece otros servicios que ayudan en Viladecans y a los y las viladecanenses en su camino hacia la transici\u00f3n ecol\u00f3gica.<\/p>\n<p>\u00a1Te los explicamos!<\/p>\n\t<h2>ASESORAMIENTO ENERG\u00c9TICO<\/h2>\n<p>Queremos ayudarte a ahorrar dinero y energ\u00eda para mejorar tu vida y hacerla m\u00e1s sostenible.<\/p>\n<p>En la <strong>Oficina Vilawatt<\/strong> te asesoraremos sobre <strong>c\u00f3mo ahorrar en tu factura energ\u00e9tica<\/strong>, como puedes hacer <strong>instalaciones de placas solares<\/strong> para tu consumo, individual o compartido con tus vecinos, te informaremos sobre tus <strong>derechos a acceder a los bonos sociales de energ\u00eda y agua<\/strong> y te ayudaremos a tramitarlos.<\/p>\n<p>Si quieres m\u00e1s informaci\u00f3n sobre servicios de asesoramiento energ\u00e9tico, clica en el apartado de &#8216;An\u00e1lisis de tu factura el\u00e9ctrica&#8217; o en el apartado &#8216;Te ayudamos a tramitar tu bono social de energ\u00eda y agua&#8217;.<\/p>\n<p>En el apartado <strong>An\u00e1lisis de tu factura el\u00e9ctrica<\/strong> podr\u00e1s acceder a un sistema digital de consulta sobre tu gasto el\u00e9ctrico que puedes hacer desde tu ordenador.<\/p>\n<p>Y en el apartado <strong>Te ayudamos a tramitar el bono social de energ\u00eda y agua<\/strong>, tienes informaci\u00f3n sobre c\u00f3mo puedes contactar con la Oficina Vilawatt para ayudarte a hacer los tr\u00e1mites.<\/p>\n\t\t\t\t<img decoding=\"async\" src=\"https:\/\/vilawatt.cat\/wp-content\/uploads\/2023\/01\/20171116-25-scaled.jpg\" alt=\"20171116-25\" itemprop=\"image\" height=\"1707\" width=\"2560\" title=\"20171116-25\" onerror=\"this.style.display='none'\"  \/>\n\t\t\t\t<img decoding=\"async\" src=\"https:\/\/vilawatt.cat\/wp-content\/plugins\/bb-plugin\/img\/pixel.png\" alt=\"\" itemprop=\"image\" onerror=\"this.style.display='none'\"  \/>\n\t\t\t<a href=\"#\" id=\"fl-accordion--label-0\" tabindex=\"0\" aria-controls=\"fl-accordion--panel-0\">An\u00e1lisis de tu factura el\u00e9ctrica<\/a>\n\t\t\t\t\t\t\t<a href=\"#\" id=\"fl-accordion--icon-0\" tabindex=\"0\" aria-controls=\"fl-accordion--panel-0\"><i>Expand<\/i><\/a>\n\t\t<p>\u00bfQuieres ahorrar en tu pr\u00f3xima factura de la luz? \u00bfQuieres pagar s\u00f3lo por aquello que realmente necesitas? \u00bfEs posible que no tengas contratada la potencia \u00f3ptima para tu consumo? \u00bfTe gustar\u00eda saber en qu\u00e9 periodos consumes tu energ\u00eda?<\/p>\n<p>Si la respuesta es s\u00ed, en este apartado te ayudamos a responder estas preguntas. Vilawatt ha puesto en marcha un servicio que te ayudar\u00e1 a optimizar el coste en energ\u00eda el\u00e9ctrica y te ser\u00e1 muy \u00fatil: recibir\u00e1s de forma totalmente gratuita un an\u00e1lisis energ\u00e9tico y una propuesta de reducci\u00f3n de costes para que no pagues tanto en tu pr\u00f3xima factura.<\/p>\n<h3>\u00bfEN QU\u00c9 CONSISTE?<\/h3>\n<p>Despu\u00e9s de analizar la potencia y el consumo que has hecho durante un a\u00f1o, se hace un informe automatizado que te propondr\u00e1 qu\u00e9 potencia contratar y c\u00f3mo trasladar parte del consumo a horas con precios m\u00e1s bajos. Si a\u00f1ades los precios de energ\u00eda, tendr\u00e1s una comparativa con los precios de tarifa regulada del \u00faltimo a\u00f1o.<\/p>\n<h3>\u00bfC\u00d3MO PUEDO OBTENER MI INFORME PERSONALIZADO?<\/h3>\n<p>Para obtener el informe, <strong>no hace falta que dispongas de conocimientos t\u00e9cnicos<\/strong>, s\u00f3lo tienes que completar el formulario disponible a continuaci\u00f3n y en unos d\u00edas lo recibir\u00e1s.<\/p>\n<p>Este servicio est\u00e1 disponible <strong>para toda la ciudadan\u00eda y comercios<\/strong> con tarifas 2.0 TD y 3.0 TD tipo 4 con potencia contratada inferior a 50 kW.<\/p>\n<h2>PUEDES SOLICITAR El INFORME RELLENANDO LOS FORMULARIOS SIGUIENTES<\/h2>\n<p>Formulario para particulares<\/p>\n\n<a href=\"https:\/\/vilawatt.pylon.market\" target=\"_blank\" rel=\"noopener\"> ABRIR ENLACE<\/a>\nFormulario para pymes, comercios y personas aut\u00f3nomas<br \/>\n\n<a href=\"https:\/\/vilawatt-empreses.pylon.market\" target=\"_blank\" rel=\"noopener\"> ABRIR ENLACE<\/a>\n<p>Tus datos de consumo ser\u00e1n tratados seg\u00fan la Ley de Protecci\u00f3n de Datos y s\u00f3lo se utilizar\u00e1n para hacer el informe.<\/p>\n\t\t\t<a href=\"#\" id=\"fl-accordion--label-1\" tabindex=\"0\" aria-controls=\"fl-accordion--panel-1\">Te interesa tener informaci\u00f3n sobre las posibilidades del autoconsumo<\/a>\n\t\t\t\t\t\t\t<a href=\"#\" id=\"fl-accordion--icon-1\" tabindex=\"0\" aria-controls=\"fl-accordion--panel-1\"><i>Expand<\/i><\/a>\n\t\t<p>Tambi\u00e9n te ofrecemos la posibilidad de tener un primer an\u00e1lisis de los beneficios de instalar medidas de autoconsumo en tu hogar o empresa.<\/p>\n<h2>PUEDES SOLICITAR El INFORME DE AUTOCONSUMO RELLENANDO EL FORMULARIO SIGUIENTE:<\/h2>\nFormulario para el autoconsumo<br \/>\n\n<a href=\"https:\/\/vilawatt-autoconsum.pylon.market\" target=\"_blank\" rel=\"noopener\"> ABRIR ENLACE<\/a>\n<p><em><strong>Nota:<\/strong> para rellenar los datos ten\u00e9is que conocer el CUPS (C\u00f3digo Universal de Punto de Suministro) de vuestro suministro el\u00e9ctrico. El CUPS es el \u00abDNI\u00bb de tu suministro y lo puedes encontrar en tu factura de la luz.<\/em><\/p>\n<p>&nbsp;<\/p>\n\t\t\t<a href=\"#\" id=\"fl-accordion--label-2\" tabindex=\"0\" aria-controls=\"fl-accordion--panel-2\">Te ayudamos a tramitar el bono social de energ\u00eda y agua<\/a>\n\t\t\t\t\t\t\t<a href=\"#\" id=\"fl-accordion--icon-2\" tabindex=\"0\" aria-controls=\"fl-accordion--panel-2\"><i>Expand<\/i><\/a>\n\t\t<p><strong>La Oficina Vilawatt es el punto de atenci\u00f3n para tramitar los bonos sociales de la electricidad y del agua<\/strong>, un descuento en las facturas de estos dos servicios para personas en situaci\u00f3n de vulnerabilidad. Para hacer el tr\u00e1mite deber\u00e1s pedir <strong>cita previa llamando al 93 635 18 18<\/strong>. En el d\u00eda y la hora que se establezca habr\u00e1 que acercarse a la Oficina (c. Doctor Reig, 81-83), con una factura reciente de la electricidad y el agua y el NIF o NIE de la persona titular del contrato. En caso de unidad familiar tambi\u00e9n habr\u00e1 que llevar el NIF o NIE de cada una de las personas de m\u00e1s de catorce a\u00f1os que la forman y el libro de familia.<\/p>\n<p>Tambi\u00e9n habr\u00e1 que acreditar otras circunstancias especiales. En caso de discapacidad igual o superior al 33 % o dependencia de grado II o III habr\u00e1 que aportar el certificado que lo acredite, que se tiene que solicitar en la Oficina de Bienestar y Familia de la Generalitat (c\/ Sant Mari\u00e0, 47, con tel\u00e9fono 900 400 012). Las familias numerosas tendr\u00e1n que aportar el t\u00edtulo acreditativo y las personas que cobren alg\u00fan tipo de pensi\u00f3n, tambi\u00e9n el documento que recoja la cantidad.<\/p>\n<p><strong>A pesar de que el Ayuntamiento ofrece un servicio de asistencia para solicitar estas ayudas, el bono social el\u00e9ctrico es competencia del Gobierno de Espa\u00f1a y la tarifa social del agua es competencia de la Generalitat de Catalunya.<\/strong><\/p>\n<h2>M\u00c1S INFORMACI\u00d3N SOBRE LOS BONOS SOCIALES<\/h2>\n<p>Bono social el\u00e9ctrico del Gobierno de Espa\u00f1a<\/p>\n<p>&nbsp;<\/p>\n<a href=\"https:\/\/www.bonosocial.gob.es\/\" target=\"_blank\" rel=\"noopener\"> ABRIR ENLACE<\/a>\n<p>Tarifa social del canon del agua de la Generalitat<\/p>\n<a href=\"https:\/\/aca.gencat.cat\/ca\/tramits\/tramits-temes\/Tarifa-social-del-canon-de-laigua\" target=\"_blank\" rel=\"noopener\"> ABRIR ENLACE<\/a>\n\n","protected":false},"excerpt":{"rendered":"<div class=\"entry-summary\">\n<div class=\"entry-summary\">\nSERVICIOS ENERG\u00c9TICOS &nbsp; A estas alturas seguro que ya te has dado cuenta que Vilawatt es mucho m\u00e1s que una compa\u00f1\u00eda, \u00a1es un estilo de vida! \u00a1Una manera de hacernos m\u00e1s conscientes de la importancia de la energ\u00eda, el uso&hellip;\n<\/div>\n<div class=\"link-more\"><a href=\"https:\/\/vilawatt.cat\/es\/oficina-vilawatt\/servicios-energeticos\/\" class=\"more-link\">Continue reading<span class=\"screen-reader-text\"> &ldquo;Servicios energ\u00e9ticos&rdquo;<\/span>&hellip;<\/a><\/div>\n<\/div>\n<div class=\"link-more\"><a href=\"https:\/\/vilawatt.cat\/es\/oficina-vilawatt\/servicios-energeticos\/\" class=\"more-link\">Continue reading<span class=\"screen-reader-text\"> &ldquo;Servicios energ\u00e9ticos&rdquo;<\/span>&hellip;<\/a><\/div>\n","protected":false},"author":1,"featured_media":0,"parent":2168,"menu_order":0,"comment_status":"closed","ping_status":"closed","template":"","meta":{"_acf_changed":false,"inline_featured_image":false,"footnotes":""},"class_list":["post-2226","page","type-page","status-publish","hentry","entry"],"acf":[],"_links":{"self":[{"href":"https:\/\/vilawatt.cat\/es\/wp-json\/wp\/v2\/pages\/2226","targetHints":{"allow":["GET"]}}],"collection":[{"href":"https:\/\/vilawatt.cat\/es\/wp-json\/wp\/v2\/pages"}],"about":[{"href":"https:\/\/vilawatt.cat\/es\/wp-json\/wp\/v2\/types\/page"}],"author":[{"embeddable":true,"href":"https:\/\/vilawatt.cat\/es\/wp-json\/wp\/v2\/users\/1"}],"replies":[{"embeddable":true,"href":"https:\/\/vilawatt.cat\/es\/wp-json\/wp\/v2\/comments?post=2226"}],"version-history":[{"count":3,"href":"https:\/\/vilawatt.cat\/es\/wp-json\/wp\/v2\/pages\/2226\/revisions"}],"predecessor-version":[{"id":3513,"href":"https:\/\/vilawatt.cat\/es\/wp-json\/wp\/v2\/pages\/2226\/revisions\/3513"}],"up":[{"embeddable":true,"href":"https:\/\/vilawatt.cat\/es\/wp-json\/wp\/v2\/pages\/2168"}],"wp:attachment":[{"href":"https:\/\/vilawatt.cat\/es\/wp-json\/wp\/v2\/media?parent=2226"}],"curies":[{"name":"wp","href":"https:\/\/api.w.org\/{rel}","templated":true}]}}