{"id":2196,"date":"2022-11-08T11:22:22","date_gmt":"2022-11-08T10:22:22","guid":{"rendered":"https:\/\/vilawatt.cat\/servicio-de-vehiculo-electrico-compartido-con-som-mobilitat\/"},"modified":"2025-10-01T10:06:19","modified_gmt":"2025-10-01T08:06:19","slug":"servicio-de-vehiculo-electrico-compartido-con-som-mobilitat","status":"publish","type":"page","link":"https:\/\/vilawatt.cat\/es\/servicio-de-vehiculo-electrico-compartido-con-som-mobilitat\/","title":{"rendered":"Servicio de veh\u00edculo el\u00e9ctrico compartido con Som Mobilitat"},"content":{"rendered":"\n\n\t<h1>VEH\u00cdCULO COMPARTIDO<\/h1>\n\t\t\t\t<img decoding=\"async\" src=\"https:\/\/vilawatt.cat\/wp-content\/uploads\/2023\/01\/COCHE-VILAWATT-3-e1672746678129.jpeg\" alt=\"COCHE VILAWATT (3)\" itemprop=\"image\" height=\"996\" width=\"1596\" title=\"COCHE VILAWATT (3)\" onerror=\"this.style.display='none'\"  \/>\n\t<h2>\u00a1AVISO IMPORTANTE! Fuera de servicio de manera temporal. Estamos trabajando para que vuelva a funcionar pr\u00f3ximamente.<\/h2>\n<p>El a\u00f1o 2021 pusimos en marcha una prueba piloto de servicio de veh\u00edculo el\u00e9ctrico compartido en colaboraci\u00f3n con la cooperativa <a href=\"https:\/\/www.sommobilitat.coop\/\">Som Mobilitat<\/a>. Esta medida se incluye dentro de las acciones que se est\u00e1n desarrollando para hacer frente al cambio clim\u00e1tico, tal y como se establece en diferentes retos y misiones de la <a href=\"https:\/\/www.viladecans.cat\/ca\/estrategia2030\">Estrategia 2030<\/a> y de la <a href=\"http:\/\/ttps\/www.viladecans.cat\/ca\/agendaurbana\">Agenda Urbana Local<\/a>.<\/p>\n<p>El servicio de movilidad sostenible est\u00e1 abierto al uso de la ciudadan\u00eda, utilizando la app de Som Mobilitat.<\/p>\n<p>Primero hay que <a href=\"https:\/\/www.sommobilitat.coop\/donat-dalta-del-servei\/\" target=\"_blank\" rel=\"noopener\">darse de alta<\/a> haciendo un pago de 10 euros y, una vez la persona ya se ha hecho socia del servicio, puede reservar uno de los dos veh\u00edculos disponibles. El coste por hora es de 4 euros y, en caso de reservar un servicio de 24 horas, la tarifa resulta m\u00e1s econ\u00f3mica, puesto que se puede hacer uso del coche durante un d\u00eda entero por 40 euros.<\/p>\n<p>Los veh\u00edculos se encuentran aparcados en dos de los seis puntos de carga el\u00e9ctricos de la ciudad, en la zona naranja del <a href=\"https:\/\/www.sommobilitat.coop\/aparcament-viladecans-mercat-placa-europa\" target=\"_blank\" rel=\"noopener\">Mercado de plaza Europa<\/a> y en la <a href=\"https:\/\/www.sommobilitat.coop\/aparcament-viladecans-carrer-catalunya\/\" target=\"_blank\" rel=\"noopener\">calle de Catalunya<\/a>, en el Viladecans Business Park. Una vez finaliza el servicio contratado, hay que devolver el veh\u00edculo a su punto de origen.<\/p>\n\n","protected":false},"excerpt":{"rendered":"<div class=\"entry-summary\">\n<div class=\"entry-summary\">\nVEH\u00cdCULO COMPARTIDO \u00a1AVISO IMPORTANTE! Fuera de servicio de manera temporal. Estamos trabajando para que vuelva a funcionar pr\u00f3ximamente. El a\u00f1o 2021 pusimos en marcha una prueba piloto de servicio de veh\u00edculo el\u00e9ctrico compartido en colaboraci\u00f3n con la cooperativa Som Mobilitat.&hellip;\n<\/div>\n<div class=\"link-more\"><a href=\"https:\/\/vilawatt.cat\/es\/servicio-de-vehiculo-electrico-compartido-con-som-mobilitat\/\" class=\"more-link\">Continue reading<span class=\"screen-reader-text\"> &ldquo;Servicio de veh\u00edculo el\u00e9ctrico compartido con Som Mobilitat&rdquo;<\/span>&hellip;<\/a><\/div>\n<\/div>\n<div class=\"link-more\"><a href=\"https:\/\/vilawatt.cat\/es\/servicio-de-vehiculo-electrico-compartido-con-som-mobilitat\/\" class=\"more-link\">Continue reading<span class=\"screen-reader-text\"> &ldquo;Servicio de veh\u00edculo el\u00e9ctrico compartido con Som Mobilitat&rdquo;<\/span>&hellip;<\/a><\/div>\n","protected":false},"author":1,"featured_media":0,"parent":0,"menu_order":0,"comment_status":"closed","ping_status":"closed","template":"","meta":{"_acf_changed":false,"inline_featured_image":false,"footnotes":""},"class_list":["post-2196","page","type-page","status-publish","hentry","entry"],"acf":[],"_links":{"self":[{"href":"https:\/\/vilawatt.cat\/es\/wp-json\/wp\/v2\/pages\/2196","targetHints":{"allow":["GET"]}}],"collection":[{"href":"https:\/\/vilawatt.cat\/es\/wp-json\/wp\/v2\/pages"}],"about":[{"href":"https:\/\/vilawatt.cat\/es\/wp-json\/wp\/v2\/types\/page"}],"author":[{"embeddable":true,"href":"https:\/\/vilawatt.cat\/es\/wp-json\/wp\/v2\/users\/1"}],"replies":[{"embeddable":true,"href":"https:\/\/vilawatt.cat\/es\/wp-json\/wp\/v2\/comments?post=2196"}],"version-history":[{"count":1,"href":"https:\/\/vilawatt.cat\/es\/wp-json\/wp\/v2\/pages\/2196\/revisions"}],"predecessor-version":[{"id":4029,"href":"https:\/\/vilawatt.cat\/es\/wp-json\/wp\/v2\/pages\/2196\/revisions\/4029"}],"wp:attachment":[{"href":"https:\/\/vilawatt.cat\/es\/wp-json\/wp\/v2\/media?parent=2196"}],"curies":[{"name":"wp","href":"https:\/\/api.w.org\/{rel}","templated":true}]}}