{"id":2188,"date":"2022-11-04T10:21:25","date_gmt":"2022-11-04T09:21:25","guid":{"rendered":"https:\/\/vilawatt.cat\/que-som\/la-transicion-energetica-renovable-de-viladecans\/"},"modified":"2024-09-04T12:04:07","modified_gmt":"2024-09-04T10:04:07","slug":"la-transicion-energetica-renovable-de-viladecans","status":"publish","type":"page","link":"https:\/\/vilawatt.cat\/es\/que-som\/la-transicion-energetica-renovable-de-viladecans\/","title":{"rendered":"La Transici\u00f3n Energ\u00e9tica Renovable de Viladecans"},"content":{"rendered":"\n\n\t<h1>La Transici\u00f3n Energ\u00e9tica Renovable de Viladecans<\/h1>\n\t<h2>VILAWATT, TU ENERG\u00cdA 100 % CIUDADANA Y RENOVABLE<\/h2>\n\t<b>Vilawatt es el nombre del proceso local de transici\u00f3n energ\u00e9tica renovable<\/b>, que impulsa el cambio de modelo energ\u00e9tico basado en energ\u00edas f\u00f3siles y nucleares por otro nuevo modelo basado en energ\u00edas descarbonizadas, renovables, pr\u00f3ximas y con mayor participaci\u00f3n de la ciudadan\u00eda, con los objetivos de luchar contra el cambio clim\u00e1tico y hacer m\u00e1s habitable nuestra ciudad.<br \/>\nVilawatt se trata de una <b>iniciativa pionera<\/b> que ha hecho que <b>Viladecans<\/b> sea de las primeras ciudades que est\u00e1 <b>implantando la revoluci\u00f3n energ\u00e9tica renovable y ciudadana<\/b>. Naci\u00f3 de una propuesta del Ayuntamiento de Viladecans que en 2016 tuvo el apoyo de la Uni\u00f3n Europea a trav\u00e9s de la primera convocatoria de las ayudas <b>Urban Innovative Actions (UIA).<\/b> S\u00f3lo tres ciudades fueron escogidas para abordar los retos de la transici\u00f3n energ\u00e9tica desde las ciudad con proyectos innovadores y de implicaci\u00f3n ciudadana: Par\u00eds (Francia), Gotemburgo (Suecia) y Viladecans.\n\t\t\t\t<img decoding=\"async\" src=\"https:\/\/vilawatt.cat\/wp-content\/uploads\/2022\/12\/8-scaled.jpg\" alt=\"8\" itemprop=\"image\" height=\"1707\" width=\"2560\" title=\"8\" onerror=\"this.style.display='none'\"  \/>\n\t\t\t\t<img decoding=\"async\" src=\"https:\/\/vilawatt.cat\/wp-content\/uploads\/2022\/12\/DSC_0874-scaled.jpg\" alt=\"DSC_0874\" itemprop=\"image\" height=\"1707\" width=\"2560\" title=\"DSC_0874\" onerror=\"this.style.display='none'\"  \/>\n\t<p>Vilawatt ha ejecutado diferentes acciones en el \u00e1mbito energ\u00e9tico que est\u00e1n promoviendo una <b>nueva cultura energ\u00e9tica<\/b> para conseguir el empoderamiento ciudadano. Son intervenciones que est\u00e1n impulsando el <b>ahorro de consumos<\/b>, la <b>comercializaci\u00f3n de energ\u00eda renovable<\/b>, la   <b>rehabilitaci\u00f3n energ\u00e9tica de viviendas<\/b>, la <b>generaci\u00f3n energ\u00e9tica solar en edificios para el autoconsumo<\/b>, la implantaci\u00f3n de <b>comunidades energ\u00e9ticas<\/b> para compartir energ\u00eda renovable, la <b>capacitaci\u00f3n profesional de trabajadores<\/b> en tecnolog\u00edas y \u00e1mbitos de los sectores energ\u00e9ticos y de rehabilitaci\u00f3n, as\u00ed como la <b>implantaci\u00f3n de una moneda local<\/b> vinculada a la sostenibilidad social, ambiental y econ\u00f3mica.<\/p>\nVilawatt se ha constituido en <b>consorcio<\/b>, una figura jur\u00eddica que nos ayudar\u00e1 a impulsar proyectos que tengan la implicaci\u00f3n del Ayuntamiento, pero tambi\u00e9n de la ciudadan\u00eda y de las empresas del municipio. Dentro del consocio tenemos una <a href=\"https:\/\/vilawatt.cat\/es\/que-som\/como-nos-organizamos-el-consorcio-vilawatt-la-asociacion-ciudadana\/\">asociaci\u00f3n ciudadana y una asociaci\u00f3n de empresas<\/a> que son las herramientas de empoderamiento ciudadano.\n\t<p>Vilawatt tiene una <a href=\"https:\/\/vilawatt.cat\/es\/que-es-y-donde-encontraras-la-oficina-vilawatt\/\">oficina de asesoramiento y atenci\u00f3n a la ciudadan\u00eda<\/a> <b>en temas energ\u00e9ticos<\/b>. En la <i><b>Oficina Vilawatt<\/b><\/i> te asesoramos sobre c\u00f3mo ahorrar en tus recibos energ\u00e9ticos, c\u00f3mo mejorar tus h\u00e1bitos y tu vivienda para que sea m\u00e1s eficiente y c\u00f3mo se pueden hacer instalaciones fotovoltaicas en tu edificio.<\/p>\nVilawatt tambi\u00e9n <i><b>comercializa energ\u00eda 100 % renovable<\/b><\/i> para la ciudadan\u00eda de Viladecans a partir de compra colectiva de electricidad. Esta es una apuesta para fomentar el uso de energ\u00eda 100 % renovable certificada entre la ciudadan\u00eda y las empresas locales.\nImpulsamos la creaci\u00f3n de <i><b>Comunidades energ\u00e9ticas de Vilawatt<\/b><\/i> <b>que nos ayudar\u00e1n a ofrecer a la ciudadan\u00eda energ\u00eda 100 % renovable de Km0 y m\u00e1s econ\u00f3mica<\/b>.Con estas comunidades energ\u00e9ticas buscamos que en un futuro pr\u00f3ximo se pueda comercializar y compartir una parte importante de la energ\u00eda solar autoproducida en las instalaciones municipales y de las instalaciones de particulares que se sumen a los proyectos<i>.<\/i>\n\t\t\t\t<img decoding=\"async\" src=\"https:\/\/vilawatt.cat\/wp-content\/uploads\/2022\/12\/20180425-5-scaled.jpg\" alt=\"20180425-5\" itemprop=\"image\" height=\"1707\" width=\"2560\" title=\"20180425-5\" onerror=\"this.style.display='none'\"  \/>\n\tVilawatt tambi\u00e9n est\u00e1 impulsando la movilidad el\u00e9ctrica, especialmente la movilidad el\u00e9ctrica compartida. Por eso est\u00e1 promoviendo la instalaci\u00f3n de puntos de carga p\u00fablicos y de puntos en espacios privados, as\u00ed como el apoyo a un proyecto de movilidad el\u00e9ctrica compartida con la cooperativa <i>Somos Movilidad<\/i><i>.<\/i>\n<p>La ambici\u00f3n de la transici\u00f3n energ\u00e9tica renovable, Vilawatt, no tiene l\u00edmite, porque sabemos que podemos contar con la ciudadan\u00eda para construir el presente y el futuro de una Viladecans m\u00e1s habitable y sostenible.<\/p>\n<p><b>Te estamos esperando: S\u00famate ya a la revoluci\u00f3n energ\u00e9tica Vilawatt.<\/b><\/p>\n\n","protected":false},"excerpt":{"rendered":"<div class=\"entry-summary\">\n<div class=\"entry-summary\">\nLa Transici\u00f3n Energ\u00e9tica Renovable de Viladecans VILAWATT, TU ENERG\u00cdA 100 % CIUDADANA Y RENOVABLE Vilawatt es el nombre del proceso local de transici\u00f3n energ\u00e9tica renovable, que impulsa el cambio de modelo energ\u00e9tico basado en energ\u00edas f\u00f3siles y nucleares por otro&hellip;\n<\/div>\n<div class=\"link-more\"><a href=\"https:\/\/vilawatt.cat\/es\/que-som\/la-transicion-energetica-renovable-de-viladecans\/\" class=\"more-link\">Continue reading<span class=\"screen-reader-text\"> &ldquo;La Transici\u00f3n Energ\u00e9tica Renovable de Viladecans&rdquo;<\/span>&hellip;<\/a><\/div>\n<\/div>\n<div class=\"link-more\"><a href=\"https:\/\/vilawatt.cat\/es\/que-som\/la-transicion-energetica-renovable-de-viladecans\/\" class=\"more-link\">Continue reading<span class=\"screen-reader-text\"> &ldquo;La Transici\u00f3n Energ\u00e9tica Renovable de Viladecans&rdquo;<\/span>&hellip;<\/a><\/div>\n","protected":false},"author":1,"featured_media":0,"parent":2176,"menu_order":0,"comment_status":"closed","ping_status":"closed","template":"","meta":{"_acf_changed":false,"inline_featured_image":false,"footnotes":""},"class_list":["post-2188","page","type-page","status-publish","hentry","entry"],"acf":[],"_links":{"self":[{"href":"https:\/\/vilawatt.cat\/es\/wp-json\/wp\/v2\/pages\/2188","targetHints":{"allow":["GET"]}}],"collection":[{"href":"https:\/\/vilawatt.cat\/es\/wp-json\/wp\/v2\/pages"}],"about":[{"href":"https:\/\/vilawatt.cat\/es\/wp-json\/wp\/v2\/types\/page"}],"author":[{"embeddable":true,"href":"https:\/\/vilawatt.cat\/es\/wp-json\/wp\/v2\/users\/1"}],"replies":[{"embeddable":true,"href":"https:\/\/vilawatt.cat\/es\/wp-json\/wp\/v2\/comments?post=2188"}],"version-history":[{"count":1,"href":"https:\/\/vilawatt.cat\/es\/wp-json\/wp\/v2\/pages\/2188\/revisions"}],"predecessor-version":[{"id":3270,"href":"https:\/\/vilawatt.cat\/es\/wp-json\/wp\/v2\/pages\/2188\/revisions\/3270"}],"up":[{"embeddable":true,"href":"https:\/\/vilawatt.cat\/es\/wp-json\/wp\/v2\/pages\/2176"}],"wp:attachment":[{"href":"https:\/\/vilawatt.cat\/es\/wp-json\/wp\/v2\/media?parent=2188"}],"curies":[{"name":"wp","href":"https:\/\/api.w.org\/{rel}","templated":true}]}}