{"id":2183,"date":"2022-11-04T10:56:40","date_gmt":"2022-11-04T09:56:40","guid":{"rendered":"https:\/\/vilawatt.cat\/que-som\/hechos-vilawatt\/"},"modified":"2024-11-05T15:19:17","modified_gmt":"2024-11-05T14:19:17","slug":"hechos-vilawatt","status":"publish","type":"page","link":"https:\/\/vilawatt.cat\/es\/que-som\/hechos-vilawatt\/","title":{"rendered":"Hechos Vilawatt"},"content":{"rendered":"\n\n\t<h1>HECHOS VILAWATT<\/h1>\n\t<p><strong>El 30 de octubre de 2020, una sesi\u00f3n sobre cogobernanza y participaci\u00f3n ciudadana en los procesos de transici\u00f3n energ\u00e9tica sirvi\u00f3 para despedir el apadrinamiento europeo del proyecto Vilawatt. La reuni\u00f3n telem\u00e1tica sirvi\u00f3 para hacer balance de tres a\u00f1os (2017-2020) de ejecuci\u00f3n del proyecto de transici\u00f3n energ\u00e9tica Vilawatt, impulsado gracias a los fondos de la Iniciativa Acciones Urbanas Innovadoras (IAU-FEDER).<\/strong><\/p>\n<p>Vilawatt ha impulsado el proceso hol\u00edstico y participado de implantaci\u00f3n de la transici\u00f3n energ\u00e9tica renovable local, con la creaci\u00f3n del Consorcio Vilawatt, de cariz p\u00fablico-privado, la comercializaci\u00f3n de energ\u00eda renovable con compra colectiva, la rehabilitaci\u00f3n de edificios, la creaci\u00f3n de comunidades de aprendizaje en cultura energ\u00e9tica y una nueva moneda local vinculada a la transici\u00f3n energ\u00e9tica.<\/p>\n\t\t\t\t<a href=\"https:\/\/vilawatt.cat\/wp-content\/uploads\/2022\/12\/infografia.jpg\" target=\"_self\" itemprop=\"url\" rel=\"noopener\">\n\t\t\t\t<img decoding=\"async\" src=\"https:\/\/vilawatt.cat\/wp-content\/uploads\/2022\/12\/infografia.jpg\" alt=\"infografia\" itemprop=\"image\" height=\"492\" width=\"739\" title=\"infografia\" onerror=\"this.style.display='none'\"  \/>\n\t\t\t\t<\/a>\n<div class=\"wm-call-to-action\"><div class=\"wm-call-to-action-content wm-call-to-action-element\"><div class=\"wm-call-to-action-caption wm-call-to-action-element\"><h2>RESUMEN DE LA SESI\u00d3N<\/h2><\/div><p>Vilawatt: Cogobernanza y Participaci\u00f3n Ciutadana en los procesos de Transici\u00f3n Ecol\u00f3gica (PDF\u00a0926 Kb)<\/div><div class=\"wm-call-to-action-button wm-call-to-action-element\"><a href=\"https:\/\/vilawatt.cat\/wp-content\/uploads\/2022\/12\/resum_sessio_cat_v.1.pdf\" class=\"wm-button button size-large\"><span class=\"icon-ion-document-text\" aria-hidden=\"true\"> <\/span>VER DOCUMENTO<\/a><\/div><\/div><div class=\"wm-call-to-action\"><div class=\"wm-call-to-action-content wm-call-to-action-element\"><div class=\"wm-call-to-action-caption wm-call-to-action-element\"><h2>PRESENTACI\u00d3N DEL RESUMEN DEL RESULTADO DEL PROYECTO VILAWATT 2017-2020 Y DE OTROS<\/h2><\/div>Presentaci\u00f3n de los resultados del proyecto Vilawatt (PDF\u00a020 Mb)<\/p><\/div><div class=\"wm-call-to-action-button wm-call-to-action-element\"><a href=\"https:\/\/vilawatt.cat\/wp-content\/uploads\/2022\/12\/dircom20_vilawatt_vdef.pdf\" class=\"wm-button button size-large\"><span class=\"icon-ion-document-text\" aria-hidden=\"true\"> <\/span>VER DOCUMENTO<\/a><\/div><\/div>\n\t<h2>VILAWATT-UTM, UN PROYECTO IMPULSADO POR VILADECANS<\/h2>\n<p>En marzo de 2021, Vilawatt recibi\u00f3 un nuevo reconocimiento como buena pr\u00e1ctica siendo seleccionada para ser replicada en tres ciudades europeas: Tr\u00edkala (Grecia), Seraing (B\u00e9lgica) y Nagykanizsa (Hungr\u00eda) por el Mecanismo de Transferencia <a href=\"https:\/\/urbact.eu\/vilawatt\" target=\"_blank\" rel=\"noopener\">URBACT<\/a> (UTM).<\/p>\n\t\t\t\t<img decoding=\"async\" src=\"https:\/\/vilawatt.cat\/wp-content\/uploads\/2022\/12\/diseno_sin_titulo_18-e1671727955351.png\" alt=\"diseno_sin_titulo_18\" itemprop=\"image\" height=\"254\" width=\"622\" title=\"diseno_sin_titulo_18\" onerror=\"this.style.display='none'\"  \/>\n<h3>\n\t\tLAS CLAVES DEL PROYECTO\n\t<\/h3>\n\t\t\t<a href=\"#\" id=\"fl-accordion--label-0\" tabindex=\"0\" aria-controls=\"fl-accordion--panel-0\">\u00bfQui\u00e9n forma parte?<\/a>\n\t\t\t\t\t\t\t<a href=\"#\" id=\"fl-accordion--icon-0\" tabindex=\"0\" aria-controls=\"fl-accordion--panel-0\"><i>Expand<\/i><\/a>\n\t\t<p>Las cuatro ciudades que participan en este proyecto son Viladecans (coordinadora), Seraing (B\u00e9lgica), Tr\u00edkala (Grecia) y Nagykanizsa (Hungr\u00eda).<\/p>\n\t\t\t<a href=\"#\" id=\"fl-accordion--label-1\" tabindex=\"0\" aria-controls=\"fl-accordion--panel-1\">Objetivo<\/a>\n\t\t\t\t\t\t\t<a href=\"#\" id=\"fl-accordion--icon-1\" tabindex=\"0\" aria-controls=\"fl-accordion--panel-1\"><i>Expand<\/i><\/a>\n\t\t<p>El objetivo principal del proyecto es transferir la experiencia Vilawatt a tres ciudades europeas que tambi\u00e9n se centran en fomentar la transici\u00f3n energ\u00e9tica a trav\u00e9s de la cooperaci\u00f3n con los agentes locales.<\/p>\n\t\t\t<a href=\"#\" id=\"fl-accordion--label-0\" tabindex=\"0\" aria-controls=\"fl-accordion--panel-0\">\u00bfQu\u00e9 es Vilawatt?<\/a>\n\t\t\t\t\t\t\t<a href=\"#\" id=\"fl-accordion--icon-0\" tabindex=\"0\" aria-controls=\"fl-accordion--panel-0\"><i>Expand<\/i><\/a>\n\t\t<p>Vilawatt es una pr\u00e1ctica innovadora, un proyecto pionero de transici\u00f3n energ\u00e9tica impulsado por el Ayuntamiento de Viladecans, que se estructura como un proyecto de cinco pilares en que la asociaci\u00f3n publico-privada-ciudadana (PPCP) es el paraguas de cuatro \u00e1reas de trabajo: rehabilitaci\u00f3n de edificios; servicios de consultor\u00eda energ\u00e9tica, formaci\u00f3n y construcci\u00f3n de comunidades verdes; compra de energ\u00eda a granel y moneda energ\u00e9tica.<\/p>\n\t\t\t<a href=\"#\" id=\"fl-accordion--label-1\" tabindex=\"0\" aria-controls=\"fl-accordion--panel-1\">\u00bfQu\u00e9 son los grupos de apoyo local?<\/a>\n\t\t\t\t\t\t\t<a href=\"#\" id=\"fl-accordion--icon-1\" tabindex=\"0\" aria-controls=\"fl-accordion--panel-1\"><i>Expand<\/i><\/a>\n\t\t<p>Las ciudades socias no est\u00e1n solas para definir sus planes de inversi\u00f3n respectivos para trasladar el Vilawatt a sus regiones. Todos han creado un grupo de agentes locales (denominado Urbact Local Groups-ULG), en que representantes de la administraci\u00f3n p\u00fablica, organizaciones sociales locales y otros actores destacados participan en el proceso de adaptaci\u00f3n de Vilawatt a sus contextos locales.<\/p>\n\t<p>Vilawatt-UTM, que forma parte del programa europeo URBACT y est\u00e1 cofinanciado por el Fondo Europeo de Desarrollo Regional, es un proyecto liderado por Viladecans que tiene como misi\u00f3n adaptar y transferir la pr\u00e1ctica y experiencia innovadora de Vilawatt a otras ciudades participantes.<\/p>\n<p>Para Viladecans, las lecciones aprendidas de su participaci\u00f3n en el proyecto Vilawatt-UTM tendr\u00edan que servirle para desarrollar un plan de adaptaci\u00f3n y mejora de Vilawatt a las necesidades actuales de la ciudadan\u00eda y al contexto estrat\u00e9gico de la ciudad.<\/p>\n\t\t\t\t<img decoding=\"async\" src=\"https:\/\/vilawatt.cat\/wp-content\/uploads\/2022\/12\/diseno_sin_titulo_21-e1671728020598.png\" alt=\"diseno_sin_titulo_21\" itemprop=\"image\" height=\"467\" width=\"568\" title=\"diseno_sin_titulo_21\" onerror=\"this.style.display='none'\"  \/>\n<div class=\"wm-call-to-action\"><div class=\"wm-call-to-action-content wm-call-to-action-element\"><div class=\"wm-call-to-action-caption wm-call-to-action-element\"><h2>NOTA DE PRENSA<\/h2><\/div><p>Vilawatt UIA Energy Transition Project (PDF 111.2 Kb)<\/p><\/div><div class=\"wm-call-to-action-button wm-call-to-action-element\"><a href=\"https:\/\/vilawatt.cat\/wp-content\/uploads\/2022\/12\/the_vilawatt_uia_energy_transition_project.pdf\" class=\"wm-button button size-large\"><span class=\"icon-ion-document-text\" aria-hidden=\"true\"> <\/span>VER DOCUMENTO<\/a><\/div><\/div>\n\t<h2>RECONOCIMIENTOS<\/h2>\n<p>El municipalismo espa\u00f1ol ha premiado a Vilawatt como el mejor proyecto nacional de transici\u00f3n energ\u00e9tica. La novena edici\u00f3n de los <strong>Premios a las Buenas Pr\u00e1cticas por el clima<\/strong>, impulsados por la Federaci\u00f3n Espa\u00f1ola de Municipios (<strong>FEMP<\/strong>) ha reconocido la apuesta del Ayuntamiento por impulsar el paso a un nuevo modelo energ\u00e9tico.<\/p>\n<p><strong>Vilawatt ha conseguido el premio a la Transici\u00f3n Energ\u00e9tica Local<\/strong>, una de las siete categor\u00edas con las que cuentan estos premios, que reconocen la acci\u00f3n local relacionada con la transici\u00f3n energ\u00e9tica y la adaptaci\u00f3n al cambio clim\u00e1tico, y en esta nueva edici\u00f3n se hab\u00edan presentado 73 actuaciones de 45 entidades locales. El alcalde Carles Ruiz recogi\u00f3 este galard\u00f3n el 23 de septiembre 2022 en M\u00e1laga.<\/p>\n\t<meta itemprop=\"name\" content=\"Preio a la Transici\u00f3n Energ\u00e9tica Local de la FEMP\" \/><meta itemprop=\"uploadDate\" content=\"2023-03-21\" \/><meta itemprop=\"thumbnailUrl\" content=\"https:\/\/vilawatt.cat\/wp-content\/uploads\/2023\/02\/vilawatt-scaled.jpg\" \/><meta itemprop=\"description\" content=\"El municipalismo espa\u00f1ol ha premiado a Vilawatt como el mejor proyecto nacional de transici\u00f3n energ\u00e9tica. La novena edici\u00f3n de los Premios a las Buenas Pr\u00e1cticas por el clima, impulsados por la Federaci\u00f3n Espa\u00f1ola de Municipios (FEMP) ha reconocido la apuesta del Ayuntamiento por impulsar el paso a un nuevo modelo energ\u00e9tico. \" \/><meta itemprop=\"contentUrl\" content=\"https:\/\/vilawatt.cat\/es\/que-som\/hechos-vilawatt\/\" \/><meta itemprop=\"embedUrl\" content=\"https:\/\/vilawatt.cat\/es\/que-som\/hechos-vilawatt\/\" \/><meta itemprop=\"url\" content=\"https:\/\/vilawatt.cat\/wp-content\/uploads\/2023\/02\/terru_viladecans2.mp4\" \/><meta itemprop=\"thumbnail\" content=\"https:\/\/vilawatt.cat\/wp-content\/uploads\/2023\/02\/vilawatt-scaled.jpg\" \/><div style=\"width: 640px;\" class=\"wp-video\"><video class=\"wp-video-shortcode\" id=\"video-2183-1\" width=\"640\" height=\"360\" poster=\"https:\/\/vilawatt.cat\/wp-content\/uploads\/2023\/02\/vilawatt-scaled.jpg\" preload=\"none\" controls=\"controls\"><source type=\"video\/mp4\" src=\"https:\/\/vilawatt.cat\/wp-content\/uploads\/2023\/02\/terru_viladecans2.mp4?_=1\" \/><a href=\"https:\/\/vilawatt.cat\/wp-content\/uploads\/2023\/02\/terru_viladecans2.mp4\">https:\/\/vilawatt.cat\/wp-content\/uploads\/2023\/02\/terru_viladecans2.mp4<\/a><\/video><\/div>\n\n","protected":false},"excerpt":{"rendered":"<div class=\"entry-summary\">\n<div class=\"entry-summary\">\nHECHOS VILAWATT El 30 de octubre de 2020, una sesi\u00f3n sobre cogobernanza y participaci\u00f3n ciudadana en los procesos de transici\u00f3n energ\u00e9tica sirvi\u00f3 para despedir el apadrinamiento europeo del proyecto Vilawatt. La reuni\u00f3n telem\u00e1tica sirvi\u00f3 para hacer balance de tres a\u00f1os&hellip;\n<\/div>\n<div class=\"link-more\"><a href=\"https:\/\/vilawatt.cat\/es\/que-som\/hechos-vilawatt\/\" class=\"more-link\">Continue reading<span class=\"screen-reader-text\"> &ldquo;Hechos Vilawatt&rdquo;<\/span>&hellip;<\/a><\/div>\n<\/div>\n<div class=\"link-more\"><a href=\"https:\/\/vilawatt.cat\/es\/que-som\/hechos-vilawatt\/\" class=\"more-link\">Continue reading<span class=\"screen-reader-text\"> &ldquo;Hechos Vilawatt&rdquo;<\/span>&hellip;<\/a><\/div>\n","protected":false},"author":1,"featured_media":0,"parent":2176,"menu_order":0,"comment_status":"closed","ping_status":"closed","template":"","meta":{"_acf_changed":false,"inline_featured_image":false,"footnotes":""},"class_list":["post-2183","page","type-page","status-publish","hentry","entry"],"acf":[],"_links":{"self":[{"href":"https:\/\/vilawatt.cat\/es\/wp-json\/wp\/v2\/pages\/2183","targetHints":{"allow":["GET"]}}],"collection":[{"href":"https:\/\/vilawatt.cat\/es\/wp-json\/wp\/v2\/pages"}],"about":[{"href":"https:\/\/vilawatt.cat\/es\/wp-json\/wp\/v2\/types\/page"}],"author":[{"embeddable":true,"href":"https:\/\/vilawatt.cat\/es\/wp-json\/wp\/v2\/users\/1"}],"replies":[{"embeddable":true,"href":"https:\/\/vilawatt.cat\/es\/wp-json\/wp\/v2\/comments?post=2183"}],"version-history":[{"count":1,"href":"https:\/\/vilawatt.cat\/es\/wp-json\/wp\/v2\/pages\/2183\/revisions"}],"predecessor-version":[{"id":3461,"href":"https:\/\/vilawatt.cat\/es\/wp-json\/wp\/v2\/pages\/2183\/revisions\/3461"}],"up":[{"embeddable":true,"href":"https:\/\/vilawatt.cat\/es\/wp-json\/wp\/v2\/pages\/2176"}],"wp:attachment":[{"href":"https:\/\/vilawatt.cat\/es\/wp-json\/wp\/v2\/media?parent=2183"}],"curies":[{"name":"wp","href":"https:\/\/api.w.org\/{rel}","templated":true}]}}