{"id":2180,"date":"2022-11-04T11:22:16","date_gmt":"2022-11-04T10:22:16","guid":{"rendered":"https:\/\/vilawatt.cat\/que-som\/como-nos-organizamos-el-consorcio-vilawatt-la-asociacion-ciudadana\/"},"modified":"2023-05-26T15:29:43","modified_gmt":"2023-05-26T13:29:43","slug":"como-nos-organizamos","status":"publish","type":"page","link":"https:\/\/vilawatt.cat\/es\/que-som\/como-nos-organizamos\/","title":{"rendered":"\u00bfC\u00f3mo nos organizamos?"},"content":{"rendered":"\n<h1>\u00bfC\u00f3mo nos organizamos?<\/h1>\n\t<h2>EL CONSORCIO VILAWATT<\/h2>\n<p>Para garantizar que Vilawatt pueda intervenir en diferentes \u00e1mbitos del mundo energ\u00e9tico, y que es un proyecto de todo Viladecans que fomenta los proyectos p\u00fablicos-privados y la participaci\u00f3n activa de la ciudadan\u00eda, en marzo de 2019 se cre\u00f3 un consorcio p\u00fablico-privado-ciudadano. El <b>Consorcio Vilawat<\/b> est\u00e1 constituido por el Ayuntamiento de Viladecans, y el \u00c0rea Metropolitana de Barcelona, as\u00ed como dos asociaciones para la transici\u00f3n energ\u00e9tica, una de comerciantes y empresarios y otra de ciudadan\u00eda. La sede del Consorcio es la <strong>Oficina de informaci\u00f3n Vilawatt<\/strong>.<\/p>\n<p>El <strong>principal objetivo de Vilawatt<\/strong>, definido en sus estatutos, <strong>es impulsar y desarrollar el proyecto de transici\u00f3n energ\u00e9tica en la ciudad de Viladecans<\/strong>. El nuevo modelo energ\u00e9tico tiene que convertir la <strong>energ\u00eda renovable<\/strong> y <strong>descarbonizada<\/strong> en un <strong>motor de transformaci\u00f3n y mejora social, econ\u00f3mica y ambiental<\/strong>. Se quiere construir un <strong>modelo energ\u00e9tico m\u00e1s democr\u00e1tico<\/strong>, que garantice el acceso universal a la energ\u00eda y que ayude a construir un modelo econ\u00f3mico de bajas emisiones de CO2 para luchar contra el cambio clim\u00e1tico.<\/p>\n\t\t\t\t<img decoding=\"async\" src=\"https:\/\/vilawatt.cat\/wp-content\/uploads\/2022\/09\/COMPOSICIO-DE-CONSORCI.png\" alt=\"COMPOSICIO-DE-CONSORCI\" itemprop=\"image\" title=\"COMPOSICIO-DE-CONSORCI\" onerror=\"this.style.display='none'\" width=\"643\" height=\"322\">\n<div class=\"wm-call-to-action\"><div class=\"wm-call-to-action-content wm-call-to-action-element\"><div class=\"wm-call-to-action-caption wm-call-to-action-element\"><h2>DOCUMENTACI\u00d3N<\/h2><\/div><p>Estatutos del consorcio (PDF 260Kb)<\/p><\/div><div class=\"wm-call-to-action-button wm-call-to-action-element\"><a href=\"https:\/\/vilawatt.cat\/wp-content\/uploads\/2023\/01\/BOP-EDICTE-ratificacio-definitiva-ESTATUTS-VILAWATT-2021.pdf\" class=\"wm-button button size-large\"><span class=\"icon-ion-document-text\" aria-hidden=\"true\"> <\/span>VER DOCUMENTO<\/a><\/div><\/div>\n","protected":false},"excerpt":{"rendered":"<div class=\"entry-summary\">\n<div class=\"entry-summary\">\n\u00bfC\u00f3mo nos organizamos? EL CONSORCIO VILAWATT Para garantizar que Vilawatt pueda intervenir en diferentes \u00e1mbitos del mundo energ\u00e9tico, y que es un proyecto de todo Viladecans que fomenta los proyectos p\u00fablicos-privados y la participaci\u00f3n activa de la ciudadan\u00eda, en marzo&hellip;\n<\/div>\n<div class=\"link-more\"><a href=\"https:\/\/vilawatt.cat\/es\/que-som\/como-nos-organizamos\/\" class=\"more-link\">Continue reading<span class=\"screen-reader-text\"> &ldquo;\u00bfC\u00f3mo nos organizamos?&rdquo;<\/span>&hellip;<\/a><\/div>\n<\/div>\n<div class=\"link-more\"><a href=\"https:\/\/vilawatt.cat\/es\/que-som\/como-nos-organizamos\/\" class=\"more-link\">Continue reading<span class=\"screen-reader-text\"> &ldquo;\u00bfC\u00f3mo nos organizamos?&rdquo;<\/span>&hellip;<\/a><\/div>\n","protected":false},"author":1,"featured_media":0,"parent":2176,"menu_order":0,"comment_status":"closed","ping_status":"closed","template":"","meta":{"_acf_changed":false,"inline_featured_image":false,"footnotes":""},"class_list":["post-2180","page","type-page","status-publish","hentry","entry"],"acf":[],"_links":{"self":[{"href":"https:\/\/vilawatt.cat\/es\/wp-json\/wp\/v2\/pages\/2180","targetHints":{"allow":["GET"]}}],"collection":[{"href":"https:\/\/vilawatt.cat\/es\/wp-json\/wp\/v2\/pages"}],"about":[{"href":"https:\/\/vilawatt.cat\/es\/wp-json\/wp\/v2\/types\/page"}],"author":[{"embeddable":true,"href":"https:\/\/vilawatt.cat\/es\/wp-json\/wp\/v2\/users\/1"}],"replies":[{"embeddable":true,"href":"https:\/\/vilawatt.cat\/es\/wp-json\/wp\/v2\/comments?post=2180"}],"version-history":[{"count":2,"href":"https:\/\/vilawatt.cat\/es\/wp-json\/wp\/v2\/pages\/2180\/revisions"}],"predecessor-version":[{"id":2379,"href":"https:\/\/vilawatt.cat\/es\/wp-json\/wp\/v2\/pages\/2180\/revisions\/2379"}],"up":[{"embeddable":true,"href":"https:\/\/vilawatt.cat\/es\/wp-json\/wp\/v2\/pages\/2176"}],"wp:attachment":[{"href":"https:\/\/vilawatt.cat\/es\/wp-json\/wp\/v2\/media?parent=2180"}],"curies":[{"name":"wp","href":"https:\/\/api.w.org\/{rel}","templated":true}]}}