{"id":2177,"date":"2022-11-04T11:01:41","date_gmt":"2022-11-04T10:01:41","guid":{"rendered":"https:\/\/vilawatt.cat\/que-som\/catalogo-de-empresas-con-el-sello-de-calidad-vilawatt\/"},"modified":"2024-11-12T14:35:25","modified_gmt":"2024-11-12T13:35:25","slug":"catalogo","status":"publish","type":"page","link":"https:\/\/vilawatt.cat\/es\/catalogo\/","title":{"rendered":"Cat\u00e1logo de empresas con el sello de calidad Vilawatt"},"content":{"rendered":"\n\n\t<h1>cat\u00e1logo de empresas<\/h1>\n\t<h2>CAT\u00c1LOGO DE EMPRESAS Y SERVICIOS<\/h2>\nVilawatt ofrece una <strong>herramienta que recoge las empresas y servicios profesionales homologados<\/strong> del \u00e1mbito de la construcci\u00f3n sostenible y la eficiencia energ\u00e9tica que destacan por su calidad y experiencia.\nEn este cat\u00e1logo podr\u00e1s encontrar desde empresas de construcci\u00f3n de obra nueva, rehabilitaci\u00f3n y reformas a servicios de asesoramiento energ\u00e9tico, consultor\u00eda, recogida y tratamiento de residuos, etc., y siempre <strong>con las garant\u00edas que ofrece el sello Vilawatt<\/strong>.\n\n\t\t\t\t<img decoding=\"async\" src=\"https:\/\/vilawatt.cat\/wp-content\/uploads\/2022\/09\/LOGO-W.png\" alt=\"LOGO-W\" itemprop=\"image\" height=\"480\" width=\"640\" title=\"LOGO-W\" onerror=\"this.style.display='none'\"  \/>\n\t<p>El sello Vilawatt es un sello de calidad que certifica que las empresas y servicios <strong>han acreditado y cumplen una serie de requisitos obligatorios en materia legal, ambiental y de calidad<\/strong>. Hay tres niveles de sello Vilawatt en funci\u00f3n del compromiso de la empresa y\/o servicio con la eficiencia energ\u00e9tica, la sostenibilidad y la calidad.<\/p>\n<div class=\"wm-call-to-action\"><div class=\"wm-call-to-action-content wm-call-to-action-element\"><div class=\"wm-call-to-action-caption wm-call-to-action-element\"><h2>ENCUENTRA AQU\u00cd EL SERVICIO O EMPRESA QUE BUSCAS<\/h2><\/div><p>Cat\u00e1logo de Servicios (PDF 613.43 Kb)<\/p><\/div><div class=\"wm-call-to-action-button wm-call-to-action-element\"><a href=\"https:\/\/vilawatt.cat\/wp-content\/uploads\/2022\/12\/vilawatt_cataleg_serveis_digital.pdf\" class=\"wm-button button size-large\" target=\"_blank\"><span class=\"icon-ion-document-text\" aria-hidden=\"true\"> <\/span>VER DOCUMENTO<\/a><\/div><\/div>\n","protected":false},"excerpt":{"rendered":"<div class=\"entry-summary\">\n<div class=\"entry-summary\">\ncat\u00e1logo de empresas CAT\u00c1LOGO DE EMPRESAS Y SERVICIOS Vilawatt ofrece una herramienta que recoge las empresas y servicios profesionales homologados del \u00e1mbito de la construcci\u00f3n sostenible y la eficiencia energ\u00e9tica que destacan por su calidad y experiencia. En este cat\u00e1logo&hellip;\n<\/div>\n<div class=\"link-more\"><a href=\"https:\/\/vilawatt.cat\/es\/catalogo\/\" class=\"more-link\">Continue reading<span class=\"screen-reader-text\"> &ldquo;Cat\u00e1logo de empresas con el sello de calidad Vilawatt&rdquo;<\/span>&hellip;<\/a><\/div>\n<\/div>\n<div class=\"link-more\"><a href=\"https:\/\/vilawatt.cat\/es\/catalogo\/\" class=\"more-link\">Continue reading<span class=\"screen-reader-text\"> &ldquo;Cat\u00e1logo de empresas con el sello de calidad Vilawatt&rdquo;<\/span>&hellip;<\/a><\/div>\n","protected":false},"author":1,"featured_media":0,"parent":0,"menu_order":0,"comment_status":"closed","ping_status":"closed","template":"","meta":{"_acf_changed":false,"inline_featured_image":false,"footnotes":""},"class_list":["post-2177","page","type-page","status-publish","hentry","entry"],"acf":[],"_links":{"self":[{"href":"https:\/\/vilawatt.cat\/es\/wp-json\/wp\/v2\/pages\/2177","targetHints":{"allow":["GET"]}}],"collection":[{"href":"https:\/\/vilawatt.cat\/es\/wp-json\/wp\/v2\/pages"}],"about":[{"href":"https:\/\/vilawatt.cat\/es\/wp-json\/wp\/v2\/types\/page"}],"author":[{"embeddable":true,"href":"https:\/\/vilawatt.cat\/es\/wp-json\/wp\/v2\/users\/1"}],"replies":[{"embeddable":true,"href":"https:\/\/vilawatt.cat\/es\/wp-json\/wp\/v2\/comments?post=2177"}],"version-history":[{"count":5,"href":"https:\/\/vilawatt.cat\/es\/wp-json\/wp\/v2\/pages\/2177\/revisions"}],"predecessor-version":[{"id":3517,"href":"https:\/\/vilawatt.cat\/es\/wp-json\/wp\/v2\/pages\/2177\/revisions\/3517"}],"wp:attachment":[{"href":"https:\/\/vilawatt.cat\/es\/wp-json\/wp\/v2\/media?parent=2177"}],"curies":[{"name":"wp","href":"https:\/\/api.w.org\/{rel}","templated":true}]}}