{"id":2175,"date":"2022-11-08T10:41:23","date_gmt":"2022-11-08T09:41:23","guid":{"rendered":"https:\/\/vilawatt.cat\/que-es-y-donde-encontraras-la-oficina-vilawatt\/vilawatt-en-las-escuelas\/"},"modified":"2024-01-25T13:20:34","modified_gmt":"2024-01-25T12:20:34","slug":"vilawatt-en-las-escuelas","status":"publish","type":"page","link":"https:\/\/vilawatt.cat\/es\/oficina-vilawatt\/vilawatt-en-las-escuelas\/","title":{"rendered":"Vilawatt en las escuelas"},"content":{"rendered":"\n\n\t<h1>VILAWATT EN LAS ESCUELAS<\/h1>\n\t<h2>OR\u00cdGENES<\/h2>\n<p>En Viladecans, desde el a\u00f1o 2014 se ha impulsado la campa\u00f1a de ahorro energ\u00e9tico 50\/50 en las escuelas, uno de los recursos que forma parte del cat\u00e1logo de servicios de la Diputaci\u00f3n de Barcelona. <\/p>\n<p>En este proyecto se promueve que las escuelas lleven a cabo acciones de ahorro energ\u00e9tico mediante un plan de acciones de ahorro y una recompensa econ\u00f3mica. Cada a\u00f1o se registra el consumo de energ\u00eda de cada escuela y se compara con el del a\u00f1o anterior. Si ha habido ahorro, el 50 % se da en la escuela y el otro 50 % se lo queda el Ayuntamiento. Este dinero se invierte en m\u00e1s medidas para continuar ahorrando como, por ejemplo, cambiar la iluminaci\u00f3n por LEDS o poner reguladores en los radiadores.<\/p>\n<p>Cuando se inici\u00f3 el Vilawatt, el proyecto 50\/50 se incorpor\u00f3 a la nueva estrategia energ\u00e9tica de la ciudad y al proyecto europeo que estaba en marcha. De este modo, el proyecto 50\/50 pas\u00f3 a llamarse <strong>Espacio Vilawatt Escuelas<\/strong>.<\/p>\n\t\t\t\t<img decoding=\"async\" src=\"https:\/\/vilawatt.cat\/wp-content\/uploads\/2023\/01\/20191017-60-scaled.jpg\" alt=\"20191017-60\" itemprop=\"image\" height=\"1707\" width=\"2560\" title=\"20191017-60\" onerror=\"this.style.display='none'\"  \/>\n\t\t\t\t<img decoding=\"async\" src=\"https:\/\/vilawatt.cat\/wp-content\/uploads\/2023\/01\/20191017-21-scaled.jpg\" alt=\"20191017-21\" itemprop=\"image\" height=\"1707\" width=\"2560\" title=\"20191017-21\" onerror=\"this.style.display='none'\"  \/>\n\t<h2>EL PROYECTO<\/h2>\n<p>En este marco y con la ayuda del fondo europeo y de subvenciones de la Diputaci\u00f3n, se mejor\u00f3 el proyecto a\u00f1adiendo tambi\u00e9n una dinamizaci\u00f3n con el alumnado de las escuelas. Esta es una manera de implicar tambi\u00e9n a los y las estudiantes en el ahorro energ\u00e9tico y sensibilizarlos sobre el tema de la transici\u00f3n energ\u00e9tica. <\/p>\n<p>Existen tres motivos por los cuales se han elegido los centros educativos como instalaciones esenciales en la transici\u00f3n energ\u00e9tica:<\/p>\n<ul>\n<li>Tienen una importancia destacada como consumidores.<\/li>\n<li>Son un espacio de educaci\u00f3n, donde el aprendizaje del alumnado traspasar\u00e1 a los hogares y al futuro.<\/li>\n<li>La predisposici\u00f3n de toda la comunidad educativa a colaborar.<\/li>\n<\/ul>\n\t<h2>ETAPAS DEL PROYECTO<\/h2>\n<p>El Espacio Vilawatt Escuelas se desarrolla a lo largo de todo el curso escolar e incluye diferentes etapas: <\/p>\n\t\t\t<a href=\"#\" id=\"fl-accordion--label-0\" tabindex=\"0\" aria-controls=\"fl-accordion--panel-0\">Puesta en marcha del proyecto<\/a>\n\t\t\t\t\t\t\t<a href=\"#\" id=\"fl-accordion--icon-0\" tabindex=\"0\" aria-controls=\"fl-accordion--panel-0\"><i>Expand<\/i><\/a>\n\t\t<p>Reuni\u00f3n inicial con el Ayuntamiento y los diferentes centros educativos del municipio que participan en el proyecto. Se hace la presentaci\u00f3n del proyecto en cada centro, puesta al d\u00eda del centro respecto a otros proyectos relacionados realizados en a\u00f1os anteriores, determinaci\u00f3n del nivel y n\u00famero de grupos clase que conformar\u00e1n el equipo energ\u00e9tico de cada centro y concreci\u00f3n del calendario de las sesiones de dinamizaci\u00f3n con el alumnado.<\/p>\n<p>&nbsp;<\/p>\n\t\t\t<a href=\"#\" id=\"fl-accordion--label-1\" tabindex=\"0\" aria-controls=\"fl-accordion--panel-1\">Sesiones dinamizadas con las siguientes tareas<\/a>\n\t\t\t\t\t\t\t<a href=\"#\" id=\"fl-accordion--icon-1\" tabindex=\"0\" aria-controls=\"fl-accordion--panel-1\"><i>Expand<\/i><\/a>\n\t\t<ul>\n<li><strong>Sesi\u00f3n 1<\/strong>. Presentaci\u00f3n del proyecto. Explicaci\u00f3n del proyecto y de las tareas a realizar al equipo energ\u00e9tico, las y los alumnos encargados de llevar a cabo el proyecto en cada centro. Tambi\u00e9n se dan las indicaciones de c\u00f3mo hacer la diagnosis. Se aprovecha la visita para recoger algunos datos del edificio y hablar con conserjer\u00eda, maestros y otros trabajadores del centro.<\/li>\n<li><strong>Sesi\u00f3n 2<\/strong>. Resultados de la diagnosis. Puesta en com\u00fan de la diagnosis general del centro (a nivel t\u00e9rmico, lum\u00ednico, de h\u00e1bitos de las personas trabajadoras y usuarias, etc.) y detecci\u00f3n de posibles mejoras. Evaluaci\u00f3n de los resultados de la encuesta en l\u00ednea respondida por los trabajadores del centro. Planteamiento de posibles acciones a llevar a cabo en el centro derivadas de la diagnosis y de los resultados de la encuesta.<\/li>\n<li><strong>Sesi\u00f3n 3<\/strong>. Plan de acci\u00f3n. Sesi\u00f3n dedicada al dise\u00f1o del plan de acci\u00f3n del centro donde el equipo energ\u00e9tico (cada grupo clase) nos detalla las acciones que han decidido hacer desde la escuela y las que quieren pedir al Ayuntamiento.<\/li>\n<li><strong>Sesi\u00f3n 4<\/strong>. Cierre y juego ACTIWATT. En esta \u00faltima sesi\u00f3n presencial se realiza el juego ACTIWATT con el equipo energ\u00e9tico. Se hace un cierre del proyecto (pasos que se han llevado a cabo, qu\u00e9 conclusiones se han extra\u00eddo y que han aprendido los y las participantes). Se comunica a las y los maestros que se les enviar\u00e1 una peque\u00f1a presentaci\u00f3n de cierre del proyecto una vez hayamos recibido el plan de acci\u00f3n que incluye todos los pasos llevados a cabo, un resumen de la diagnosis de cada centro, el plan de acci\u00f3n y los datos de consumos del curso comparado con el curso anterior.<\/li>\n<\/ul>\n<p>&nbsp;<\/p>\n\t\t\t<a href=\"#\" id=\"fl-accordion--label-2\" tabindex=\"0\" aria-controls=\"fl-accordion--panel-2\">Premios de Eficiencia Energ\u00e9tica para Centros Educativos<\/a>\n\t\t\t\t\t\t\t<a href=\"#\" id=\"fl-accordion--icon-2\" tabindex=\"0\" aria-controls=\"fl-accordion--panel-2\"><i>Expand<\/i><\/a>\n\t\t<p>El proyecto contin\u00faa incorporando una recompensa econ\u00f3mica que se va adaptando seg\u00fan la situaci\u00f3n. Desde hace unos a\u00f1os, nos hemos encontrado que las escuelas ya hab\u00edan hecho efectivas muchas acciones de ahorro energ\u00e9tico y los consumos de un a\u00f1o al otro no variaban. Dada esta situaci\u00f3n se han creado los Premios de Eficiencia Energ\u00e9tica para Centros Educativos, en los cuales se premia tanto el ahorro como las acciones de sensibilizaci\u00f3n que se hacen en las escuelas.<\/p>\n<p>Los premios quieren poner en valor la tarea hecha por los centros educativos para la sensibilizaci\u00f3n del alumnado y la comunidad educativa en materia de ahorro energ\u00e9tico. Las acciones que se tienen en cuenta y que est\u00e1n relacionadas con las sesiones de dinamizaci\u00f3n del alumnado son:<\/p>\n<ul>\n<li><b>Acciones organizativas:<\/b> El centro constituir\u00e1 un grupo energ\u00e9tico responsable de dinamizar y coordinar el proyecto en la escuela, que se reunir\u00e1 peri\u00f3dicamente y dise\u00f1ar\u00e1 y facilitar\u00e1 la implementaci\u00f3n y difusi\u00f3n del plan de acciones. Se podr\u00e1 complementar este grupo energ\u00e9tico con la creaci\u00f3n de otros equipos espec\u00edficos de trabajo, como ecodelegados o equipos dise\u00f1ados para materializar acciones espec\u00edficas o campa\u00f1as que integren uno o diferentes grupos de trabajadores y usuarios.<\/li>\n<li><b>Acciones de mejora de la gesti\u00f3n y uso del edificio y las instalaciones: <\/b>Se entiende por acciones de gesti\u00f3n y uso aquellas que tengan que ver con la mejora y la toma de conciencia de los h\u00e1bitos y pr\u00e1cticas de los usuarios del edificio respecto a c\u00f3mo utilizan el edificio y las instalaciones para regular la iluminaci\u00f3n, la climatizaci\u00f3n y los aparatos que usan energ\u00eda. Tambi\u00e9n entran en este apartado aquellas acciones que incluyan repensar c\u00f3mo se usan y se habilitan los espacios para que se haga un uso m\u00e1s eficiente de la luz natural y condiciones de confort (redistribuci\u00f3n del uso de las aulas, redistribuci\u00f3n del mobiliario, concentraci\u00f3n de uso en un sector concreto&#8230;). Estas se dise\u00f1ar\u00e1n teniendo en cuenta criterios de consumo consciente y manteniendo los niveles de confort suficientes para la consecuci\u00f3n de las actividades. En la planificaci\u00f3n y el seguimiento de las actuaciones, el grupo energ\u00e9tico tendr\u00e1 que llevar un registro con una breve descripci\u00f3n de cada actuaci\u00f3n y con la asignaci\u00f3n de las personas responsables, adem\u00e1s de la fecha de ejecuci\u00f3n.<\/li>\n<li><b>Acciones de aprendizaje y difusi\u00f3n: <\/b>El centro definir\u00e1 acciones concretas para transmitir los conocimientos y experiencias adquiridas durante el programa a las personas usuarias del edificio -trabajadores, alumnos, personal externo, familias- para que hagan un uso responsable de la energ\u00eda. Las personas que conforman el grupo energ\u00e9tico del centro velar\u00e1n por que se cuide este aspecto en los diferentes grupos de trabajo.<\/li>\n<\/ul>\n<p>&nbsp;<\/p>\n\t<iframe title=\"El Vilawatt Escoles millora els h\u00e0bits energ\u00e8tics (9-6-2021)\" width=\"1200\" height=\"675\" src=\"https:\/\/www.youtube.com\/embed\/8pkOKLP1b8Y?feature=oembed\" frameborder=\"0\" allow=\"accelerometer; autoplay; clipboard-write; encrypted-media; gyroscope; picture-in-picture; web-share\" allowfullscreen><\/iframe>\n\t<iframe title=\"Can\u00e7\u00f3 del Vilawatt (4-7-2018)\" width=\"1200\" height=\"675\" src=\"https:\/\/www.youtube.com\/embed\/23-ERzPhtXY?feature=oembed\" frameborder=\"0\" allow=\"accelerometer; autoplay; clipboard-write; encrypted-media; gyroscope; picture-in-picture; web-share\" allowfullscreen><\/iframe>\n\n","protected":false},"excerpt":{"rendered":"<div class=\"entry-summary\">\n<div class=\"entry-summary\">\nVILAWATT EN LAS ESCUELAS OR\u00cdGENES En Viladecans, desde el a\u00f1o 2014 se ha impulsado la campa\u00f1a de ahorro energ\u00e9tico 50\/50 en las escuelas, uno de los recursos que forma parte del cat\u00e1logo de servicios de la Diputaci\u00f3n de Barcelona. En&hellip;\n<\/div>\n<div class=\"link-more\"><a href=\"https:\/\/vilawatt.cat\/es\/oficina-vilawatt\/vilawatt-en-las-escuelas\/\" class=\"more-link\">Continue reading<span class=\"screen-reader-text\"> &ldquo;Vilawatt en las escuelas&rdquo;<\/span>&hellip;<\/a><\/div>\n<\/div>\n<div class=\"link-more\"><a href=\"https:\/\/vilawatt.cat\/es\/oficina-vilawatt\/vilawatt-en-las-escuelas\/\" class=\"more-link\">Continue reading<span class=\"screen-reader-text\"> &ldquo;Vilawatt en las escuelas&rdquo;<\/span>&hellip;<\/a><\/div>\n","protected":false},"author":1,"featured_media":0,"parent":2168,"menu_order":0,"comment_status":"closed","ping_status":"closed","template":"","meta":{"_acf_changed":false,"inline_featured_image":false,"footnotes":""},"class_list":["post-2175","page","type-page","status-publish","hentry","entry"],"acf":[],"_links":{"self":[{"href":"https:\/\/vilawatt.cat\/es\/wp-json\/wp\/v2\/pages\/2175","targetHints":{"allow":["GET"]}}],"collection":[{"href":"https:\/\/vilawatt.cat\/es\/wp-json\/wp\/v2\/pages"}],"about":[{"href":"https:\/\/vilawatt.cat\/es\/wp-json\/wp\/v2\/types\/page"}],"author":[{"embeddable":true,"href":"https:\/\/vilawatt.cat\/es\/wp-json\/wp\/v2\/users\/1"}],"replies":[{"embeddable":true,"href":"https:\/\/vilawatt.cat\/es\/wp-json\/wp\/v2\/comments?post=2175"}],"version-history":[{"count":1,"href":"https:\/\/vilawatt.cat\/es\/wp-json\/wp\/v2\/pages\/2175\/revisions"}],"predecessor-version":[{"id":2598,"href":"https:\/\/vilawatt.cat\/es\/wp-json\/wp\/v2\/pages\/2175\/revisions\/2598"}],"up":[{"embeddable":true,"href":"https:\/\/vilawatt.cat\/es\/wp-json\/wp\/v2\/pages\/2168"}],"wp:attachment":[{"href":"https:\/\/vilawatt.cat\/es\/wp-json\/wp\/v2\/media?parent=2175"}],"curies":[{"name":"wp","href":"https:\/\/api.w.org\/{rel}","templated":true}]}}