{"id":2170,"date":"2022-11-08T10:35:31","date_gmt":"2022-11-08T09:35:31","guid":{"rendered":"https:\/\/vilawatt.cat\/que-es-y-donde-encontraras-la-oficina-vilawatt\/espacio-de-cultura-energetica-para-la-gente\/"},"modified":"2024-11-05T14:52:40","modified_gmt":"2024-11-05T13:52:40","slug":"espacio-de-cultura-energetica-para-la-gente","status":"publish","type":"page","link":"https:\/\/vilawatt.cat\/es\/oficina-vilawatt\/espacio-de-cultura-energetica-para-la-gente\/","title":{"rendered":"Espacio de cultura energ\u00e9tica para la gente"},"content":{"rendered":"\n\n\t<h1>CULTURA ENERG\u00c9TICA<\/h1>\n\t<h3>1er CICLO DE CONFERENCIAS SOBRE TRANSICI\u00d3N ENERG\u00c9TICA RENOVABLE Y COMUNIDADES ENERG\u00c9TICAS VILAWATT<\/h3>\n<p><strong>\u00bfQuieres aprender a ahorrar energ\u00eda en tu casa?<\/strong><\/p>\n\t<iframe title=\"Xerradea estalvi i eficiencia energetica a la llar\" width=\"1200\" height=\"675\" src=\"https:\/\/www.youtube.com\/embed\/DBgsZ9uezIs?feature=oembed\" frameborder=\"0\" allow=\"accelerometer; autoplay; clipboard-write; encrypted-media; gyroscope; picture-in-picture; web-share\" allowfullscreen><\/iframe>\n<div class=\"wm-call-to-action\"><div class=\"wm-call-to-action-content wm-call-to-action-element\"><div class=\"wm-call-to-action-caption wm-call-to-action-element\"><h2>\u00a1APRENDE M\u00c1S SOBRE ENERG\u00cdA!<\/h2><\/div><p>\u00bfC\u00f3mo funciona el sistema el\u00e9ctrico?<\/div><div class=\"wm-call-to-action-button wm-call-to-action-element\"><a href=\"https:\/\/vilawatt.cat\/wp-content\/uploads\/2023\/12\/mod-fitxa1-CAST.pdf\" class=\"wm-button button size-large\" target=\"_blank\"><span class=\"icon-ion-document-text\" aria-hidden=\"true\"> <\/span>VER DOCUMENTO<\/a><\/div><\/div><div class=\"wm-call-to-action\"><div class=\"wm-call-to-action-content wm-call-to-action-element\">\u00bfQu\u00e9 son las energ\u00edas renovables?<\/div><div class=\"wm-call-to-action-button wm-call-to-action-element\"><a href=\"https:\/\/vilawatt.cat\/wp-content\/uploads\/2023\/12\/mod-fitxa2-CAST.pdf\" class=\"wm-button button size-large\" target=\"_blank\"><span class=\"icon-ion-document-text\" aria-hidden=\"true\"> <\/span>VER DOCUMENTO<\/a><\/div><\/div><div class=\"wm-call-to-action\"><div class=\"wm-call-to-action-content wm-call-to-action-element\">\u00bfC\u00f3mo puedo saber qu\u00e9 me cobran en la factura de la luz?<\/div><div class=\"wm-call-to-action-button wm-call-to-action-element\"><a href=\"https:\/\/vilawatt.cat\/wp-content\/uploads\/2023\/12\/mod-fitxa3-CAST.pdf\" class=\"wm-button button size-large\" target=\"_blank\"><span class=\"icon-ion-document-text\" aria-hidden=\"true\"> <\/span>VER DOCUMENTO<\/a><\/div><\/div><div class=\"wm-call-to-action\"><div class=\"wm-call-to-action-content wm-call-to-action-element\">Ll\u00e9nate de buena energ\u00eda con la oficina Vilawatt<\/div><div class=\"wm-call-to-action-button wm-call-to-action-element\"><a href=\"https:\/\/vilawatt.cat\/wp-content\/uploads\/2023\/12\/mod-fitxa4-CAST.pdf\" class=\"wm-button button size-large\" target=\"_blank\"><span class=\"icon-ion-document-text\" aria-hidden=\"true\"> <\/span>VER DOCUMENTO<\/a><\/div><\/div><div class=\"wm-call-to-action\"><div class=\"wm-call-to-action-content wm-call-to-action-element\">El bono social y de justicia energ\u00e9tica<\/div><div class=\"wm-call-to-action-button wm-call-to-action-element\"><a href=\"https:\/\/vilawatt.cat\/wp-content\/uploads\/2023\/12\/mod-fitxa5-CAST.pdf\" class=\"wm-button button size-large\" target=\"_blank\"><span class=\"icon-ion-document-text\" aria-hidden=\"true\"> <\/span>VER DOCUMENTO<\/a><\/div><\/div><div class=\"wm-call-to-action\"><div class=\"wm-call-to-action-content wm-call-to-action-element\">\u00bfCu\u00e1nto consume mi lavadora? \u00bfCu\u00e1nto me cuesta la iluminaci\u00f3n?<\/div><div class=\"wm-call-to-action-button wm-call-to-action-element\"><a href=\"https:\/\/vilawatt.cat\/wp-content\/uploads\/2023\/12\/mod-fitxa6-CAST.pdf\" class=\"wm-button button size-large\" target=\"_blank\"><span class=\"icon-ion-document-text\" aria-hidden=\"true\"> <\/span>VER DOCUMENTO<\/a><\/div><\/div><div class=\"wm-call-to-action\"><div class=\"wm-call-to-action-content wm-call-to-action-element\">Calor y frio eficientes<\/div><div class=\"wm-call-to-action-button wm-call-to-action-element\"><a href=\"https:\/\/vilawatt.cat\/wp-content\/uploads\/2023\/12\/mod-fitxa7-CAST.pdf\" class=\"wm-button button size-large\" target=\"_blank\"><span class=\"icon-ion-document-text\" aria-hidden=\"true\"> <\/span>VER DOCUMENTO<\/a><\/div><\/div><div class=\"wm-call-to-action\"><div class=\"wm-call-to-action-content wm-call-to-action-element\">5 consejos para ahorrar en casa de forma f\u00e1cil y en familia<\/div><div class=\"wm-call-to-action-button wm-call-to-action-element\"><a href=\"https:\/\/vilawatt.cat\/wp-content\/uploads\/2023\/12\/mod-fitxa8-CAST.pdf\" class=\"wm-button button size-large\" target=\"_blank\"><span class=\"icon-ion-document-text\" aria-hidden=\"true\"> <\/span>VER DOCUMENTO<\/a><\/div><\/div><div class=\"wm-call-to-action\"><div class=\"wm-call-to-action-content wm-call-to-action-element\">\u00bfQu\u00e9 es el autoconsumo fotovoltaico?<\/p><\/div><div class=\"wm-call-to-action-button wm-call-to-action-element\"><a href=\"https:\/\/vilawatt.cat\/wp-content\/uploads\/2023\/12\/mod-fitxa9-CAST.pdf\" class=\"wm-button button size-large\" target=\"_blank\"><span class=\"icon-ion-document-text\" aria-hidden=\"true\"> <\/span>VER DOCUMENTO<\/a><\/div><\/div>\n","protected":false},"excerpt":{"rendered":"<div class=\"entry-summary\">\n<div class=\"entry-summary\">\nCULTURA ENERG\u00c9TICA 1er CICLO DE CONFERENCIAS SOBRE TRANSICI\u00d3N ENERG\u00c9TICA RENOVABLE Y COMUNIDADES ENERG\u00c9TICAS VILAWATT \u00bfQuieres aprender a ahorrar energ\u00eda en tu casa?\n<\/div>\n<div class=\"link-more\"><a href=\"https:\/\/vilawatt.cat\/es\/oficina-vilawatt\/espacio-de-cultura-energetica-para-la-gente\/\" class=\"more-link\">Continue reading<span class=\"screen-reader-text\"> &ldquo;Espacio de cultura energ\u00e9tica para la gente&rdquo;<\/span>&hellip;<\/a><\/div>\n<\/div>\n<div class=\"link-more\"><a href=\"https:\/\/vilawatt.cat\/es\/oficina-vilawatt\/espacio-de-cultura-energetica-para-la-gente\/\" class=\"more-link\">Continue reading<span class=\"screen-reader-text\"> &ldquo;Espacio de cultura energ\u00e9tica para la gente&rdquo;<\/span>&hellip;<\/a><\/div>\n","protected":false},"author":1,"featured_media":0,"parent":2168,"menu_order":0,"comment_status":"closed","ping_status":"closed","template":"","meta":{"_acf_changed":false,"inline_featured_image":false,"footnotes":""},"class_list":["post-2170","page","type-page","status-publish","hentry","entry"],"acf":[],"_links":{"self":[{"href":"https:\/\/vilawatt.cat\/es\/wp-json\/wp\/v2\/pages\/2170","targetHints":{"allow":["GET"]}}],"collection":[{"href":"https:\/\/vilawatt.cat\/es\/wp-json\/wp\/v2\/pages"}],"about":[{"href":"https:\/\/vilawatt.cat\/es\/wp-json\/wp\/v2\/types\/page"}],"author":[{"embeddable":true,"href":"https:\/\/vilawatt.cat\/es\/wp-json\/wp\/v2\/users\/1"}],"replies":[{"embeddable":true,"href":"https:\/\/vilawatt.cat\/es\/wp-json\/wp\/v2\/comments?post=2170"}],"version-history":[{"count":3,"href":"https:\/\/vilawatt.cat\/es\/wp-json\/wp\/v2\/pages\/2170\/revisions"}],"predecessor-version":[{"id":3460,"href":"https:\/\/vilawatt.cat\/es\/wp-json\/wp\/v2\/pages\/2170\/revisions\/3460"}],"up":[{"embeddable":true,"href":"https:\/\/vilawatt.cat\/es\/wp-json\/wp\/v2\/pages\/2168"}],"wp:attachment":[{"href":"https:\/\/vilawatt.cat\/es\/wp-json\/wp\/v2\/media?parent=2170"}],"curies":[{"name":"wp","href":"https:\/\/api.w.org\/{rel}","templated":true}]}}