{"id":2168,"date":"2022-11-08T10:10:07","date_gmt":"2022-11-08T09:10:07","guid":{"rendered":"https:\/\/vilawatt.cat\/que-es-y-donde-encontraras-la-oficina-vilawatt\/"},"modified":"2024-11-05T15:24:16","modified_gmt":"2024-11-05T14:24:16","slug":"oficina-vilawatt","status":"publish","type":"page","link":"https:\/\/vilawatt.cat\/es\/oficina-vilawatt\/","title":{"rendered":"\u00bfQu\u00e9 es y d\u00f3nde encontrar\u00e1s la Oficina Vilawatt?"},"content":{"rendered":"\n\n\t<h1>OFICINA VILAWATT<\/h1>\n\t\t\t\t<img decoding=\"async\" src=\"https:\/\/vilawatt.cat\/wp-content\/uploads\/2022\/12\/DSC_0372-scaled.jpg\" alt=\"DSC_0372\" itemprop=\"image\" height=\"1707\" width=\"2560\" title=\"DSC_0372\" onerror=\"this.style.display='none'\"  \/>\n\t<p><strong>Vilawatt Informaci\u00f3<\/strong> es la oficina de la compa\u00f1\u00eda Vilawatt y, por lo tanto, el punto donde podr\u00e1s solicitar los diversos servicios de esta a medida que se pongan en marcha. Tendr\u00e1s que pasar por aqu\u00ed para darte de alta del:<\/p>\n<ul>\n<li><a href=\"https:\/\/vilawatt.cat\/ca\/contractaenergia\">Suministro energ\u00e9tico de luz.<\/a><\/li>\n<li><a href=\"https:\/\/vilawatt.cat\/moneda\/\">Moneda local.<\/a><\/li>\n<li><a href=\"https:\/\/vilawatt.cat\/ca\/organitzacio\">Asociaci\u00f3n ciudadana o profesional para la transici\u00f3n energ\u00e9tica.<\/a><\/li>\n<\/ul>\n<h2>\u00bfQU\u00c9 ES Y D\u00d3NDE ENCONTRAR\u00c1S LA OFICINA VILAWATT?<\/h2>\n<p>La Oficina Vilawatt es el espacio donde ofrecemos asesoramiento energ\u00e9tico y en ella podr\u00e1s hacer diferentes tr\u00e1mites para mejorar tu factura energ\u00e9tica.<\/p>\n\t\t\t\t<img decoding=\"async\" src=\"https:\/\/vilawatt.cat\/wp-content\/uploads\/2022\/12\/DSC_0314-scaled.jpg\" alt=\"DSC_0314\" itemprop=\"image\" height=\"1707\" width=\"2560\" title=\"DSC_0314\" onerror=\"this.style.display='none'\"  \/>\n\t<p>Qu\u00e9 servicios ofrecemos:<\/p>\n<ul>\n<li>Informaci\u00f3n y tramitaci\u00f3n de los diferentes bonos sociales de electricidad, gas y agua.<\/li>\n<li>Comercializaci\u00f3n de energ\u00eda 100 % renovable por los socios de Vilawatt a trav\u00e9s de la compra colectiva.<\/li>\n<li>Servicio de an\u00e1lisis de tu factura el\u00e9ctrica y propuestas de mejoras para poder ahorrar dinero y energ\u00eda.<\/li>\n<li>Asesoramiento energ\u00e9tico para ahorrar energ\u00eda y dinero a trav\u00e9s de: cambio de h\u00e1bitos; medidas activas de eficiencia energ\u00e9tica de nuestros electrodom\u00e9sticos y rehabilitaci\u00f3n energ\u00e9tica de las viviendas.<\/li>\n<li>Asesoramiento sobre c\u00f3mo hacer instalaciones de autoconsumo fotovoltaico, individuales y colectivos.<\/li>\n<li>Asesoramiento sobre los beneficios fiscales si tomas medidas de??? rehabilitaci\u00f3n de eficiencia energ\u00e9tica, instalaciones solares y puntos de carga de veh\u00edculos el\u00e9ctricos.<\/li>\n<li>Informaci\u00f3n, promoci\u00f3n e implantaci\u00f3n de Comunidades Energ\u00e9ticas para poder compartir energ\u00eda renovable, m\u00e1s econ\u00f3mica y limpia, entre el Ayuntamiento, la ciudadan\u00eda, el comercio y las empresas de Viladecans.<\/li>\n<li>Servicio de coche el\u00e9ctrico compartido con la cooperativa Som Mobilitat.<\/li>\n<li>Talleres y charlas sobre cultura energ\u00e9tica.<\/li>\n<li>Informaci\u00f3n sobre las asociaciones ciudadanas y de empresas de Vilawatt.<\/li>\n<\/ul>\n<h2>\n\t\t\u00bfTIENES ALGUNA PREGUNTA?<br \/>\n\t<\/h2>\n\t<p>\u00a1Ahora tambi\u00e9n nos encontrar\u00e1s en WhatsApp! Env\u00edanos tu consulta al 666 43 72 49<\/p>\n\t<h2>Oficina Vilawatt<\/h2>\nC. del Doctor Reig, 81-83<br \/>\n08840 Viladecans\n<p>(Al lado del Mercado Municipal de la Constituci\u00f3)<\/p>\n<strong>Horario:<\/strong> de lunes a viernes de 9 a 13.30 y de 16 a 18.30 h<br \/>\n<strong>Tel\u00e9fono:<\/strong> 666 437 249<br \/>\n<strong>Correo electr\u00f3nico:<\/strong> <a href=\"mailto:holavilawatt@viladecans.cat\">holavilawatt@viladecans.cat<\/a>\n\t\t\t\t<a href=\"http:\/\/staticmapmaker.com\/\" target=\"_blank\" rel=\"noopener\" itemprop=\"url\">\n\t\t\t\t<img decoding=\"async\" src=\"https:\/\/vilawatt.cat\/wp-content\/uploads\/2022\/07\/vilawatt.jpg\" alt=\"vilawatt\" itemprop=\"image\" height=\"607\" width=\"1198\" title=\"vilawatt\" onerror=\"this.style.display='none'\"  \/>\n\t\t\t\t<\/a>\n\n","protected":false},"excerpt":{"rendered":"<div class=\"entry-summary\">\n<div class=\"entry-summary\">\nOFICINA VILAWATT Vilawatt Informaci\u00f3 es la oficina de la compa\u00f1\u00eda Vilawatt y, por lo tanto, el punto donde podr\u00e1s solicitar los diversos servicios de esta a medida que se pongan en marcha. Tendr\u00e1s que pasar por aqu\u00ed para darte de&hellip;\n<\/div>\n<div class=\"link-more\"><a href=\"https:\/\/vilawatt.cat\/es\/oficina-vilawatt\/\" class=\"more-link\">Continue reading<span class=\"screen-reader-text\"> &ldquo;\u00bfQu\u00e9 es y d\u00f3nde encontrar\u00e1s la Oficina Vilawatt?&rdquo;<\/span>&hellip;<\/a><\/div>\n<\/div>\n<div class=\"link-more\"><a href=\"https:\/\/vilawatt.cat\/es\/oficina-vilawatt\/\" class=\"more-link\">Continue reading<span class=\"screen-reader-text\"> &ldquo;\u00bfQu\u00e9 es y d\u00f3nde encontrar\u00e1s la Oficina Vilawatt?&rdquo;<\/span>&hellip;<\/a><\/div>\n","protected":false},"author":1,"featured_media":0,"parent":0,"menu_order":0,"comment_status":"closed","ping_status":"closed","template":"","meta":{"_acf_changed":false,"inline_featured_image":false,"footnotes":""},"class_list":["post-2168","page","type-page","status-publish","hentry","entry"],"acf":[],"_links":{"self":[{"href":"https:\/\/vilawatt.cat\/es\/wp-json\/wp\/v2\/pages\/2168","targetHints":{"allow":["GET"]}}],"collection":[{"href":"https:\/\/vilawatt.cat\/es\/wp-json\/wp\/v2\/pages"}],"about":[{"href":"https:\/\/vilawatt.cat\/es\/wp-json\/wp\/v2\/types\/page"}],"author":[{"embeddable":true,"href":"https:\/\/vilawatt.cat\/es\/wp-json\/wp\/v2\/users\/1"}],"replies":[{"embeddable":true,"href":"https:\/\/vilawatt.cat\/es\/wp-json\/wp\/v2\/comments?post=2168"}],"version-history":[{"count":2,"href":"https:\/\/vilawatt.cat\/es\/wp-json\/wp\/v2\/pages\/2168\/revisions"}],"predecessor-version":[{"id":3463,"href":"https:\/\/vilawatt.cat\/es\/wp-json\/wp\/v2\/pages\/2168\/revisions\/3463"}],"wp:attachment":[{"href":"https:\/\/vilawatt.cat\/es\/wp-json\/wp\/v2\/media?parent=2168"}],"curies":[{"name":"wp","href":"https:\/\/api.w.org\/{rel}","templated":true}]}}