{"id":2163,"date":"2022-11-08T10:09:38","date_gmt":"2022-11-08T09:09:38","guid":{"rendered":"https:\/\/vilawatt.cat\/la-moneda-vilawatt\/"},"modified":"2025-12-01T08:51:54","modified_gmt":"2025-12-01T07:51:54","slug":"moneda","status":"publish","type":"page","link":"https:\/\/vilawatt.cat\/es\/moneda\/","title":{"rendered":"La moneda Vilawatt"},"content":{"rendered":"\n\n\t<h1>LA MONEDA VILAWATT<\/h1>\n\t<p>La moneda Vilawatt es una <strong>moneda local digital<\/strong> vinculada al <strong>comercio local<\/strong> y al <strong>ahorro energ\u00e9tico<\/strong> que fomenta y dinamiza el <strong>consumo responsable y de proximidad<\/strong>.<\/p>\n<p>Si tienes dado de alta tu suministro energ\u00e9tico con el Consorcio Vilawatt, seguro que ya la conoces. Pero <strong>aunque no formes parte del Consorcio tambi\u00e9n puedes utilizar la moneda local<\/strong> y disfrutar de todas sus ventajas a la vez que impulsas el comercio de la ciudad. Adem\u00e1s, todos los pagos se hacen online y esto <strong>te permite pagar con m\u00e1s comodidad y seguridad<\/strong>.<\/p>\n<p>Vilawatt es una moneda local para <strong>promocionar el comercio y la econom\u00eda de proximidad<\/strong>. En la actualidad, m\u00e1s de <strong>200 establecimientos<\/strong> de toda Viladecans ya permiten el pago en euros-Vilawatts.<\/p>\n<p>Si tienes un establecimiento, \u00a1descubre c\u00f3mo hacer grande tu comercio con la moneda Vilawatt <a href=\"https:\/\/vilawatt.cat\/wp-content\/uploads\/2023\/01\/folder_def_cat.pdf\" target=\"_blank\" rel=\"noopener\"><u>aqu\u00ed<\/u><\/a>!<\/p>\n\t\t\t\t<img decoding=\"async\" src=\"https:\/\/vilawatt.cat\/wp-content\/uploads\/2022\/10\/moneda-vilawatt.png\" alt=\"moneda-vilawatt\" itemprop=\"image\" height=\"533\" width=\"802\" title=\"moneda-vilawatt\" onerror=\"this.style.display='none'\"  \/>\n<h2>\n\t\tSi ya sabes usar el m\u00f3vil, ya sabes utilizar el Vilawatt: \u00a1As\u00ed de f\u00e1cil!\n\t<\/h2>\n<p>Descarga ya la app y podr\u00e1s recargar tantos Vilawatts como quieras. Genial, \u00bfno?<\/p>\n\t<meta itemprop=\"name\" content=\"Com funciona l&#039;APP Vilawatt?\" \/><meta itemprop=\"uploadDate\" content=\"2023-01-02\" \/><meta itemprop=\"thumbnailUrl\" content=\"https:\/\/vilawatt.cat\/wp-content\/uploads\/2022\/10\/com-funciona-lapp.png\" \/><meta itemprop=\"description\" content=\"Com funciona l&#039;APP Vilawatt?\" \/><meta itemprop=\"contentUrl\" content=\"https:\/\/vilawatt.cat\/la-moneda-vilawatt\/\" \/><meta itemprop=\"embedUrl\" content=\"https:\/\/vilawatt.cat\/wp-content\/uploads\/2023\/01\/1675239.mp4\" \/><meta itemprop=\"url\" content=\"https:\/\/vilawatt.cat\/wp-content\/uploads\/2023\/01\/1675239.mp4\" \/><meta itemprop=\"thumbnail\" content=\"https:\/\/vilawatt.cat\/wp-content\/uploads\/2022\/10\/com-funciona-lapp.png\" \/><div style=\"width: 640px;\" class=\"wp-video\"><video class=\"wp-video-shortcode\" id=\"video-2163-1\" width=\"640\" height=\"360\" poster=\"https:\/\/vilawatt.cat\/wp-content\/uploads\/2022\/10\/com-funciona-lapp.png\" preload=\"none\" controls=\"controls\"><source type=\"video\/mp4\" src=\"https:\/\/vilawatt.cat\/wp-content\/uploads\/2023\/01\/1675239.mp4?_=1\" \/><a href=\"https:\/\/vilawatt.cat\/wp-content\/uploads\/2023\/01\/1675239.mp4\">https:\/\/vilawatt.cat\/wp-content\/uploads\/2023\/01\/1675239.mp4<\/a><\/video><\/div>\n\t<h2>PREGUNTAS FRECUENTES<\/h2>\n\t\t\t<a href=\"#\" id=\"fl-accordion--label-0\" tabindex=\"0\" aria-controls=\"fl-accordion--panel-0\">\u00bfQu\u00e9 es la moneda Vilawatt?<\/a>\n\t\t\t\t\t\t\t<a href=\"#\" id=\"fl-accordion--icon-0\" tabindex=\"0\" aria-controls=\"fl-accordion--panel-0\"><i>Expand<\/i><\/a>\n\t\t<p>Es un sistema de pagos digital de car\u00e1cter local y complementario que permite realizar pagos entre personas, entidades, comercios, empresas y administraciones p\u00fablicas.<\/p>\n<p>Es local porque s\u00f3lo puede usarse en Viladecans. Y es complementaria porque no pretende sustituir al euro, sino circular de forma paralela.<\/p>\n\t\t\t<a href=\"#\" id=\"fl-accordion--label-1\" tabindex=\"0\" aria-controls=\"fl-accordion--panel-1\">\u00bfQu\u00e9 valor tiene?<\/a>\n\t\t\t\t\t\t\t<a href=\"#\" id=\"fl-accordion--icon-1\" tabindex=\"0\" aria-controls=\"fl-accordion--panel-1\"><i>Expand<\/i><\/a>\n\t\t<p>El mismo que el euro. 1 Vilawatt = 1 Euro<\/p>\n\t\t\t<a href=\"#\" id=\"fl-accordion--label-2\" tabindex=\"0\" aria-controls=\"fl-accordion--panel-2\">\u00bfLa moneda local sustituye al euro?<\/a>\n\t\t\t\t\t\t\t<a href=\"#\" id=\"fl-accordion--icon-2\" tabindex=\"0\" aria-controls=\"fl-accordion--panel-2\"><i>Expand<\/i><\/a>\n\t\t<p>No, es un sistema complementario al pago con euros. La moneda local ayuda a los comercios de Viladecans a fidelizar clientes y facturar m\u00e1s, tanto en moneda local como en euros.<\/p>\n\t\t\t<a href=\"#\" id=\"fl-accordion--label-3\" tabindex=\"0\" aria-controls=\"fl-accordion--panel-3\">\u00bfC\u00f3mo puedo conseguir Vilawatts?<\/a>\n\t\t\t\t\t\t\t<a href=\"#\" id=\"fl-accordion--icon-3\" tabindex=\"0\" aria-controls=\"fl-accordion--panel-3\"><i>Expand<\/i><\/a>\n\t\t<p>Aunque no formes parte del Consorcio Vilawatt, tambi\u00e9n te puedes registrar como usuario de la Moneda Vilawatt y disfrutar de todo lo que te da, impulsando tu ciudad.<\/p>\n<p>Podr\u00e1s convertir euros en Vilawatts cuando quieras, por ejemplo para adherirte a promociones comerciales, a trav\u00e9s de la aplicaci\u00f3n m\u00f3vil de la moneda.<\/p>\n\t\t\t<a href=\"#\" id=\"fl-accordion--label-4\" tabindex=\"0\" aria-controls=\"fl-accordion--panel-4\">\u00bfC\u00f3mo circula la moneda local?<\/a>\n\t\t\t\t\t\t\t<a href=\"#\" id=\"fl-accordion--icon-4\" tabindex=\"0\" aria-controls=\"fl-accordion--panel-4\"><i>Expand<\/i><\/a>\n\t\t<p>Cuando un usuario o usuaria tiene un saldo de monedas Vilawatts, lo puede usar en cualquiera de los comercios o empresas adheridas, haciendo el pago con la aplicaci\u00f3n m\u00f3vil por el importe que corresponda.<\/p>\n<p>El comercio, que ha recibido al instante los Vilawatts, los puede usar para pagar a sus proveedores, las n\u00f3minas de sus trabajadores o las tasas municipales, por ejemplo. Y as\u00ed sucesivamente.<\/p>\n<p>S\u00f3lo es necesario que los receptores tambi\u00e9n sean usuarios de Vilawatt.<\/p>\n\t\t\t<a href=\"#\" id=\"fl-accordion--label-5\" tabindex=\"0\" aria-controls=\"fl-accordion--panel-5\">\u00bfC\u00f3mo se hacen los pagos y cobros con Vilawatts?<\/a>\n\t\t\t\t\t\t\t<a href=\"#\" id=\"fl-accordion--icon-5\" tabindex=\"0\" aria-controls=\"fl-accordion--panel-5\"><i>Expand<\/i><\/a>\n\t\t<p>Actualmente la Moneda Local Vilawatt es digital. Los pagos son transferencias de dinero desde la cuenta de un usuario A a la cuenta de un usuario B. Los pagos se pueden hacer con el tel\u00e9fono m\u00f3vil o tableta, mediante la app Vilawatt (disponible para IOS y Android).<\/p>\n\t\t\t<a href=\"#\" id=\"fl-accordion--label-6\" tabindex=\"0\" aria-controls=\"fl-accordion--panel-6\">\u00bfQu\u00e9 hay detr\u00e1s de la moneda local?<\/a>\n\t\t\t\t\t\t\t<a href=\"#\" id=\"fl-accordion--icon-6\" tabindex=\"0\" aria-controls=\"fl-accordion--panel-6\"><i>Expand<\/i><\/a>\n\t\t<p>El Vilawatt se basa en dinero electr\u00f3nico, que es el medio de pago digital con m\u00e1s seguridad jur\u00eddica hoy en d\u00eda. El dinero electr\u00f3nico tiene las mismas garant\u00edas legales y financieras que una cuenta corriente bancaria.<\/p>\n<div class=\"wm-call-to-action\"><div class=\"wm-call-to-action-content wm-call-to-action-element\"><div class=\"wm-call-to-action-caption wm-call-to-action-element\"><h2>\u00a1NO TE QUEDES CON NINGUNA DUDA SOBRE LA MONEDA!<\/h2><\/div><p>Moneda Vilawatt &#8211; \u00a0Preguntas frecuentes (docx_2_1 153.11 Kb )<\/div><div class=\"wm-call-to-action-button wm-call-to-action-element\"><a href=\"https:\/\/vilawatt.cat\/wp-content\/uploads\/2022\/07\/faqs_euros-vilawatt_ultima_versio_.docx_2_1.pdf\" class=\"wm-button button size-large\"><span class=\"icon-ion-document-text\" aria-hidden=\"true\"> <\/span>VER DOCUMENTO<\/a><\/div><\/div><div class=\"wm-call-to-action\"><div class=\"wm-call-to-action-content wm-call-to-action-element\"><div class=\"wm-call-to-action-caption wm-call-to-action-element\"><h2>DESC\u00c1RGATE LA APLICACI\u00d3N Y CONSULTA LOS ESTABLECIMIENTOS<\/h2><\/div>Play Store (Android) <\/div><div class=\"wm-call-to-action-button wm-call-to-action-element\"><a href=\"https:\/\/play.google.com\/store\/apps\/details?id=com.ubiquat.vilawattcyclos\" class=\"wm-button button size-large\"><span class=\"icon-ion-link\" aria-hidden=\"true\"> <\/span>ABRIR ENLACE<\/a><\/div><\/div><div class=\"wm-call-to-action\"><div class=\"wm-call-to-action-content wm-call-to-action-element\"> App Store (iOS)<\/div><div class=\"wm-call-to-action-button wm-call-to-action-element\"><a href=\"https:\/\/apps.apple.com\/es\/app\/vilawatt\/id1474786523\" class=\"wm-button button size-large\"><span class=\"icon-ion-link\" aria-hidden=\"true\"> <\/span>ABRIR ENLACE<\/a><\/div><\/div><div class=\"wm-call-to-action\"><div class=\"wm-call-to-action-content wm-call-to-action-element\"><div class=\"wm-call-to-action-caption wm-call-to-action-element\"><h2>\u00a1APRENDE A UTILIZARLA!<\/h2><\/div>Gu\u00eda de uso de la app Vilawatt (pdf 875.61 Kb )<\/p><\/div><div class=\"wm-call-to-action-button wm-call-to-action-element\"><a href=\"https:\/\/vilawatt.cat\/wp-content\/uploads\/2022\/07\/guia_dus_app_vilawatt_ultima_versio_1.pdf\" class=\"wm-button button size-large\"><span class=\"icon-ion-document-text\" aria-hidden=\"true\"> <\/span>VER DOCUMENTO<\/a><\/div><\/div><h2>\n\t\t\u00bfTienes dudas?<br \/>\n\t<\/h2>\n\t<p>\u00a1Contacta con el equip de Moneda Vilawatt!<\/p>\n\t<strong>Correo electr\u00f3nico:<\/strong> <a href=\"mailto:moneda@viladecans.cat\" target=\"_blank\" rel=\"noopener\">moneda@vilawatt.cat<\/a><br \/>\n<strong>Tel\u00e9fono:<\/strong>621 244 885<strong><br \/>\nAtenci\u00f3n presencial:<\/strong> C. Doctor Reig, 81 (lunes-jueves 9-13:30 h y 16-18:30 h; viernes: 9-13.30 h)\n\t\t\t\t<img decoding=\"async\" src=\"https:\/\/vilawatt.cat\/wp-content\/uploads\/2022\/07\/vilawatt.jpg\" alt=\"vilawatt\" itemprop=\"image\" height=\"607\" width=\"1198\" title=\"vilawatt\" onerror=\"this.style.display='none'\"  \/>\n\n","protected":false},"excerpt":{"rendered":"<div class=\"entry-summary\">\n<div class=\"entry-summary\">\nLA MONEDA VILAWATT La moneda Vilawatt es una moneda local digital vinculada al comercio local y al ahorro energ\u00e9tico que fomenta y dinamiza el consumo responsable y de proximidad. Si tienes dado de alta tu suministro energ\u00e9tico con el Consorcio&hellip;\n<\/div>\n<div class=\"link-more\"><a href=\"https:\/\/vilawatt.cat\/es\/moneda\/\" class=\"more-link\">Continue reading<span class=\"screen-reader-text\"> &ldquo;La moneda Vilawatt&rdquo;<\/span>&hellip;<\/a><\/div>\n<\/div>\n<div class=\"link-more\"><a href=\"https:\/\/vilawatt.cat\/es\/moneda\/\" class=\"more-link\">Continue reading<span class=\"screen-reader-text\"> &ldquo;La moneda Vilawatt&rdquo;<\/span>&hellip;<\/a><\/div>\n","protected":false},"author":1,"featured_media":0,"parent":0,"menu_order":0,"comment_status":"closed","ping_status":"closed","template":"","meta":{"_acf_changed":false,"inline_featured_image":false,"footnotes":""},"class_list":["post-2163","page","type-page","status-publish","hentry","entry"],"acf":[],"_links":{"self":[{"href":"https:\/\/vilawatt.cat\/es\/wp-json\/wp\/v2\/pages\/2163","targetHints":{"allow":["GET"]}}],"collection":[{"href":"https:\/\/vilawatt.cat\/es\/wp-json\/wp\/v2\/pages"}],"about":[{"href":"https:\/\/vilawatt.cat\/es\/wp-json\/wp\/v2\/types\/page"}],"author":[{"embeddable":true,"href":"https:\/\/vilawatt.cat\/es\/wp-json\/wp\/v2\/users\/1"}],"replies":[{"embeddable":true,"href":"https:\/\/vilawatt.cat\/es\/wp-json\/wp\/v2\/comments?post=2163"}],"version-history":[{"count":3,"href":"https:\/\/vilawatt.cat\/es\/wp-json\/wp\/v2\/pages\/2163\/revisions"}],"predecessor-version":[{"id":4394,"href":"https:\/\/vilawatt.cat\/es\/wp-json\/wp\/v2\/pages\/2163\/revisions\/4394"}],"wp:attachment":[{"href":"https:\/\/vilawatt.cat\/es\/wp-json\/wp\/v2\/media?parent=2163"}],"curies":[{"name":"wp","href":"https:\/\/api.w.org\/{rel}","templated":true}]}}