{"id":2162,"date":"2017-03-09T15:20:56","date_gmt":"2017-03-09T14:20:56","guid":{"rendered":"https:\/\/vilawatt.cat\/inicio\/"},"modified":"2026-01-30T14:45:18","modified_gmt":"2026-01-30T13:45:18","slug":"home","status":"publish","type":"page","link":"https:\/\/vilawatt.cat\/es\/","title":{"rendered":"Inici"},"content":{"rendered":"\n<h2>\n\t\t<a href=\"https:\/\/vilawatt.cat\/es\/actualidad\/noticias-vilawatt-y-transicion-energetica\/\" title=\"\u00daltimes novetats\" target=\"_self\" rel=\"noopener\">\n\t\t\u00daltimes novetats\n\t\t<\/a>\n\t<\/h2>\n\t<iframe title=\"Omple&#039;t d&#039;energia amb el projecte Vilawatt!\" width=\"1200\" height=\"675\" src=\"https:\/\/www.youtube.com\/embed\/EPVy93aMZZc?feature=oembed\" frameborder=\"0\" allow=\"accelerometer; autoplay; clipboard-write; encrypted-media; gyroscope; picture-in-picture; web-share\" allowfullscreen><\/iframe>\n<h2>\n\t\tLa revoluci\u00f3 energ\u00e8tica renovable i ciutadana de Viladecans\n\t<\/h2>\n\t<p><b>Vilawatt \u00e9s el nom del proc\u00e9s local de Transici\u00f3 energ\u00e8tica renovable<\/b>, que impulsa el canvi de model energ\u00e8tic basat en energies f\u00f2ssils i nuclears per un altre nou model basat en energies descarbonitzades, renovables, properes i amb major participaci\u00f3 de la ciutadania, amb els objectius de lluitar contra el canvi clim\u00e0tic i fer m\u00e9s habitable la nostra ciutat.<\/p>\n\t\t\t<a href=\"https:\/\/vilawatt.cat\/es\/que-som\/la-transicion-energetica-renovable-de-viladecans\/\" target=\"_self\" role=\"button\" rel=\"noopener\">\n\t\t\t\t\t\t\tsaber m\u00e9s\n\t\t\t<\/a>\n\t\t\t\t<a href=\"https:\/\/vilawatt.cat\/es\/que-som\/como-nos-organizamos\/\" target=\"_self\" itemprop=\"url\" rel=\"noopener\">\n\t\t\t\t<img decoding=\"async\" src=\"https:\/\/vilawatt.cat\/wp-content\/uploads\/2023\/01\/Que-som-744x496.jpg\" alt=\"Qu\u00e8 som\" itemprop=\"image\" height=\"496\" width=\"744\" title=\"Qu\u00e8 som\" onerror=\"this.style.display='none'\"  \/>\n\t\t\t\t<\/a>\n<h3>\n\t\t<a href=\"https:\/\/vilawatt.cat\/es\/que-som\/como-nos-organizamos\/\" title=\"La ciutadania protagonista de Vilawatt\" target=\"_self\" rel=\"noopener\">\n\t\tLa ciutadania protagonista de Vilawatt\n\t\t<\/a>\n\t<\/h3>\n\t<p>Estem en un canvi de model energ\u00e8tic. El de sempre, <strong>ha de passar a la hist\u00f2ria<\/strong>. D&#8217;un m\u00f3n que es mou amb energia f\u00f2ssil contaminant hem de canviar a un m\u00f3n i ciutats que es bellugui amb energia neta, renovable i assequible per a tothom.<\/p>\n\t\t\t\t<a href=\"https:\/\/vilawatt.cat\/moneda\/\" target=\"_self\" itemprop=\"url\" rel=\"noopener\">\n\t\t\t\t<img decoding=\"async\" src=\"https:\/\/vilawatt.cat\/wp-content\/uploads\/2023\/01\/Moneda-Vilawatt-5-744x496.jpg\" alt=\"Moneda Vilawatt 5\" itemprop=\"image\" height=\"496\" width=\"744\" title=\"Moneda Vilawatt 5\" onerror=\"this.style.display='none'\"  \/>\n\t\t\t\t<\/a>\n<h3>\n\t\t<a href=\"https:\/\/vilawatt.cat\/moneda\/\" title=\"Compra amb la moneda local de Viladecans\" target=\"_self\" rel=\"noopener\">\n\t\tCompra amb la moneda local de Viladecans\n\t\t<\/a>\n\t<\/h3>\n\t<p>Els Vilawatts s\u00f3n una moneda local per <strong>promocionar el comer\u00e7 i l&#8217;economia de proximitat<\/strong>. En l&#8217;actualitat, m\u00e9s de <strong>200 establiments<\/strong> de tot Viladecans ja permeten el pagament en euros-Vilawatts.<\/p>\n<h1>\n\t\tGRATIS PER A TU!\n\t<\/h1>\n\t<p>Demana els teus estudis personalitzats d&#8217;optimitzaci\u00f3 de la factura i d&#8217;oportunitat d&#8217;autoconsum<\/p>\n\t\t\t<a href=\"https:\/\/vilawatt.cat\/es\/oficina-vilawatt\/servicios-energeticos\/\" target=\"_self\" role=\"button\" rel=\"noopener\">\n\t\t\t\t\t\t\tVULL SABER M\u00c9S\n\t\t\t<\/a>\n\t\t\t\t<img decoding=\"async\" src=\"https:\/\/vilawatt.cat\/wp-content\/uploads\/2023\/01\/banner-vilawatt.png\" alt=\"banner-vilawatt\" itemprop=\"image\" height=\"500\" width=\"343\" title=\"banner-vilawatt\" onerror=\"this.style.display='none'\"  \/>\n\n","protected":false},"excerpt":{"rendered":"<div class=\"entry-summary\">\n<div class=\"entry-summary\">\n\u00daltimes novetats La revoluci\u00f3 energ\u00e8tica renovable i ciutadana de Viladecans Vilawatt \u00e9s el nom del proc\u00e9s local de Transici\u00f3 energ\u00e8tica renovable, que impulsa el canvi de model energ\u00e8tic basat en energies f\u00f2ssils i nuclears per un altre nou model basat&hellip;\n<\/div>\n<div class=\"link-more\"><a href=\"https:\/\/vilawatt.cat\/es\/\" class=\"more-link\">Continue reading<span class=\"screen-reader-text\"> &ldquo;Inici&rdquo;<\/span>&hellip;<\/a><\/div>\n<\/div>\n<div class=\"link-more\"><a href=\"https:\/\/vilawatt.cat\/es\/\" class=\"more-link\">Continue reading<span class=\"screen-reader-text\"> &ldquo;Inici&rdquo;<\/span>&hellip;<\/a><\/div>\n","protected":false},"author":1,"featured_media":0,"parent":0,"menu_order":0,"comment_status":"closed","ping_status":"closed","template":"templates\/child-pages.php","meta":{"_acf_changed":false,"inline_featured_image":false,"footnotes":""},"class_list":["post-2162","page","type-page","status-publish","hentry","entry"],"acf":[],"_links":{"self":[{"href":"https:\/\/vilawatt.cat\/es\/wp-json\/wp\/v2\/pages\/2162","targetHints":{"allow":["GET"]}}],"collection":[{"href":"https:\/\/vilawatt.cat\/es\/wp-json\/wp\/v2\/pages"}],"about":[{"href":"https:\/\/vilawatt.cat\/es\/wp-json\/wp\/v2\/types\/page"}],"author":[{"embeddable":true,"href":"https:\/\/vilawatt.cat\/es\/wp-json\/wp\/v2\/users\/1"}],"replies":[{"embeddable":true,"href":"https:\/\/vilawatt.cat\/es\/wp-json\/wp\/v2\/comments?post=2162"}],"version-history":[{"count":10,"href":"https:\/\/vilawatt.cat\/es\/wp-json\/wp\/v2\/pages\/2162\/revisions"}],"predecessor-version":[{"id":4524,"href":"https:\/\/vilawatt.cat\/es\/wp-json\/wp\/v2\/pages\/2162\/revisions\/4524"}],"wp:attachment":[{"href":"https:\/\/vilawatt.cat\/es\/wp-json\/wp\/v2\/media?parent=2162"}],"curies":[{"name":"wp","href":"https:\/\/api.w.org\/{rel}","templated":true}]}}